{"id":4215,"date":"2022-01-03T10:29:25","date_gmt":"2022-01-03T10:29:25","guid":{"rendered":"https:\/\/pansion-riviera-silo.com\/silo-apartmani\/"},"modified":"2023-01-12T10:22:57","modified_gmt":"2023-01-12T10:22:57","slug":"silo-apartmani","status":"publish","type":"page","link":"https:\/\/pansion-riviera-silo.com\/hr\/silo-apartmani\/","title":{"rendered":"Silo apartmani"},"content":{"rendered":"<div class=\"wpb-content-wrapper\"><p>[vc_row css=&#8221;.vc_custom_1635774623031{padding-top: 70px !important;background-position: center !important;background-repeat: no-repeat !important;background-size: cover !important;}&#8221;][vc_column width=&#8221;1\/2&#8243; css=&#8221;.vc_custom_1635771327965{background-position: center !important;background-repeat: no-repeat !important;background-size: cover !important;}&#8221;][vc_empty_space height=&#8221;50px&#8221;]<div class=\"text-block \" ><div class=\"simple-text \"><h5 class=\"inn-title__name\"><span style=\"color: #ff9900;\">Pension Riviera-\u0160ilo SMJE\u0160TAJ<\/span><\/h5>\n<\/div><\/div><div class=\"text-block \" ><div class=\"simple-text \"><h2 class=\"font-intro\"><strong>Elitni<\/strong> <strong>Apartmani<\/strong><\/h2>\n<p>Pansion Riviera-\u0160ilo nudi smje\u0161taj s restoranom, besplatnim privatnim parkingom, vanjskim bazenom i barom. Svaki smje\u0161taj u ovom hotelu s 4 zvjezdice ima pogled na vrt, a gosti mogu u\u017eivati \u200b\u200bu pristupu vrtu i terasi.<\/p>\n<\/div><\/div>[vc_empty_space][vc_row_inner content_placement=&#8221;middle&#8221;][vc_column_inner width=&#8221;1\/6&#8243;][vc_single_image image=&#8221;3632&#8243; img_size=&#8221;25 x 33&#8243; alignment=&#8221;center&#8221;][\/vc_column_inner][vc_column_inner width=&#8221;5\/6&#8243;]<div class=\"text-block \" ><div class=\"simple-text \"><p><span style=\"color: #ff9900;\"><a style=\"color: #ff9900;\" href=\"https:\/\/goo.gl\/maps\/LjjCRaqHXXWGYCSh9\">Pe\u0107ine 2, \u0160ilo, Croatia<\/a><\/span><\/p>\n<\/div><\/div>[\/vc_column_inner][\/vc_row_inner][vc_row_inner content_placement=&#8221;top&#8221;][vc_column_inner width=&#8221;1\/6&#8243;][vc_single_image image=&#8221;3635&#8243; img_size=&#8221;25 x 25&#8243; alignment=&#8221;center&#8221;][\/vc_column_inner][vc_column_inner width=&#8221;5\/6&#8243;]<div class=\"text-block \" ><div class=\"simple-text \"><p><span style=\"color: #ff9900;\"><a style=\"color: #ff9900;\" href=\"tel:+385%2099%20430%201621\">+385 99 430 1621<\/a><\/span><\/p>\n<\/div><\/div>[\/vc_column_inner][\/vc_row_inner][\/vc_column][vc_column width=&#8221;1\/2&#8243;][vc_single_image image=&#8221;4291&#8243; img_size=&#8221;full&#8221;][\/vc_column][\/vc_row][vc_row full_width=&#8221;stretch_row_content&#8221; gap=&#8221;10&#8243; content_placement=&#8221;middle&#8221; css=&#8221;.vc_custom_1635776020859{padding-top: 20px !important;padding-right: 20px !important;padding-bottom: 20px !important;padding-left: 20px !important;background-color: #f1f4f7 !important;}&#8221;][vc_column width=&#8221;3\/6&#8243;][vc_custom_heading text=&#8221;\u0160ilo apartmani&#8221;]<div class=\"text-block \" ><div class=\"simple-text \"><p><strong>Veli\u010dina apartmana<\/strong><strong>75 m\u00b2 | <\/strong> <img loading=\"lazy\" decoding=\"async\" class=\"alignnone wp-image-3108 size-full\" src=\"https:\/\/pansion-riviera-silo.com\/wp-content\/uploads\/2020\/03\/wifi-line-e1585509962518.png\" alt=\"\" width=\"30\" height=\"30\" \/> <strong>Besplatan WiFi! | <img loading=\"lazy\" decoding=\"async\" class=\"alignnone wp-image-3110 size-full\" src=\"https:\/\/pansion-riviera-silo.com\/wp-content\/uploads\/2020\/03\/parking-signs-e1585509991770.png\" alt=\"\" width=\"30\" height=\"30\" \/> Besplatno parkiranje<\/strong><\/p>\n<p>Ovi apartmani imaju parking,balkon,uz pje\u0161\u0107anu pla\u017eu,klime,dvije spava\u0107e sobe,dnevni boravak,kuhinja,blagavaona,toilet,tu\u0161 sobu sa ve\u0161 ma\u0161inom,peglu,dasku za peglanje,kuhalo,toster,gril,opremljenu kuhinju,tv,internet,ru\u010dnike,posteljine.<\/p>\n<div><\/div>\n<div>Apartmani 4 ili 4\u00a0+ 1 ili 4\u00a0+ 2\u00a0 .<\/div>\n<\/div><\/div><div  class=\"block mb-0 block--image-gallery\"><div class=\"block__content\"><div class=\"image-gallery\"><div class=\"image-gallery__main\"><div class=\"image-gallery__item\"><img decoding=\"async\" src=\"https:\/\/pansion-riviera-silo.com\/wp-content\/uploads\/2022\/01\/Silo-KRK-001-748x400.jpg\" alt=\"\"><\/div><div class=\"image-gallery__item\"><img decoding=\"async\" src=\"https:\/\/pansion-riviera-silo.com\/wp-content\/uploads\/2022\/01\/Silo-KRK-012-748x400.jpg\" alt=\"\"><\/div><div class=\"image-gallery__item\"><img decoding=\"async\" src=\"https:\/\/pansion-riviera-silo.com\/wp-content\/uploads\/2022\/01\/Silo-KRK-015-748x400.jpg\" alt=\"\"><\/div><div class=\"image-gallery__item\"><img decoding=\"async\" src=\"https:\/\/pansion-riviera-silo.com\/wp-content\/uploads\/2022\/04\/20220306_152101-748x400.jpg\" alt=\"\"><\/div><div class=\"image-gallery__item\"><img decoding=\"async\" src=\"https:\/\/pansion-riviera-silo.com\/wp-content\/uploads\/2022\/04\/20220306_152153-748x400.jpg\" alt=\"\"><\/div><div class=\"image-gallery__item\"><img decoding=\"async\" src=\"https:\/\/pansion-riviera-silo.com\/wp-content\/uploads\/2022\/04\/20220306_152506-748x400.jpg\" alt=\"\"><\/div><div class=\"image-gallery__item\"><img decoding=\"async\" src=\"https:\/\/pansion-riviera-silo.com\/wp-content\/uploads\/2022\/04\/20220306_152257-748x400.jpg\" alt=\"\"><\/div><div class=\"image-gallery__item\"><img decoding=\"async\" src=\"https:\/\/pansion-riviera-silo.com\/wp-content\/uploads\/2022\/04\/20220306_152410-748x400.jpg\" alt=\"\"><\/div><div class=\"image-gallery__item\"><img decoding=\"async\" src=\"https:\/\/pansion-riviera-silo.com\/wp-content\/uploads\/2022\/04\/20220306_152326-748x400.jpg\" alt=\"\"><\/div><div class=\"image-gallery__item\"><img decoding=\"async\" src=\"https:\/\/pansion-riviera-silo.com\/wp-content\/uploads\/2022\/04\/20220306_152212-748x400.jpg\" alt=\"\"><\/div><div class=\"image-gallery__item\"><img decoding=\"async\" src=\"https:\/\/pansion-riviera-silo.com\/wp-content\/uploads\/2022\/02\/DJI_0030-748x400.jpg\" alt=\"\"><\/div><div class=\"image-gallery__item\"><img decoding=\"async\" src=\"https:\/\/pansion-riviera-silo.com\/wp-content\/uploads\/2022\/02\/DJI_0027-748x400.jpg\" alt=\"\"><\/div><\/div><ul class=\"image-gallery__thumbs\"><li class=\"image-gallery__thumb\"><button class=\"image-gallery__button\"><img decoding=\"async\" src=\"https:\/\/pansion-riviera-silo.com\/wp-content\/uploads\/2022\/01\/Silo-KRK-001-178x95.jpg\" alt=\"\"><\/button><\/li><li class=\"image-gallery__thumb\"><button class=\"image-gallery__button\"><img decoding=\"async\" src=\"https:\/\/pansion-riviera-silo.com\/wp-content\/uploads\/2022\/01\/Silo-KRK-012-178x95.jpg\" alt=\"\"><\/button><\/li><li class=\"image-gallery__thumb\"><button class=\"image-gallery__button\"><img decoding=\"async\" src=\"https:\/\/pansion-riviera-silo.com\/wp-content\/uploads\/2022\/01\/Silo-KRK-015-178x95.jpg\" alt=\"\"><\/button><\/li><li class=\"image-gallery__thumb\"><button class=\"image-gallery__button\"><img decoding=\"async\" src=\"https:\/\/pansion-riviera-silo.com\/wp-content\/uploads\/2022\/04\/20220306_152101-178x95.jpg\" alt=\"\"><\/button><\/li><li class=\"image-gallery__thumb\"><button class=\"image-gallery__button\"><img decoding=\"async\" src=\"https:\/\/pansion-riviera-silo.com\/wp-content\/uploads\/2022\/04\/20220306_152153-178x95.jpg\" alt=\"\"><\/button><\/li><li class=\"image-gallery__thumb\"><button class=\"image-gallery__button\"><img decoding=\"async\" src=\"https:\/\/pansion-riviera-silo.com\/wp-content\/uploads\/2022\/04\/20220306_152506-178x95.jpg\" alt=\"\"><\/button><\/li><li class=\"image-gallery__thumb\"><button class=\"image-gallery__button\"><img decoding=\"async\" src=\"https:\/\/pansion-riviera-silo.com\/wp-content\/uploads\/2022\/04\/20220306_152257-178x95.jpg\" alt=\"\"><\/button><\/li><li class=\"image-gallery__thumb\"><button class=\"image-gallery__button\"><img decoding=\"async\" src=\"https:\/\/pansion-riviera-silo.com\/wp-content\/uploads\/2022\/04\/20220306_152410-178x95.jpg\" alt=\"\"><\/button><\/li><li class=\"image-gallery__thumb\"><button class=\"image-gallery__button\"><img decoding=\"async\" src=\"https:\/\/pansion-riviera-silo.com\/wp-content\/uploads\/2022\/04\/20220306_152326-178x95.jpg\" alt=\"\"><\/button><\/li><li class=\"image-gallery__thumb\"><button class=\"image-gallery__button\"><img decoding=\"async\" src=\"https:\/\/pansion-riviera-silo.com\/wp-content\/uploads\/2022\/04\/20220306_152212-178x95.jpg\" alt=\"\"><\/button><\/li><li class=\"image-gallery__thumb\"><button class=\"image-gallery__button\"><img decoding=\"async\" src=\"https:\/\/pansion-riviera-silo.com\/wp-content\/uploads\/2022\/02\/DJI_0030-178x95.jpg\" alt=\"\"><\/button><\/li><li class=\"image-gallery__thumb\"><button class=\"image-gallery__button\"><img decoding=\"async\" src=\"https:\/\/pansion-riviera-silo.com\/wp-content\/uploads\/2022\/02\/DJI_0027-178x95.jpg\" alt=\"\"><\/button><\/li><\/ul><\/div><\/div><\/div>[vc_empty_space]<div class=\"text-left\"><a  class=\"btn btn--md btn--normal\" href=\"https:\/\/live.ipms247.com\/booking\/book-rooms-pensionzebairiviera-hr-Croatian\" title=\"button\" target=\"_self\">Rezervirajte sada<\/a><\/div>[\/vc_column][vc_column width=&#8221;1\/6&#8243;]<div class=\"text-block \" ><div class=\"simple-text \"><p><strong>U va\u0161oj privatnoj kupaonici:<\/strong><\/p>\n<\/div><\/div><ul  class=\"list mb-0 list--check\"><li class=\"list__item\">Besplatne toaletne potrep\u0161tine<\/li><li class=\"list__item\"> Toalet<\/li><li class=\"list__item\">Kupatilo ili tu\u0161<\/li><li class=\"list__item\">Ru\u010dnici<\/li><li class=\"list__item\">Spa kada<\/li><li class=\"list__item\">Su\u0161ilo za kosu<\/li><li class=\"list__item\">Ru\u010dnici\/posteljina (uz nadoplatu)<\/li><li class=\"list__item\">Toaletni papir<\/li><\/ul><div class=\"text-block \" ><div class=\"simple-text \"><p><strong>Pogled:<\/strong><\/p>\n<\/div><\/div><ul  class=\"list mb-0 list--check\"><li class=\"list__item\">Pogled na more<\/li><li class=\"list__item\">Pogled na vrt<\/li><li class=\"list__item\">Pogled na bazen<\/li><li class=\"list__item\">Pogled na grad<\/li><li class=\"list__item\">Pogled na dvori\u0161te<\/li><\/ul>[\/vc_column][vc_column width=&#8221;1\/6&#8243;]<div class=\"text-block \" ><div class=\"simple-text \"><p><strong>Oprema sobe:<\/strong><\/p>\n<\/div><\/div><ul  class=\"list mb-0 list--check\"><li class=\"list__item\">Gornjim katovima se pristupa samo stepenicama<\/li><li class=\"list__item\">Ekstra dugi kreveti (&gt; 2 metra)<\/li><li class=\"list__item\">Ugradbeni ormar<\/li><li class=\"list__item\">Ormar<\/li><li class=\"list__item\">Klimatizacija<\/li><li class=\"list__item\">Sef<\/li><li class=\"list__item\">Pod od plo\u010dica\/mramora<\/li><li class=\"list__item\">Mre\u017ea za komarce<\/li><li class=\"list__item\">Gla\u010dalo<\/li><li class=\"list__item\">Grijanje<\/li><li class=\"list__item\">Ventilator<\/li><li class=\"list__item\">Tepih<\/li><li class=\"list__item\">Detektor uglji\u010dnog monoksida<\/li><li class=\"list__item\">Stol<\/li><\/ul>[\/vc_column][vc_column width=&#8221;1\/6&#8243;]<ul  class=\"list mb-0 list--check\"><li class=\"list__item\">Prostor za sjedenje<\/li><li class=\"list__item\"> TV<\/li><li class=\"list__item\">Satelitski kanali<\/li><li class=\"list__item\">TV ravnog ekrana<\/li><li class=\"list__item\">Kabelski kanali<\/li><li class=\"list__item\">Terasa<\/li><li class=\"list__item\">Otvoreno dvori\u0161te<\/li><li class=\"list__item\">Privatni bazen<\/li><li class=\"list__item\">Pro\u010di\u0161\u0107iva\u010di zraka<\/li><li class=\"list__item\">Uti\u010dnica u blizini kreveta<\/li><li class=\"list__item\">Stalak za odje\u0107u<\/li><\/ul>[\/vc_column][\/vc_row]<\/p>\n<\/div>","protected":false},"excerpt":{"rendered":"<p>[vc_row css=&#8221;.vc_custom_1635774623031{padding-top: 70px !important;background-position: center !important;background-repeat: no-repeat !important;background-size: cover !important;}&#8221;][vc_column width=&#8221;1\/2&#8243; css=&#8221;.vc_custom_1635771327965{background-position: center !important;background-repeat: no-repeat !important;background-size: cover !important;}&#8221;][vc_empty_space height=&#8221;50px&#8221;][vc_empty_space][vc_row_inner content_placement=&#8221;middle&#8221;][vc_column_inner width=&#8221;1\/6&#8243;][vc_single_image image=&#8221;3632&#8243; img_size=&#8221;25 x 33&#8243; alignment=&#8221;center&#8221;][\/vc_column_inner][vc_column_inner width=&#8221;5\/6&#8243;][\/vc_column_inner][\/vc_row_inner][vc_row_inner content_placement=&#8221;top&#8221;][vc_column_inner width=&#8221;1\/6&#8243;][vc_single_image image=&#8221;3635&#8243; img_size=&#8221;25 x 25&#8243; alignment=&#8221;center&#8221;][\/vc_column_inner][vc_column_inner width=&#8221;5\/6&#8243;][\/vc_column_inner][\/vc_row_inner][\/vc_column][vc_column width=&#8221;1\/2&#8243;][vc_single_image image=&#8221;4291&#8243; img_size=&#8221;full&#8221;][\/vc_column][\/vc_row][vc_row full_width=&#8221;stretch_row_content&#8221; gap=&#8221;10&#8243; content_placement=&#8221;middle&#8221; css=&#8221;.vc_custom_1635776020859{padding-top: 20px !important;padding-right: 20px !important;padding-bottom: 20px !important;padding-left: 20px !important;background-color: #f1f4f7 !important;}&#8221;][vc_column width=&#8221;3\/6&#8243;][vc_custom_heading text=&#8221;\u0160ilo apartmani&#8221;][vc_empty_space][\/vc_column][vc_column [&hellip;]<\/p>\n","protected":false},"author":1,"featured_media":0,"parent":0,"menu_order":0,"comment_status":"closed","ping_status":"closed","template":"","meta":{"footnotes":""},"class_list":["post-4215","page","type-page","status-publish","hentry"],"yoast_head":"<!-- This site is optimized with the Yoast SEO plugin v27.5 - https:\/\/yoast.com\/product\/yoast-seo-wordpress\/ -->\n<title>Silo apartmani - Pension Riviera \u0160ilo<\/title>\n<meta name=\"description\" content=\"In the island place \u0160ilo, having a picturesque position in the Kvarner bay, you can enjoy you holiday only 50 meters apart from the romantic harbour.\" \/>\n<meta name=\"robots\" content=\"index, follow, max-snippet:-1, max-image-preview:large, max-video-preview:-1\" \/>\n<link rel=\"canonical\" href=\"https:\/\/pansion-riviera-silo.com\/hr\/silo-apartmani\/\" \/>\n<meta property=\"og:locale\" content=\"hr_HR\" \/>\n<meta property=\"og:type\" content=\"article\" \/>\n<meta property=\"og:title\" content=\"Silo apartmani - Pension Riviera \u0160ilo\" \/>\n<meta property=\"og:description\" content=\"In the island place \u0160ilo, having a picturesque position in the Kvarner bay, you can enjoy you holiday only 50 meters apart from the romantic harbour.\" \/>\n<meta property=\"og:url\" content=\"https:\/\/pansion-riviera-silo.com\/hr\/silo-apartmani\/\" \/>\n<meta property=\"og:site_name\" content=\"Pension Riviera \u0160ilo\" \/>\n<meta property=\"article:modified_time\" content=\"2023-01-12T10:22:57+00:00\" \/>\n<meta property=\"og:image\" content=\"https:\/\/pansion-riviera-silo.com\/wp-content\/uploads\/2020\/03\/wifi-line-e1585509962518.png\" \/>\n<meta name=\"twitter:card\" content=\"summary_large_image\" \/>\n<meta name=\"twitter:label1\" content=\"Procijenjeno vrijeme \u010ditanja\" \/>\n\t<meta name=\"twitter:data1\" content=\"2 minute\" \/>\n<script type=\"application\/ld+json\" class=\"yoast-schema-graph\">{\"@context\":\"https:\\\/\\\/schema.org\",\"@graph\":[{\"@type\":\"WebPage\",\"@id\":\"https:\\\/\\\/pansion-riviera-silo.com\\\/hr\\\/silo-apartmani\\\/\",\"url\":\"https:\\\/\\\/pansion-riviera-silo.com\\\/hr\\\/silo-apartmani\\\/\",\"name\":\"Silo apartmani - Pension Riviera \u0160ilo\",\"isPartOf\":{\"@id\":\"https:\\\/\\\/pansion-riviera-silo.com\\\/hr\\\/#website\"},\"primaryImageOfPage\":{\"@id\":\"https:\\\/\\\/pansion-riviera-silo.com\\\/hr\\\/silo-apartmani\\\/#primaryimage\"},\"image\":{\"@id\":\"https:\\\/\\\/pansion-riviera-silo.com\\\/hr\\\/silo-apartmani\\\/#primaryimage\"},\"thumbnailUrl\":\"https:\\\/\\\/pansion-riviera-silo.com\\\/wp-content\\\/uploads\\\/2020\\\/03\\\/wifi-line-e1585509962518.png\",\"datePublished\":\"2022-01-03T10:29:25+00:00\",\"dateModified\":\"2023-01-12T10:22:57+00:00\",\"description\":\"In the island place \u0160ilo, having a picturesque position in the Kvarner bay, you can enjoy you holiday only 50 meters apart from the romantic harbour.\",\"breadcrumb\":{\"@id\":\"https:\\\/\\\/pansion-riviera-silo.com\\\/hr\\\/silo-apartmani\\\/#breadcrumb\"},\"inLanguage\":\"hr\",\"potentialAction\":[{\"@type\":\"ReadAction\",\"target\":[\"https:\\\/\\\/pansion-riviera-silo.com\\\/hr\\\/silo-apartmani\\\/\"]}]},{\"@type\":\"ImageObject\",\"inLanguage\":\"hr\",\"@id\":\"https:\\\/\\\/pansion-riviera-silo.com\\\/hr\\\/silo-apartmani\\\/#primaryimage\",\"url\":\"https:\\\/\\\/pansion-riviera-silo.com\\\/wp-content\\\/uploads\\\/2020\\\/03\\\/wifi-line-e1585509962518.png\",\"contentUrl\":\"https:\\\/\\\/pansion-riviera-silo.com\\\/wp-content\\\/uploads\\\/2020\\\/03\\\/wifi-line-e1585509962518.png\"},{\"@type\":\"BreadcrumbList\",\"@id\":\"https:\\\/\\\/pansion-riviera-silo.com\\\/hr\\\/silo-apartmani\\\/#breadcrumb\",\"itemListElement\":[{\"@type\":\"ListItem\",\"position\":1,\"name\":\"Home\",\"item\":\"https:\\\/\\\/pansion-riviera-silo.com\\\/hr\\\/\"},{\"@type\":\"ListItem\",\"position\":2,\"name\":\"Silo apartmani\"}]},{\"@type\":\"WebSite\",\"@id\":\"https:\\\/\\\/pansion-riviera-silo.com\\\/hr\\\/#website\",\"url\":\"https:\\\/\\\/pansion-riviera-silo.com\\\/hr\\\/\",\"name\":\"Pension Riviera \u0160ilo\",\"description\":\"Pension Riviera \u0160ilo\",\"publisher\":{\"@id\":\"https:\\\/\\\/pansion-riviera-silo.com\\\/hr\\\/#organization\"},\"potentialAction\":[{\"@type\":\"SearchAction\",\"target\":{\"@type\":\"EntryPoint\",\"urlTemplate\":\"https:\\\/\\\/pansion-riviera-silo.com\\\/hr\\\/?s={search_term_string}\"},\"query-input\":{\"@type\":\"PropertyValueSpecification\",\"valueRequired\":true,\"valueName\":\"search_term_string\"}}],\"inLanguage\":\"hr\"},{\"@type\":\"Organization\",\"@id\":\"https:\\\/\\\/pansion-riviera-silo.com\\\/hr\\\/#organization\",\"name\":\"Pension Riviera \u0160ilo\",\"url\":\"https:\\\/\\\/pansion-riviera-silo.com\\\/hr\\\/\",\"logo\":{\"@type\":\"ImageObject\",\"inLanguage\":\"hr\",\"@id\":\"https:\\\/\\\/pansion-riviera-silo.com\\\/hr\\\/#\\\/schema\\\/logo\\\/image\\\/\",\"url\":\"https:\\\/\\\/pansion-riviera-silo.com\\\/wp-content\\\/uploads\\\/2020\\\/03\\\/a468c7_babd01d2a3984a3d911e0ace03187d68_mv2.png\",\"contentUrl\":\"https:\\\/\\\/pansion-riviera-silo.com\\\/wp-content\\\/uploads\\\/2020\\\/03\\\/a468c7_babd01d2a3984a3d911e0ace03187d68_mv2.png\",\"width\":86,\"height\":74,\"caption\":\"Pension Riviera \u0160ilo\"},\"image\":{\"@id\":\"https:\\\/\\\/pansion-riviera-silo.com\\\/hr\\\/#\\\/schema\\\/logo\\\/image\\\/\"}}]}<\/script>\n<!-- \/ Yoast SEO plugin. -->","yoast_head_json":{"title":"Silo apartmani - Pension Riviera \u0160ilo","description":"In the island place \u0160ilo, having a picturesque position in the Kvarner bay, you can enjoy you holiday only 50 meters apart from the romantic harbour.","robots":{"index":"index","follow":"follow","max-snippet":"max-snippet:-1","max-image-preview":"max-image-preview:large","max-video-preview":"max-video-preview:-1"},"canonical":"https:\/\/pansion-riviera-silo.com\/hr\/silo-apartmani\/","og_locale":"hr_HR","og_type":"article","og_title":"Silo apartmani - Pension Riviera \u0160ilo","og_description":"In the island place \u0160ilo, having a picturesque position in the Kvarner bay, you can enjoy you holiday only 50 meters apart from the romantic harbour.","og_url":"https:\/\/pansion-riviera-silo.com\/hr\/silo-apartmani\/","og_site_name":"Pension Riviera \u0160ilo","article_modified_time":"2023-01-12T10:22:57+00:00","og_image":[{"url":"https:\/\/pansion-riviera-silo.com\/wp-content\/uploads\/2020\/03\/wifi-line-e1585509962518.png","type":"","width":"","height":""}],"twitter_card":"summary_large_image","twitter_misc":{"Procijenjeno vrijeme \u010ditanja":"2 minute"},"schema":{"@context":"https:\/\/schema.org","@graph":[{"@type":"WebPage","@id":"https:\/\/pansion-riviera-silo.com\/hr\/silo-apartmani\/","url":"https:\/\/pansion-riviera-silo.com\/hr\/silo-apartmani\/","name":"Silo apartmani - Pension Riviera \u0160ilo","isPartOf":{"@id":"https:\/\/pansion-riviera-silo.com\/hr\/#website"},"primaryImageOfPage":{"@id":"https:\/\/pansion-riviera-silo.com\/hr\/silo-apartmani\/#primaryimage"},"image":{"@id":"https:\/\/pansion-riviera-silo.com\/hr\/silo-apartmani\/#primaryimage"},"thumbnailUrl":"https:\/\/pansion-riviera-silo.com\/wp-content\/uploads\/2020\/03\/wifi-line-e1585509962518.png","datePublished":"2022-01-03T10:29:25+00:00","dateModified":"2023-01-12T10:22:57+00:00","description":"In the island place \u0160ilo, having a picturesque position in the Kvarner bay, you can enjoy you holiday only 50 meters apart from the romantic harbour.","breadcrumb":{"@id":"https:\/\/pansion-riviera-silo.com\/hr\/silo-apartmani\/#breadcrumb"},"inLanguage":"hr","potentialAction":[{"@type":"ReadAction","target":["https:\/\/pansion-riviera-silo.com\/hr\/silo-apartmani\/"]}]},{"@type":"ImageObject","inLanguage":"hr","@id":"https:\/\/pansion-riviera-silo.com\/hr\/silo-apartmani\/#primaryimage","url":"https:\/\/pansion-riviera-silo.com\/wp-content\/uploads\/2020\/03\/wifi-line-e1585509962518.png","contentUrl":"https:\/\/pansion-riviera-silo.com\/wp-content\/uploads\/2020\/03\/wifi-line-e1585509962518.png"},{"@type":"BreadcrumbList","@id":"https:\/\/pansion-riviera-silo.com\/hr\/silo-apartmani\/#breadcrumb","itemListElement":[{"@type":"ListItem","position":1,"name":"Home","item":"https:\/\/pansion-riviera-silo.com\/hr\/"},{"@type":"ListItem","position":2,"name":"Silo apartmani"}]},{"@type":"WebSite","@id":"https:\/\/pansion-riviera-silo.com\/hr\/#website","url":"https:\/\/pansion-riviera-silo.com\/hr\/","name":"Pension Riviera \u0160ilo","description":"Pension Riviera \u0160ilo","publisher":{"@id":"https:\/\/pansion-riviera-silo.com\/hr\/#organization"},"potentialAction":[{"@type":"SearchAction","target":{"@type":"EntryPoint","urlTemplate":"https:\/\/pansion-riviera-silo.com\/hr\/?s={search_term_string}"},"query-input":{"@type":"PropertyValueSpecification","valueRequired":true,"valueName":"search_term_string"}}],"inLanguage":"hr"},{"@type":"Organization","@id":"https:\/\/pansion-riviera-silo.com\/hr\/#organization","name":"Pension Riviera \u0160ilo","url":"https:\/\/pansion-riviera-silo.com\/hr\/","logo":{"@type":"ImageObject","inLanguage":"hr","@id":"https:\/\/pansion-riviera-silo.com\/hr\/#\/schema\/logo\/image\/","url":"https:\/\/pansion-riviera-silo.com\/wp-content\/uploads\/2020\/03\/a468c7_babd01d2a3984a3d911e0ace03187d68_mv2.png","contentUrl":"https:\/\/pansion-riviera-silo.com\/wp-content\/uploads\/2020\/03\/a468c7_babd01d2a3984a3d911e0ace03187d68_mv2.png","width":86,"height":74,"caption":"Pension Riviera \u0160ilo"},"image":{"@id":"https:\/\/pansion-riviera-silo.com\/hr\/#\/schema\/logo\/image\/"}}]}},"_links":{"self":[{"href":"https:\/\/pansion-riviera-silo.com\/hr\/wp-json\/wp\/v2\/pages\/4215","targetHints":{"allow":["GET"]}}],"collection":[{"href":"https:\/\/pansion-riviera-silo.com\/hr\/wp-json\/wp\/v2\/pages"}],"about":[{"href":"https:\/\/pansion-riviera-silo.com\/hr\/wp-json\/wp\/v2\/types\/page"}],"author":[{"embeddable":true,"href":"https:\/\/pansion-riviera-silo.com\/hr\/wp-json\/wp\/v2\/users\/1"}],"replies":[{"embeddable":true,"href":"https:\/\/pansion-riviera-silo.com\/hr\/wp-json\/wp\/v2\/comments?post=4215"}],"version-history":[{"count":0,"href":"https:\/\/pansion-riviera-silo.com\/hr\/wp-json\/wp\/v2\/pages\/4215\/revisions"}],"wp:attachment":[{"href":"https:\/\/pansion-riviera-silo.com\/hr\/wp-json\/wp\/v2\/media?parent=4215"}],"curies":[{"name":"wp","href":"https:\/\/api.w.org\/{rel}","templated":true}]}}