{"id":3247,"date":"2020-03-30T13:47:25","date_gmt":"2020-03-30T13:47:25","guid":{"rendered":"https:\/\/pension-zeba.com\/servisi\/"},"modified":"2021-11-26T21:26:34","modified_gmt":"2021-11-26T21:26:34","slug":"servisi","status":"publish","type":"page","link":"https:\/\/pansion-riviera-silo.com\/hr\/servisi\/","title":{"rendered":"Servisi"},"content":{"rendered":"<div class=\"wpb-content-wrapper\"><p>[vc_row][vc_column]<div class=\"text-block \" ><div class=\"simple-text \"><h2 class=\"font_0\" style=\"text-align: center;\"><strong>Na\u0161a ponuda usluga za vas<\/strong><\/h2>\n<\/div><\/div>[vc_empty_space][\/vc_column][\/vc_row][vc_row][vc_column width=&#8221;1\/2&#8243;][vc_single_image image=&#8221;3050&#8243; img_size=&#8221;full&#8221; alignment=&#8221;center&#8221; onclick=&#8221;custom_link&#8221; link=&#8221;https:%2F%2Fpansion-riviera-silo.com%2Fitinerary|&#8221;]<div class=\"text-block \" ><div class=\"simple-text \"><h2>Transfer od zra\u010dne luke \/ prijevoza<\/h2>\n<p>10,00 \u20ac<\/p>\n<p><strong>Dolazak bez stresa &#8211; u\u017eivajte u odmoru od po\u010detka.<\/strong><\/p>\n<p>Putujete avionom? Prema va\u0161oj \u017eelji, gostima nudimo transfer iz zra\u010dne luke. Na dan dolaska prebacit \u0107emo vas i va\u0161u prtljagu iz zra\u010dne luke, a na dan va\u0161eg odlaska ponovo \u0107emo vas prebaciti na aerodrom. Rezervirajte ovu uslugu na vrijeme, prije va\u0161eg putovanja, kako bismo mogli planirati va\u0161 prijevoz.<\/p>\n<\/div><\/div><a  class=\"btn btn--md btn--normal\" href=\"https:\/\/pansion-riviera-silo.com\/contact\/\" title=\"ITINERARY\" target=\"_self\">Rezervirajte sada<\/a>[vc_empty_space][vc_zigzag][\/vc_column][vc_column width=&#8221;1\/2&#8243;][vc_single_image image=&#8221;3054&#8243; img_size=&#8221;full&#8221; alignment=&#8221;center&#8221; onclick=&#8221;custom_link&#8221; link=&#8221;https:%2F%2Fpansion-riviera-silo.com%2Fitinerary|&#8221;]<div class=\"text-block \" ><div class=\"simple-text \"><h2 class=\"font_2\"><em><strong>Biciklisti\u010dke i planinarske staze na otoku Krku<\/strong><\/em><\/h2>\n<p>Najam bicikla<\/p>\n<p>od 4,00 \u20ac<\/p>\n<p class=\"font_2\"><strong>Biciklisti\u010dke i planinarske staze na otoku Krku<\/strong><\/p>\n<h3 class=\"font_3\">Otkrijte otok Krk biciklom!<\/h3>\n<p class=\"font_3\">Otok Krk raj je za bicikliste i izletnike. Otok je ispresijecan ure\u0111enim i obilje\u017eenim biciklisti\u010dkim i planinarskim stazama unutar otoka Krka ili du\u017e obale. Biciklisti\u010dke i planinarske staze gotovo su cijelom glavnom cestom kroz otok koja vodi od Kr\u010dkog mosta do Grada Krka. Staze su razli\u010ditih stupnjeva te\u017eine, tako da su prikladne i za profesionalce i za hobi bicikliste. Sami odlu\u010dite ho\u0107ete li ugodno u\u017eivati \u200b\u200bu ljepoti prirode ili \u0107ete biti aktivni i i\u0107i do kraja svoje izdr\u017eljivosti. Brdski bicikli su tako\u0111er prikladni za istra\u017eivanje kopna.<br \/>\nOtok je iz tog razloga doma\u0107in mnogih biciklisti\u010dkih doga\u0111anja poput \u201eVolim jesen &#8211; Bodul bike\u201c i \u201eProlje\u0107e na to\u010dkovima\u201c.<\/p>\n<p>Pje\u0161a\u010dke staze otoka Krka prote\u017eu se du\u017e otoka i duge su 300 km. Sve su uredno ozna\u010dene na karti biciklisti\u010dkih i planinarskih staza koje smo pripremili za vas i na recepciji su vam besplatni. Na istoj karti mo\u017eete vidjeti i precizniji pregled podru\u010dja Dobrinj. Putovi vode kroz maslinike, stoljetne \u0161ume, uz more i impresivne kamenjare, koji ponekad izgledaju kao mjese\u010deva povr\u0161ina.<br \/>\nNa otoku Krku mo\u017eete razgledati brojne turisti\u010dke atrakcije kao \u0161to su \u0161pilja Baserujka, ru\u0161evine utvrde Frankopana u tvr\u0111avi Gradec, ostaci anti\u010dkog grada Fulfinuma kao i crkva sv. Donata iz 9. stolje\u0107a. Predla\u017eemo i izlet u uvalu Soline poznatu po ljekovitom u\u010dinku blata i istra\u017eivanje glagoljice u Ba\u0161ki.<\/p>\n<p class=\"font_2\"><strong>Pansion Zeba &amp; Riviera rado Vam nudi najam raznih vrsta bicikala<\/strong><br \/>\n<strong>Iznajmljivanje bicikla I rent-a-bike<\/strong><\/p>\n<h3 class=\"font_2\">Podaci o cijeni:<\/h3>\n<ul>\n<li>1 sat 4,00\u20ac<\/li>\n<li>2 sata 7,00\u20ac<\/li>\n<li>1 dan 15,00\u20ac<\/li>\n<li>svaki sljedeci dan 10,00\u20ac<\/li>\n<li>2 dana 24,00 \u20ac 3 dana 37,00 \u20ac 4 dana 45,00 \u20ac 5 dana 56,00 \u20ac 6 dana 67,00 \u20ac 7 dana 77,00 \u20ac<\/li>\n<\/ul>\n<\/div><\/div>[vc_empty_space]<a  class=\"btn btn--md btn--normal\" href=\"https:\/\/pansion-riviera-silo.com\/contact\/\" title=\"ITINERARY\" target=\"_self\">Rezervirajte sada<\/a>[vc_empty_space][vc_zigzag][\/vc_column][\/vc_row][vc_row][vc_column width=&#8221;1\/2&#8243;][vc_single_image image=&#8221;3057&#8243; img_size=&#8221;full&#8221; alignment=&#8221;center&#8221; onclick=&#8221;custom_link&#8221; link=&#8221;https:%2F%2Fpansion-riviera-silo.com%2Fitinerary|&#8221;]<div class=\"text-block \" ><div class=\"simple-text \"><p><strong>Izlet brodom<\/strong><\/p>\n<p>Na zahtjev<\/p>\n<p><strong>Izleti brodom, malim brodom, taksi brodom ili \u010damcem sa staklenim dnom<\/strong><\/p>\n<div id=\"comp-j1vxndfg_ProductListView_i6f9ythx559_dup_i6ly2b6518_dup_i6qm3p6y330_dup_i6uhpph11_dup_i70h8xw2193_dup_i7g43ba3147_j1vxndg4_ProductList_i6f9ythw558_1__0_0_2_0_Center\" class=\"flex_display flex_vbox\">\n<div id=\"comp-j1vxndfg_ProductListView_i6f9ythx559_dup_i6ly2b6518_dup_i6qm3p6y330_dup_i6uhpph11_dup_i70h8xw2193_dup_i7g43ba3147_j1vxndg4_ProductList_i6f9ythw558_1__0_0_2_0_fld_hfxsv1z6\" class=\"\">\n<div id=\"comp-j1vxndfg_ProductListView_i6f9ythx559_dup_i6ly2b6518_dup_i6qm3p6y330_dup_i6uhpph11_dup_i70h8xw2193_dup_i7g43ba3147_j1vxndg4_ProductList_i6f9ythw558_1__0_0_2_0_fld_hfxsv1z6\" class=\" flex_vbox\">\n<div id=\"comp-j1vxndfg_ProductListView_i6f9ythx559_dup_i6ly2b6518_dup_i6qm3p6y330_dup_i6uhpph11_dup_i70h8xw2193_dup_i7g43ba3147_j1vxndg4_ProductList_i6f9ythw558_1__0_0_2_0_fld_hfxsv1z6_proxy\" class=\"s_usaAWRichTextClickableSkin\" data-packed=\"false\" data-min-height=\"auto\">\n<div id=\"comp-j1vxndfg_ProductListView_i6f9ythx559_dup_i6ly2b6518_dup_i6qm3p6y330_dup_i6uhpph11_dup_i70h8xw2193_dup_i7g43ba3147_j1vxndg4_ProductList_i6f9ythw558_1__0_0_2_0_fld_hfxsv1z6_proxyrichTextContainer\" class=\"s_usaAWRichTextClickableSkin_richTextContainer s_usaAWRichTextClickableSkinrichTextContainer\">\n<p class=\"font_8\">U suradnji s tvrtkom Marinero Tours nudimo na\u0161im gostima razne morske izlete. Tijekom izleta brodom mo\u017eete vidjeti prekrasno hrvatsko obalno podru\u010dje iz razli\u010ditih perspektiva. Mo\u017eete izabrati iz na\u0161e razli\u010dite ponude izlet koji vam se najvi\u0161e svi\u0111a. Nije va\u017eno \u017eelite li u\u017eivati u samo morskoj vo\u017enji ili vo\u017enji brodom do drugog mjesta na otoku, na raspolaganju vam je nekoliko brodica i malih brodica, kao i specijalizirani taksi brodovi.<\/p>\n<p class=\"font_8\">Na\u0161 posebni prijedlog izleta:<br \/>\nOtkrijte predivno hrvatsko dno vo\u017enja brodom sa staklenim dnom. Ne\u0107e samo djeca biti odu\u0161evljena razli\u010ditim vrstama riba u Kvarnerskom zaljevu.<\/p>\n<\/div>\n<\/div>\n<\/div>\n<\/div>\n<\/div>\n<div id=\"comp-j1vxndfg_ProductListView_i6f9ythx559_dup_i6ly2b6518_dup_i6qm3p6y330_dup_i6uhpph11_dup_i70h8xw2193_dup_i7g43ba3147_j1vxndg4_ProductList_i6f9ythw558_1__0_0_2_0_centerToRightSpacer_child\"><\/div>\n<\/div><\/div>[vc_empty_space]<a  class=\"btn btn--md btn--normal\" href=\"https:\/\/pansion-riviera-silo.com\/contact\/\" title=\"ITINERARY\" target=\"_self\">Rezervirajte sada<\/a>[vc_empty_space][vc_zigzag][\/vc_column][vc_column width=&#8221;1\/2&#8243;][\/vc_column][\/vc_row]<\/p>\n<\/div>","protected":false},"excerpt":{"rendered":"<p>[vc_row][vc_column][vc_empty_space][\/vc_column][\/vc_row][vc_row][vc_column width=&#8221;1\/2&#8243;][vc_single_image image=&#8221;3050&#8243; img_size=&#8221;full&#8221; alignment=&#8221;center&#8221; onclick=&#8221;custom_link&#8221; link=&#8221;https:%2F%2Fpansion-riviera-silo.com%2Fitinerary|&#8221;][vc_empty_space][vc_zigzag][\/vc_column][vc_column width=&#8221;1\/2&#8243;][vc_single_image image=&#8221;3054&#8243; img_size=&#8221;full&#8221; alignment=&#8221;center&#8221; onclick=&#8221;custom_link&#8221; link=&#8221;https:%2F%2Fpansion-riviera-silo.com%2Fitinerary|&#8221;][vc_empty_space][vc_empty_space][vc_zigzag][\/vc_column][\/vc_row][vc_row][vc_column width=&#8221;1\/2&#8243;][vc_single_image image=&#8221;3057&#8243; img_size=&#8221;full&#8221; alignment=&#8221;center&#8221; onclick=&#8221;custom_link&#8221; link=&#8221;https:%2F%2Fpansion-riviera-silo.com%2Fitinerary|&#8221;][vc_empty_space][vc_empty_space][vc_zigzag][\/vc_column][vc_column width=&#8221;1\/2&#8243;][\/vc_column][\/vc_row]<\/p>\n","protected":false},"author":1,"featured_media":0,"parent":0,"menu_order":0,"comment_status":"closed","ping_status":"closed","template":"","meta":{"footnotes":""},"class_list":["post-3247","page","type-page","status-publish","hentry"],"yoast_head":"<!-- This site is optimized with the Yoast SEO plugin v27.5 - https:\/\/yoast.com\/product\/yoast-seo-wordpress\/ -->\n<title>Servisi - Pension Riviera \u0160ilo<\/title>\n<meta name=\"description\" content=\"In the island place \u0160ilo, having a picturesque position in the Kvarner bay, you can enjoy you holiday only 50 meters apart from the romantic harbour.\" \/>\n<meta name=\"robots\" content=\"index, follow, max-snippet:-1, max-image-preview:large, max-video-preview:-1\" \/>\n<link rel=\"canonical\" href=\"https:\/\/pansion-riviera-silo.com\/hr\/servisi\/\" \/>\n<meta property=\"og:locale\" content=\"hr_HR\" \/>\n<meta property=\"og:type\" content=\"article\" \/>\n<meta property=\"og:title\" content=\"Servisi - Pension Riviera \u0160ilo\" \/>\n<meta property=\"og:description\" content=\"In the island place \u0160ilo, having a picturesque position in the Kvarner bay, you can enjoy you holiday only 50 meters apart from the romantic harbour.\" \/>\n<meta property=\"og:url\" content=\"https:\/\/pansion-riviera-silo.com\/hr\/servisi\/\" \/>\n<meta property=\"og:site_name\" content=\"Pension Riviera \u0160ilo\" \/>\n<meta property=\"article:modified_time\" content=\"2021-11-26T21:26:34+00:00\" \/>\n<meta property=\"og:image\" content=\"https:\/\/pansion-riviera-silo.com\/wp-content\/uploads\/2021\/11\/280370702-9.jpg\" \/>\n\t<meta property=\"og:image:width\" content=\"1024\" \/>\n\t<meta property=\"og:image:height\" content=\"683\" \/>\n\t<meta property=\"og:image:type\" content=\"image\/jpeg\" \/>\n<meta name=\"twitter:card\" content=\"summary_large_image\" \/>\n<meta name=\"twitter:label1\" content=\"Procijenjeno vrijeme \u010ditanja\" \/>\n\t<meta name=\"twitter:data1\" content=\"3 minute\" \/>\n<script type=\"application\/ld+json\" class=\"yoast-schema-graph\">{\"@context\":\"https:\\\/\\\/schema.org\",\"@graph\":[{\"@type\":\"WebPage\",\"@id\":\"https:\\\/\\\/pansion-riviera-silo.com\\\/hr\\\/servisi\\\/\",\"url\":\"https:\\\/\\\/pansion-riviera-silo.com\\\/hr\\\/servisi\\\/\",\"name\":\"Servisi - Pension Riviera \u0160ilo\",\"isPartOf\":{\"@id\":\"https:\\\/\\\/pansion-riviera-silo.com\\\/hr\\\/#website\"},\"datePublished\":\"2020-03-30T13:47:25+00:00\",\"dateModified\":\"2021-11-26T21:26:34+00:00\",\"description\":\"In the island place \u0160ilo, having a picturesque position in the Kvarner bay, you can enjoy you holiday only 50 meters apart from the romantic harbour.\",\"breadcrumb\":{\"@id\":\"https:\\\/\\\/pansion-riviera-silo.com\\\/hr\\\/servisi\\\/#breadcrumb\"},\"inLanguage\":\"hr\",\"potentialAction\":[{\"@type\":\"ReadAction\",\"target\":[\"https:\\\/\\\/pansion-riviera-silo.com\\\/hr\\\/servisi\\\/\"]}]},{\"@type\":\"BreadcrumbList\",\"@id\":\"https:\\\/\\\/pansion-riviera-silo.com\\\/hr\\\/servisi\\\/#breadcrumb\",\"itemListElement\":[{\"@type\":\"ListItem\",\"position\":1,\"name\":\"Home\",\"item\":\"https:\\\/\\\/pansion-riviera-silo.com\\\/hr\\\/\"},{\"@type\":\"ListItem\",\"position\":2,\"name\":\"Servisi\"}]},{\"@type\":\"WebSite\",\"@id\":\"https:\\\/\\\/pansion-riviera-silo.com\\\/hr\\\/#website\",\"url\":\"https:\\\/\\\/pansion-riviera-silo.com\\\/hr\\\/\",\"name\":\"Pension Riviera \u0160ilo\",\"description\":\"Pension Riviera \u0160ilo\",\"publisher\":{\"@id\":\"https:\\\/\\\/pansion-riviera-silo.com\\\/hr\\\/#organization\"},\"potentialAction\":[{\"@type\":\"SearchAction\",\"target\":{\"@type\":\"EntryPoint\",\"urlTemplate\":\"https:\\\/\\\/pansion-riviera-silo.com\\\/hr\\\/?s={search_term_string}\"},\"query-input\":{\"@type\":\"PropertyValueSpecification\",\"valueRequired\":true,\"valueName\":\"search_term_string\"}}],\"inLanguage\":\"hr\"},{\"@type\":\"Organization\",\"@id\":\"https:\\\/\\\/pansion-riviera-silo.com\\\/hr\\\/#organization\",\"name\":\"Pension Riviera \u0160ilo\",\"url\":\"https:\\\/\\\/pansion-riviera-silo.com\\\/hr\\\/\",\"logo\":{\"@type\":\"ImageObject\",\"inLanguage\":\"hr\",\"@id\":\"https:\\\/\\\/pansion-riviera-silo.com\\\/hr\\\/#\\\/schema\\\/logo\\\/image\\\/\",\"url\":\"https:\\\/\\\/pansion-riviera-silo.com\\\/wp-content\\\/uploads\\\/2020\\\/03\\\/a468c7_babd01d2a3984a3d911e0ace03187d68_mv2.png\",\"contentUrl\":\"https:\\\/\\\/pansion-riviera-silo.com\\\/wp-content\\\/uploads\\\/2020\\\/03\\\/a468c7_babd01d2a3984a3d911e0ace03187d68_mv2.png\",\"width\":86,\"height\":74,\"caption\":\"Pension Riviera \u0160ilo\"},\"image\":{\"@id\":\"https:\\\/\\\/pansion-riviera-silo.com\\\/hr\\\/#\\\/schema\\\/logo\\\/image\\\/\"}}]}<\/script>\n<!-- \/ Yoast SEO plugin. -->","yoast_head_json":{"title":"Servisi - Pension Riviera \u0160ilo","description":"In the island place \u0160ilo, having a picturesque position in the Kvarner bay, you can enjoy you holiday only 50 meters apart from the romantic harbour.","robots":{"index":"index","follow":"follow","max-snippet":"max-snippet:-1","max-image-preview":"max-image-preview:large","max-video-preview":"max-video-preview:-1"},"canonical":"https:\/\/pansion-riviera-silo.com\/hr\/servisi\/","og_locale":"hr_HR","og_type":"article","og_title":"Servisi - Pension Riviera \u0160ilo","og_description":"In the island place \u0160ilo, having a picturesque position in the Kvarner bay, you can enjoy you holiday only 50 meters apart from the romantic harbour.","og_url":"https:\/\/pansion-riviera-silo.com\/hr\/servisi\/","og_site_name":"Pension Riviera \u0160ilo","article_modified_time":"2021-11-26T21:26:34+00:00","og_image":[{"width":1024,"height":683,"url":"https:\/\/pansion-riviera-silo.com\/wp-content\/uploads\/2021\/11\/280370702-9.jpg","type":"image\/jpeg"}],"twitter_card":"summary_large_image","twitter_misc":{"Procijenjeno vrijeme \u010ditanja":"3 minute"},"schema":{"@context":"https:\/\/schema.org","@graph":[{"@type":"WebPage","@id":"https:\/\/pansion-riviera-silo.com\/hr\/servisi\/","url":"https:\/\/pansion-riviera-silo.com\/hr\/servisi\/","name":"Servisi - Pension Riviera \u0160ilo","isPartOf":{"@id":"https:\/\/pansion-riviera-silo.com\/hr\/#website"},"datePublished":"2020-03-30T13:47:25+00:00","dateModified":"2021-11-26T21:26:34+00:00","description":"In the island place \u0160ilo, having a picturesque position in the Kvarner bay, you can enjoy you holiday only 50 meters apart from the romantic harbour.","breadcrumb":{"@id":"https:\/\/pansion-riviera-silo.com\/hr\/servisi\/#breadcrumb"},"inLanguage":"hr","potentialAction":[{"@type":"ReadAction","target":["https:\/\/pansion-riviera-silo.com\/hr\/servisi\/"]}]},{"@type":"BreadcrumbList","@id":"https:\/\/pansion-riviera-silo.com\/hr\/servisi\/#breadcrumb","itemListElement":[{"@type":"ListItem","position":1,"name":"Home","item":"https:\/\/pansion-riviera-silo.com\/hr\/"},{"@type":"ListItem","position":2,"name":"Servisi"}]},{"@type":"WebSite","@id":"https:\/\/pansion-riviera-silo.com\/hr\/#website","url":"https:\/\/pansion-riviera-silo.com\/hr\/","name":"Pension Riviera \u0160ilo","description":"Pension Riviera \u0160ilo","publisher":{"@id":"https:\/\/pansion-riviera-silo.com\/hr\/#organization"},"potentialAction":[{"@type":"SearchAction","target":{"@type":"EntryPoint","urlTemplate":"https:\/\/pansion-riviera-silo.com\/hr\/?s={search_term_string}"},"query-input":{"@type":"PropertyValueSpecification","valueRequired":true,"valueName":"search_term_string"}}],"inLanguage":"hr"},{"@type":"Organization","@id":"https:\/\/pansion-riviera-silo.com\/hr\/#organization","name":"Pension Riviera \u0160ilo","url":"https:\/\/pansion-riviera-silo.com\/hr\/","logo":{"@type":"ImageObject","inLanguage":"hr","@id":"https:\/\/pansion-riviera-silo.com\/hr\/#\/schema\/logo\/image\/","url":"https:\/\/pansion-riviera-silo.com\/wp-content\/uploads\/2020\/03\/a468c7_babd01d2a3984a3d911e0ace03187d68_mv2.png","contentUrl":"https:\/\/pansion-riviera-silo.com\/wp-content\/uploads\/2020\/03\/a468c7_babd01d2a3984a3d911e0ace03187d68_mv2.png","width":86,"height":74,"caption":"Pension Riviera \u0160ilo"},"image":{"@id":"https:\/\/pansion-riviera-silo.com\/hr\/#\/schema\/logo\/image\/"}}]}},"_links":{"self":[{"href":"https:\/\/pansion-riviera-silo.com\/hr\/wp-json\/wp\/v2\/pages\/3247","targetHints":{"allow":["GET"]}}],"collection":[{"href":"https:\/\/pansion-riviera-silo.com\/hr\/wp-json\/wp\/v2\/pages"}],"about":[{"href":"https:\/\/pansion-riviera-silo.com\/hr\/wp-json\/wp\/v2\/types\/page"}],"author":[{"embeddable":true,"href":"https:\/\/pansion-riviera-silo.com\/hr\/wp-json\/wp\/v2\/users\/1"}],"replies":[{"embeddable":true,"href":"https:\/\/pansion-riviera-silo.com\/hr\/wp-json\/wp\/v2\/comments?post=3247"}],"version-history":[{"count":0,"href":"https:\/\/pansion-riviera-silo.com\/hr\/wp-json\/wp\/v2\/pages\/3247\/revisions"}],"wp:attachment":[{"href":"https:\/\/pansion-riviera-silo.com\/hr\/wp-json\/wp\/v2\/media?parent=3247"}],"curies":[{"name":"wp","href":"https:\/\/api.w.org\/{rel}","templated":true}]}}