{"id":3237,"date":"2020-03-30T13:35:16","date_gmt":"2020-03-30T13:35:16","guid":{"rendered":"https:\/\/pension-zeba.com\/restoran\/"},"modified":"2021-11-26T21:24:44","modified_gmt":"2021-11-26T21:24:44","slug":"restoran","status":"publish","type":"page","link":"https:\/\/pansion-riviera-silo.com\/hr\/restoran\/","title":{"rendered":"Restoran"},"content":{"rendered":"<div class=\"wpb-content-wrapper\"><p>[vc_row][vc_column width=&#8221;1\/2&#8243;][vc_single_image image=&#8221;3640&#8243; img_size=&#8221;full&#8221;]<div class=\"text-block \" ><div class=\"simple-text \"><p><strong>Doru\u010dak s \u0161vedskim stolom<\/strong><\/p>\n<p>Dnevno od 7:30 &#8211; 11:00<\/p>\n<p><strong>Ru\u010dak i ve\u010dera u a la carte restoranu<\/strong><\/p>\n<p>Svakog dana od 11:00 &#8211; 01:00<\/p>\n<p><strong>Snack i koktel bar<\/strong><\/p>\n<p>Svakog dana od 11:00 &#8211; 01:00<\/p>\n<p>Na\u0161 restoran nudi vam svakodnevno svje\u017ee pripremljene mediteranske obroke, kao i riblje i mesne specijalitete s ro\u0161tilja<\/p>\n<p><strong>Kuhinja otvorena svakodnevno od 07:30 &#8211; 01:00<\/strong><\/p>\n<\/div><\/div>[\/vc_column][vc_column width=&#8221;1\/2&#8243;][vc_single_image image=&#8221;3026&#8243; img_size=&#8221;full&#8221;]<div class=\"text-block \" ><div class=\"simple-text \"><p style=\"text-align: center;\"><strong>Planirajte svoj doga\u0111aj!<\/strong><\/p>\n<h4>VJEN\u010cANJA<\/h4>\n<p>Ako \u017eelite romanti\u010dno vjen\u010danje okru\u017eeno obitelji i prijateljima, Pansion Zeba je pravo mjesto za vas. Nudimo vama i va\u0161im gostima udoban smje\u0161taj, izvrsnu hranu i pi\u0107e u prekrasnom okru\u017eenju. Za sva pitanja organizacije stojimo vam na raspolaganju.<\/p>\n<h4>KONFERENCIJE<\/h4>\n<p>Rado \u0107emo za vas organizirati konferencije u na\u0161im prostorijama. Svi sudionici imaju smje\u0161taj, hranu i pi\u0107e. Osim toga, u slobodno vrijeme sudionika mo\u017eemo organizirati izlete za razgled otoka Krka.<\/p>\n<\/div><\/div>[vc_empty_space]<a  class=\"btn btn--md btn--normal\" href=\"#\" title=\"button\" target=\"_self\">Rezervirajte sada<\/a>[\/vc_column][\/vc_row][vc_row][vc_column][vc_gallery interval=&#8221;3&#8243; images=&#8221;3644,3680,3677,3674,3671,3668,3665,3662,3659,3656,3653,3650,3647&#8243; img_size=&#8221;full&#8221;][\/vc_column][\/vc_row]<\/p>\n<\/div>","protected":false},"excerpt":{"rendered":"<p>[vc_row][vc_column width=&#8221;1\/2&#8243;][vc_single_image image=&#8221;3640&#8243; img_size=&#8221;full&#8221;][\/vc_column][vc_column width=&#8221;1\/2&#8243;][vc_single_image image=&#8221;3026&#8243; img_size=&#8221;full&#8221;][vc_empty_space][\/vc_column][\/vc_row][vc_row][vc_column][vc_gallery interval=&#8221;3&#8243; images=&#8221;3644,3680,3677,3674,3671,3668,3665,3662,3659,3656,3653,3650,3647&#8243; img_size=&#8221;full&#8221;][\/vc_column][\/vc_row]<\/p>\n","protected":false},"author":1,"featured_media":3138,"parent":0,"menu_order":0,"comment_status":"closed","ping_status":"closed","template":"","meta":{"footnotes":""},"class_list":["post-3237","page","type-page","status-publish","has-post-thumbnail","hentry"],"yoast_head":"<!-- This site is optimized with the Yoast SEO plugin v27.5 - https:\/\/yoast.com\/product\/yoast-seo-wordpress\/ -->\n<title>Restoran - Pension Riviera \u0160ilo<\/title>\n<meta name=\"description\" content=\"In the island place \u0160ilo, having a picturesque position in the Kvarner bay, you can enjoy you holiday only 50 meters apart from the romantic harbour.\" \/>\n<meta name=\"robots\" content=\"index, follow, max-snippet:-1, max-image-preview:large, max-video-preview:-1\" \/>\n<link rel=\"canonical\" href=\"https:\/\/pansion-riviera-silo.com\/hr\/restoran\/\" \/>\n<meta property=\"og:locale\" content=\"hr_HR\" \/>\n<meta property=\"og:type\" content=\"article\" \/>\n<meta property=\"og:title\" content=\"Restoran - Pension Riviera \u0160ilo\" \/>\n<meta property=\"og:description\" content=\"In the island place \u0160ilo, having a picturesque position in the Kvarner bay, you can enjoy you holiday only 50 meters apart from the romantic harbour.\" \/>\n<meta property=\"og:url\" content=\"https:\/\/pansion-riviera-silo.com\/hr\/restoran\/\" \/>\n<meta property=\"og:site_name\" content=\"Pension Riviera \u0160ilo\" \/>\n<meta property=\"article:modified_time\" content=\"2021-11-26T21:24:44+00:00\" \/>\n<meta property=\"og:image\" content=\"https:\/\/pansion-riviera-silo.com\/wp-content\/uploads\/2020\/03\/Pension_Zeba_Restaurant_Riviera_Silo_Insel_Krk_Kroatien_Strassenansicht.jpg\" \/>\n\t<meta property=\"og:image:width\" content=\"1500\" \/>\n\t<meta property=\"og:image:height\" content=\"1000\" \/>\n\t<meta property=\"og:image:type\" content=\"image\/jpeg\" \/>\n<meta name=\"twitter:card\" content=\"summary_large_image\" \/>\n<meta name=\"twitter:label1\" content=\"Procijenjeno vrijeme \u010ditanja\" \/>\n\t<meta name=\"twitter:data1\" content=\"1 minuta\" \/>\n<script type=\"application\/ld+json\" class=\"yoast-schema-graph\">{\"@context\":\"https:\\\/\\\/schema.org\",\"@graph\":[{\"@type\":\"WebPage\",\"@id\":\"https:\\\/\\\/pansion-riviera-silo.com\\\/hr\\\/restoran\\\/\",\"url\":\"https:\\\/\\\/pansion-riviera-silo.com\\\/hr\\\/restoran\\\/\",\"name\":\"Restoran - Pension Riviera \u0160ilo\",\"isPartOf\":{\"@id\":\"https:\\\/\\\/pansion-riviera-silo.com\\\/hr\\\/#website\"},\"primaryImageOfPage\":{\"@id\":\"https:\\\/\\\/pansion-riviera-silo.com\\\/hr\\\/restoran\\\/#primaryimage\"},\"image\":{\"@id\":\"https:\\\/\\\/pansion-riviera-silo.com\\\/hr\\\/restoran\\\/#primaryimage\"},\"thumbnailUrl\":\"https:\\\/\\\/pansion-riviera-silo.com\\\/wp-content\\\/uploads\\\/2020\\\/03\\\/Pension_Zeba_Restaurant_Riviera_Silo_Insel_Krk_Kroatien_Strassenansicht.jpg\",\"datePublished\":\"2020-03-30T13:35:16+00:00\",\"dateModified\":\"2021-11-26T21:24:44+00:00\",\"description\":\"In the island place \u0160ilo, having a picturesque position in the Kvarner bay, you can enjoy you holiday only 50 meters apart from the romantic harbour.\",\"breadcrumb\":{\"@id\":\"https:\\\/\\\/pansion-riviera-silo.com\\\/hr\\\/restoran\\\/#breadcrumb\"},\"inLanguage\":\"hr\",\"potentialAction\":[{\"@type\":\"ReadAction\",\"target\":[\"https:\\\/\\\/pansion-riviera-silo.com\\\/hr\\\/restoran\\\/\"]}]},{\"@type\":\"ImageObject\",\"inLanguage\":\"hr\",\"@id\":\"https:\\\/\\\/pansion-riviera-silo.com\\\/hr\\\/restoran\\\/#primaryimage\",\"url\":\"https:\\\/\\\/pansion-riviera-silo.com\\\/wp-content\\\/uploads\\\/2020\\\/03\\\/Pension_Zeba_Restaurant_Riviera_Silo_Insel_Krk_Kroatien_Strassenansicht.jpg\",\"contentUrl\":\"https:\\\/\\\/pansion-riviera-silo.com\\\/wp-content\\\/uploads\\\/2020\\\/03\\\/Pension_Zeba_Restaurant_Riviera_Silo_Insel_Krk_Kroatien_Strassenansicht.jpg\",\"width\":1500,\"height\":1000},{\"@type\":\"BreadcrumbList\",\"@id\":\"https:\\\/\\\/pansion-riviera-silo.com\\\/hr\\\/restoran\\\/#breadcrumb\",\"itemListElement\":[{\"@type\":\"ListItem\",\"position\":1,\"name\":\"Home\",\"item\":\"https:\\\/\\\/pansion-riviera-silo.com\\\/hr\\\/\"},{\"@type\":\"ListItem\",\"position\":2,\"name\":\"Restoran\"}]},{\"@type\":\"WebSite\",\"@id\":\"https:\\\/\\\/pansion-riviera-silo.com\\\/hr\\\/#website\",\"url\":\"https:\\\/\\\/pansion-riviera-silo.com\\\/hr\\\/\",\"name\":\"Pension Riviera \u0160ilo\",\"description\":\"Pension Riviera \u0160ilo\",\"publisher\":{\"@id\":\"https:\\\/\\\/pansion-riviera-silo.com\\\/hr\\\/#organization\"},\"potentialAction\":[{\"@type\":\"SearchAction\",\"target\":{\"@type\":\"EntryPoint\",\"urlTemplate\":\"https:\\\/\\\/pansion-riviera-silo.com\\\/hr\\\/?s={search_term_string}\"},\"query-input\":{\"@type\":\"PropertyValueSpecification\",\"valueRequired\":true,\"valueName\":\"search_term_string\"}}],\"inLanguage\":\"hr\"},{\"@type\":\"Organization\",\"@id\":\"https:\\\/\\\/pansion-riviera-silo.com\\\/hr\\\/#organization\",\"name\":\"Pension Riviera \u0160ilo\",\"url\":\"https:\\\/\\\/pansion-riviera-silo.com\\\/hr\\\/\",\"logo\":{\"@type\":\"ImageObject\",\"inLanguage\":\"hr\",\"@id\":\"https:\\\/\\\/pansion-riviera-silo.com\\\/hr\\\/#\\\/schema\\\/logo\\\/image\\\/\",\"url\":\"https:\\\/\\\/pansion-riviera-silo.com\\\/wp-content\\\/uploads\\\/2020\\\/03\\\/a468c7_babd01d2a3984a3d911e0ace03187d68_mv2.png\",\"contentUrl\":\"https:\\\/\\\/pansion-riviera-silo.com\\\/wp-content\\\/uploads\\\/2020\\\/03\\\/a468c7_babd01d2a3984a3d911e0ace03187d68_mv2.png\",\"width\":86,\"height\":74,\"caption\":\"Pension Riviera \u0160ilo\"},\"image\":{\"@id\":\"https:\\\/\\\/pansion-riviera-silo.com\\\/hr\\\/#\\\/schema\\\/logo\\\/image\\\/\"}}]}<\/script>\n<!-- \/ Yoast SEO plugin. -->","yoast_head_json":{"title":"Restoran - Pension Riviera \u0160ilo","description":"In the island place \u0160ilo, having a picturesque position in the Kvarner bay, you can enjoy you holiday only 50 meters apart from the romantic harbour.","robots":{"index":"index","follow":"follow","max-snippet":"max-snippet:-1","max-image-preview":"max-image-preview:large","max-video-preview":"max-video-preview:-1"},"canonical":"https:\/\/pansion-riviera-silo.com\/hr\/restoran\/","og_locale":"hr_HR","og_type":"article","og_title":"Restoran - Pension Riviera \u0160ilo","og_description":"In the island place \u0160ilo, having a picturesque position in the Kvarner bay, you can enjoy you holiday only 50 meters apart from the romantic harbour.","og_url":"https:\/\/pansion-riviera-silo.com\/hr\/restoran\/","og_site_name":"Pension Riviera \u0160ilo","article_modified_time":"2021-11-26T21:24:44+00:00","og_image":[{"width":1500,"height":1000,"url":"https:\/\/pansion-riviera-silo.com\/wp-content\/uploads\/2020\/03\/Pension_Zeba_Restaurant_Riviera_Silo_Insel_Krk_Kroatien_Strassenansicht.jpg","type":"image\/jpeg"}],"twitter_card":"summary_large_image","twitter_misc":{"Procijenjeno vrijeme \u010ditanja":"1 minuta"},"schema":{"@context":"https:\/\/schema.org","@graph":[{"@type":"WebPage","@id":"https:\/\/pansion-riviera-silo.com\/hr\/restoran\/","url":"https:\/\/pansion-riviera-silo.com\/hr\/restoran\/","name":"Restoran - Pension Riviera \u0160ilo","isPartOf":{"@id":"https:\/\/pansion-riviera-silo.com\/hr\/#website"},"primaryImageOfPage":{"@id":"https:\/\/pansion-riviera-silo.com\/hr\/restoran\/#primaryimage"},"image":{"@id":"https:\/\/pansion-riviera-silo.com\/hr\/restoran\/#primaryimage"},"thumbnailUrl":"https:\/\/pansion-riviera-silo.com\/wp-content\/uploads\/2020\/03\/Pension_Zeba_Restaurant_Riviera_Silo_Insel_Krk_Kroatien_Strassenansicht.jpg","datePublished":"2020-03-30T13:35:16+00:00","dateModified":"2021-11-26T21:24:44+00:00","description":"In the island place \u0160ilo, having a picturesque position in the Kvarner bay, you can enjoy you holiday only 50 meters apart from the romantic harbour.","breadcrumb":{"@id":"https:\/\/pansion-riviera-silo.com\/hr\/restoran\/#breadcrumb"},"inLanguage":"hr","potentialAction":[{"@type":"ReadAction","target":["https:\/\/pansion-riviera-silo.com\/hr\/restoran\/"]}]},{"@type":"ImageObject","inLanguage":"hr","@id":"https:\/\/pansion-riviera-silo.com\/hr\/restoran\/#primaryimage","url":"https:\/\/pansion-riviera-silo.com\/wp-content\/uploads\/2020\/03\/Pension_Zeba_Restaurant_Riviera_Silo_Insel_Krk_Kroatien_Strassenansicht.jpg","contentUrl":"https:\/\/pansion-riviera-silo.com\/wp-content\/uploads\/2020\/03\/Pension_Zeba_Restaurant_Riviera_Silo_Insel_Krk_Kroatien_Strassenansicht.jpg","width":1500,"height":1000},{"@type":"BreadcrumbList","@id":"https:\/\/pansion-riviera-silo.com\/hr\/restoran\/#breadcrumb","itemListElement":[{"@type":"ListItem","position":1,"name":"Home","item":"https:\/\/pansion-riviera-silo.com\/hr\/"},{"@type":"ListItem","position":2,"name":"Restoran"}]},{"@type":"WebSite","@id":"https:\/\/pansion-riviera-silo.com\/hr\/#website","url":"https:\/\/pansion-riviera-silo.com\/hr\/","name":"Pension Riviera \u0160ilo","description":"Pension Riviera \u0160ilo","publisher":{"@id":"https:\/\/pansion-riviera-silo.com\/hr\/#organization"},"potentialAction":[{"@type":"SearchAction","target":{"@type":"EntryPoint","urlTemplate":"https:\/\/pansion-riviera-silo.com\/hr\/?s={search_term_string}"},"query-input":{"@type":"PropertyValueSpecification","valueRequired":true,"valueName":"search_term_string"}}],"inLanguage":"hr"},{"@type":"Organization","@id":"https:\/\/pansion-riviera-silo.com\/hr\/#organization","name":"Pension Riviera \u0160ilo","url":"https:\/\/pansion-riviera-silo.com\/hr\/","logo":{"@type":"ImageObject","inLanguage":"hr","@id":"https:\/\/pansion-riviera-silo.com\/hr\/#\/schema\/logo\/image\/","url":"https:\/\/pansion-riviera-silo.com\/wp-content\/uploads\/2020\/03\/a468c7_babd01d2a3984a3d911e0ace03187d68_mv2.png","contentUrl":"https:\/\/pansion-riviera-silo.com\/wp-content\/uploads\/2020\/03\/a468c7_babd01d2a3984a3d911e0ace03187d68_mv2.png","width":86,"height":74,"caption":"Pension Riviera \u0160ilo"},"image":{"@id":"https:\/\/pansion-riviera-silo.com\/hr\/#\/schema\/logo\/image\/"}}]}},"_links":{"self":[{"href":"https:\/\/pansion-riviera-silo.com\/hr\/wp-json\/wp\/v2\/pages\/3237","targetHints":{"allow":["GET"]}}],"collection":[{"href":"https:\/\/pansion-riviera-silo.com\/hr\/wp-json\/wp\/v2\/pages"}],"about":[{"href":"https:\/\/pansion-riviera-silo.com\/hr\/wp-json\/wp\/v2\/types\/page"}],"author":[{"embeddable":true,"href":"https:\/\/pansion-riviera-silo.com\/hr\/wp-json\/wp\/v2\/users\/1"}],"replies":[{"embeddable":true,"href":"https:\/\/pansion-riviera-silo.com\/hr\/wp-json\/wp\/v2\/comments?post=3237"}],"version-history":[{"count":0,"href":"https:\/\/pansion-riviera-silo.com\/hr\/wp-json\/wp\/v2\/pages\/3237\/revisions"}],"wp:featuredmedia":[{"embeddable":true,"href":"https:\/\/pansion-riviera-silo.com\/hr\/wp-json\/wp\/v2\/media\/3138"}],"wp:attachment":[{"href":"https:\/\/pansion-riviera-silo.com\/hr\/wp-json\/wp\/v2\/media?parent=3237"}],"curies":[{"name":"wp","href":"https:\/\/api.w.org\/{rel}","templated":true}]}}