{"id":3223,"date":"2020-03-30T13:27:51","date_gmt":"2020-03-30T13:27:51","guid":{"rendered":"https:\/\/pension-zeba.com\/iznajmite-brod\/"},"modified":"2020-03-30T13:27:52","modified_gmt":"2020-03-30T13:27:52","slug":"iznajmite-brod","status":"publish","type":"page","link":"https:\/\/pansion-riviera-silo.com\/hr\/iznajmite-brod\/","title":{"rendered":"Iznajmite brod"},"content":{"rendered":"<div class=\"wpb-content-wrapper\"><p>[vc_row][vc_column][vc_empty_space][\/vc_column][\/vc_row][vc_row][vc_column width=&#8221;1\/2&#8243;]<div class=\"text-block \" ><div class=\"simple-text \"><h2><span style=\"color: #3366ff\">MARINERO<\/span><\/h2>\n<\/div><\/div>[vc_empty_space][\/vc_column][vc_column width=&#8221;1\/2&#8243;]<div class=\"text-block \" ><div class=\"simple-text \"><p>Tel\/Fax: 00385 51 786446<\/p>\n<p>Mob: 00385 98 442121<\/p>\n<p>Email: marinero.crikvenica@gmail.com<\/p>\n<\/div><\/div>[\/vc_column][\/vc_row][vc_row content_placement=&#8221;middle&#8221;][vc_column width=&#8221;1\/2&#8243;][vc_gallery interval=&#8221;5&#8243; images=&#8221;3069,3071,3073,3075,3077,3079,3081,3083&#8243; img_size=&#8221;full&#8221;][\/vc_column][vc_column width=&#8221;1\/2&#8243;]<div class=\"text-block \" ><div class=\"simple-text \"><h2><strong>INFORMACIJSKA PONUDA IZLETA brodica &#8211; POJEDINA\u010cNO<\/strong><\/h2>\n<p><strong>1. Izlet specijalnim brodom za razgled morskog dna M \/ B PLIMA &#8211; \u0160ILO &#8211; OTOK KRK &#8211;<\/strong><br \/>\n<strong>Crikvenica<\/strong><\/p>\n<p>SVAKI DAN IZ GLAVNOG PORTA \u0160ILO<br \/>\n09:00 \u2013 11:00<br \/>\n11:30 \u2013 15:00<br \/>\n21:30 \u2013 23:00<\/p>\n<p>Panoramska vo\u017enja Crikveni\u010dkom rivijerom i sjeveroisto\u010dnim dijelom otoka Krka, razgledanje<br \/>\nmorsko dno na otoku Krku<\/p>\n<p>Pauza u Crikvenici &#8211; jutarnja vo\u017enja 30 minuta, popodnevna vo\u017enja 2 sata, podne<br \/>\nvo\u017enja bez prekida<\/p>\n<hr>\n<p>Cijena: 120 kn za odrasle \/ djecu od 6 do 12 godina 60 kn, djeca od 0 &#8211; 6 godina besplatno<\/p>\n<p><strong>2. Cjelodnevni izlet brodom M \/ B sfera &#8211; 2 OTOK TURA &#8211; CRIKVENICA &#8211; BA\u0160KA &#8211; RAB &#8211;<\/strong><br \/>\n<strong>CRIKVENICA<\/strong><br \/>\nODLAZAK POSEBNIH DANA IZ GLAVNOG PORTA \u0160ILO<br \/>\nTrajanje izleta: 07:30 &#8211; 19:30<br \/>\nPanoramska vo\u017enja isto\u010dnog dijela otoka Krka, odmor u Ba\u0161ki 1 sat<br \/>\nPanoramska vo\u017enja do otoka Raba, stanka u gradu Rabu 2 sata<br \/>\nOrganizirani razgled starog grada s vodi\u010dem &#8211; uklju\u010deno u cijenu<br \/>\nDoru\u010dak i ru\u010dak na brodu su uklju\u010deni u cijenu<\/p>\n<hr>\n<p>* Cijena: 330 kn za odrasle \/ djecu od 6 do 12 godina 165 kn, djeca od 0 &#8211; 6 godina besplatno<br \/>\n* Transfer od Silo do Crikvenice uklju\u010den je u cijenu<\/p>\n<\/div><\/div>[\/vc_column][\/vc_row]<\/p>\n<\/div>","protected":false},"excerpt":{"rendered":"<p>[vc_row][vc_column][vc_empty_space][\/vc_column][\/vc_row][vc_row][vc_column width=&#8221;1\/2&#8243;][vc_empty_space][\/vc_column][vc_column width=&#8221;1\/2&#8243;][\/vc_column][\/vc_row][vc_row content_placement=&#8221;middle&#8221;][vc_column width=&#8221;1\/2&#8243;][vc_gallery interval=&#8221;5&#8243; images=&#8221;3069,3071,3073,3075,3077,3079,3081,3083&#8243; img_size=&#8221;full&#8221;][\/vc_column][vc_column width=&#8221;1\/2&#8243;][\/vc_column][\/vc_row]<\/p>\n","protected":false},"author":1,"featured_media":0,"parent":0,"menu_order":0,"comment_status":"closed","ping_status":"closed","template":"","meta":{"footnotes":""},"class_list":["post-3223","page","type-page","status-publish","hentry"],"yoast_head":"<!-- This site is optimized with the Yoast SEO plugin v27.5 - https:\/\/yoast.com\/product\/yoast-seo-wordpress\/ -->\n<title>Iznajmite brod - Pension Riviera \u0160ilo<\/title>\n<meta name=\"description\" content=\"In the island place \u0160ilo, having a picturesque position in the Kvarner bay, you can enjoy you holiday only 50 meters apart from the romantic harbour.\" \/>\n<meta name=\"robots\" content=\"index, follow, max-snippet:-1, max-image-preview:large, max-video-preview:-1\" \/>\n<link rel=\"canonical\" href=\"https:\/\/pansion-riviera-silo.com\/hr\/iznajmite-brod\/\" \/>\n<meta property=\"og:locale\" content=\"hr_HR\" \/>\n<meta property=\"og:type\" content=\"article\" \/>\n<meta property=\"og:title\" content=\"Iznajmite brod - Pension Riviera \u0160ilo\" \/>\n<meta property=\"og:description\" content=\"In the island place \u0160ilo, having a picturesque position in the Kvarner bay, you can enjoy you holiday only 50 meters apart from the romantic harbour.\" \/>\n<meta property=\"og:url\" content=\"https:\/\/pansion-riviera-silo.com\/hr\/iznajmite-brod\/\" \/>\n<meta property=\"og:site_name\" content=\"Pension Riviera \u0160ilo\" \/>\n<meta property=\"article:modified_time\" content=\"2020-03-30T13:27:52+00:00\" \/>\n<meta property=\"og:image\" content=\"https:\/\/pansion-riviera-silo.com\/wp-content\/uploads\/2021\/11\/280370702-9.jpg\" \/>\n\t<meta property=\"og:image:width\" content=\"1024\" \/>\n\t<meta property=\"og:image:height\" content=\"683\" \/>\n\t<meta property=\"og:image:type\" content=\"image\/jpeg\" \/>\n<meta name=\"twitter:card\" content=\"summary_large_image\" \/>\n<meta name=\"twitter:label1\" content=\"Procijenjeno vrijeme \u010ditanja\" \/>\n\t<meta name=\"twitter:data1\" content=\"1 minuta\" \/>\n<script type=\"application\/ld+json\" class=\"yoast-schema-graph\">{\"@context\":\"https:\\\/\\\/schema.org\",\"@graph\":[{\"@type\":\"WebPage\",\"@id\":\"https:\\\/\\\/pansion-riviera-silo.com\\\/hr\\\/iznajmite-brod\\\/\",\"url\":\"https:\\\/\\\/pansion-riviera-silo.com\\\/hr\\\/iznajmite-brod\\\/\",\"name\":\"Iznajmite brod - Pension Riviera \u0160ilo\",\"isPartOf\":{\"@id\":\"https:\\\/\\\/pansion-riviera-silo.com\\\/hr\\\/#website\"},\"datePublished\":\"2020-03-30T13:27:51+00:00\",\"dateModified\":\"2020-03-30T13:27:52+00:00\",\"description\":\"In the island place \u0160ilo, having a picturesque position in the Kvarner bay, you can enjoy you holiday only 50 meters apart from the romantic harbour.\",\"breadcrumb\":{\"@id\":\"https:\\\/\\\/pansion-riviera-silo.com\\\/hr\\\/iznajmite-brod\\\/#breadcrumb\"},\"inLanguage\":\"hr\",\"potentialAction\":[{\"@type\":\"ReadAction\",\"target\":[\"https:\\\/\\\/pansion-riviera-silo.com\\\/hr\\\/iznajmite-brod\\\/\"]}]},{\"@type\":\"BreadcrumbList\",\"@id\":\"https:\\\/\\\/pansion-riviera-silo.com\\\/hr\\\/iznajmite-brod\\\/#breadcrumb\",\"itemListElement\":[{\"@type\":\"ListItem\",\"position\":1,\"name\":\"Home\",\"item\":\"https:\\\/\\\/pansion-riviera-silo.com\\\/hr\\\/\"},{\"@type\":\"ListItem\",\"position\":2,\"name\":\"Iznajmite brod\"}]},{\"@type\":\"WebSite\",\"@id\":\"https:\\\/\\\/pansion-riviera-silo.com\\\/hr\\\/#website\",\"url\":\"https:\\\/\\\/pansion-riviera-silo.com\\\/hr\\\/\",\"name\":\"Pension Riviera \u0160ilo\",\"description\":\"Pension Riviera \u0160ilo\",\"publisher\":{\"@id\":\"https:\\\/\\\/pansion-riviera-silo.com\\\/hr\\\/#organization\"},\"potentialAction\":[{\"@type\":\"SearchAction\",\"target\":{\"@type\":\"EntryPoint\",\"urlTemplate\":\"https:\\\/\\\/pansion-riviera-silo.com\\\/hr\\\/?s={search_term_string}\"},\"query-input\":{\"@type\":\"PropertyValueSpecification\",\"valueRequired\":true,\"valueName\":\"search_term_string\"}}],\"inLanguage\":\"hr\"},{\"@type\":\"Organization\",\"@id\":\"https:\\\/\\\/pansion-riviera-silo.com\\\/hr\\\/#organization\",\"name\":\"Pension Riviera \u0160ilo\",\"url\":\"https:\\\/\\\/pansion-riviera-silo.com\\\/hr\\\/\",\"logo\":{\"@type\":\"ImageObject\",\"inLanguage\":\"hr\",\"@id\":\"https:\\\/\\\/pansion-riviera-silo.com\\\/hr\\\/#\\\/schema\\\/logo\\\/image\\\/\",\"url\":\"https:\\\/\\\/pansion-riviera-silo.com\\\/wp-content\\\/uploads\\\/2020\\\/03\\\/a468c7_babd01d2a3984a3d911e0ace03187d68_mv2.png\",\"contentUrl\":\"https:\\\/\\\/pansion-riviera-silo.com\\\/wp-content\\\/uploads\\\/2020\\\/03\\\/a468c7_babd01d2a3984a3d911e0ace03187d68_mv2.png\",\"width\":86,\"height\":74,\"caption\":\"Pension Riviera \u0160ilo\"},\"image\":{\"@id\":\"https:\\\/\\\/pansion-riviera-silo.com\\\/hr\\\/#\\\/schema\\\/logo\\\/image\\\/\"}}]}<\/script>\n<!-- \/ Yoast SEO plugin. -->","yoast_head_json":{"title":"Iznajmite brod - Pension Riviera \u0160ilo","description":"In the island place \u0160ilo, having a picturesque position in the Kvarner bay, you can enjoy you holiday only 50 meters apart from the romantic harbour.","robots":{"index":"index","follow":"follow","max-snippet":"max-snippet:-1","max-image-preview":"max-image-preview:large","max-video-preview":"max-video-preview:-1"},"canonical":"https:\/\/pansion-riviera-silo.com\/hr\/iznajmite-brod\/","og_locale":"hr_HR","og_type":"article","og_title":"Iznajmite brod - Pension Riviera \u0160ilo","og_description":"In the island place \u0160ilo, having a picturesque position in the Kvarner bay, you can enjoy you holiday only 50 meters apart from the romantic harbour.","og_url":"https:\/\/pansion-riviera-silo.com\/hr\/iznajmite-brod\/","og_site_name":"Pension Riviera \u0160ilo","article_modified_time":"2020-03-30T13:27:52+00:00","og_image":[{"width":1024,"height":683,"url":"https:\/\/pansion-riviera-silo.com\/wp-content\/uploads\/2021\/11\/280370702-9.jpg","type":"image\/jpeg"}],"twitter_card":"summary_large_image","twitter_misc":{"Procijenjeno vrijeme \u010ditanja":"1 minuta"},"schema":{"@context":"https:\/\/schema.org","@graph":[{"@type":"WebPage","@id":"https:\/\/pansion-riviera-silo.com\/hr\/iznajmite-brod\/","url":"https:\/\/pansion-riviera-silo.com\/hr\/iznajmite-brod\/","name":"Iznajmite brod - Pension Riviera \u0160ilo","isPartOf":{"@id":"https:\/\/pansion-riviera-silo.com\/hr\/#website"},"datePublished":"2020-03-30T13:27:51+00:00","dateModified":"2020-03-30T13:27:52+00:00","description":"In the island place \u0160ilo, having a picturesque position in the Kvarner bay, you can enjoy you holiday only 50 meters apart from the romantic harbour.","breadcrumb":{"@id":"https:\/\/pansion-riviera-silo.com\/hr\/iznajmite-brod\/#breadcrumb"},"inLanguage":"hr","potentialAction":[{"@type":"ReadAction","target":["https:\/\/pansion-riviera-silo.com\/hr\/iznajmite-brod\/"]}]},{"@type":"BreadcrumbList","@id":"https:\/\/pansion-riviera-silo.com\/hr\/iznajmite-brod\/#breadcrumb","itemListElement":[{"@type":"ListItem","position":1,"name":"Home","item":"https:\/\/pansion-riviera-silo.com\/hr\/"},{"@type":"ListItem","position":2,"name":"Iznajmite brod"}]},{"@type":"WebSite","@id":"https:\/\/pansion-riviera-silo.com\/hr\/#website","url":"https:\/\/pansion-riviera-silo.com\/hr\/","name":"Pension Riviera \u0160ilo","description":"Pension Riviera \u0160ilo","publisher":{"@id":"https:\/\/pansion-riviera-silo.com\/hr\/#organization"},"potentialAction":[{"@type":"SearchAction","target":{"@type":"EntryPoint","urlTemplate":"https:\/\/pansion-riviera-silo.com\/hr\/?s={search_term_string}"},"query-input":{"@type":"PropertyValueSpecification","valueRequired":true,"valueName":"search_term_string"}}],"inLanguage":"hr"},{"@type":"Organization","@id":"https:\/\/pansion-riviera-silo.com\/hr\/#organization","name":"Pension Riviera \u0160ilo","url":"https:\/\/pansion-riviera-silo.com\/hr\/","logo":{"@type":"ImageObject","inLanguage":"hr","@id":"https:\/\/pansion-riviera-silo.com\/hr\/#\/schema\/logo\/image\/","url":"https:\/\/pansion-riviera-silo.com\/wp-content\/uploads\/2020\/03\/a468c7_babd01d2a3984a3d911e0ace03187d68_mv2.png","contentUrl":"https:\/\/pansion-riviera-silo.com\/wp-content\/uploads\/2020\/03\/a468c7_babd01d2a3984a3d911e0ace03187d68_mv2.png","width":86,"height":74,"caption":"Pension Riviera \u0160ilo"},"image":{"@id":"https:\/\/pansion-riviera-silo.com\/hr\/#\/schema\/logo\/image\/"}}]}},"_links":{"self":[{"href":"https:\/\/pansion-riviera-silo.com\/hr\/wp-json\/wp\/v2\/pages\/3223","targetHints":{"allow":["GET"]}}],"collection":[{"href":"https:\/\/pansion-riviera-silo.com\/hr\/wp-json\/wp\/v2\/pages"}],"about":[{"href":"https:\/\/pansion-riviera-silo.com\/hr\/wp-json\/wp\/v2\/types\/page"}],"author":[{"embeddable":true,"href":"https:\/\/pansion-riviera-silo.com\/hr\/wp-json\/wp\/v2\/users\/1"}],"replies":[{"embeddable":true,"href":"https:\/\/pansion-riviera-silo.com\/hr\/wp-json\/wp\/v2\/comments?post=3223"}],"version-history":[{"count":0,"href":"https:\/\/pansion-riviera-silo.com\/hr\/wp-json\/wp\/v2\/pages\/3223\/revisions"}],"wp:attachment":[{"href":"https:\/\/pansion-riviera-silo.com\/hr\/wp-json\/wp\/v2\/media?parent=3223"}],"curies":[{"name":"wp","href":"https:\/\/api.w.org\/{rel}","templated":true}]}}