{"id":4221,"date":"2022-01-03T10:32:59","date_gmt":"2022-01-03T10:32:59","guid":{"rendered":"https:\/\/pansion-riviera-silo.com\/silo-wohnungen\/"},"modified":"2023-01-12T10:24:00","modified_gmt":"2023-01-12T10:24:00","slug":"silo-wohnungen","status":"publish","type":"page","link":"https:\/\/pansion-riviera-silo.com\/de\/silo-wohnungen\/","title":{"rendered":"Silo Wohnungen"},"content":{"rendered":"<div class=\"wpb-content-wrapper\"><p>[vc_row css=&#8221;.vc_custom_1635774623031{padding-top: 70px !important;background-position: center !important;background-repeat: no-repeat !important;background-size: cover !important;}&#8221;][vc_column width=&#8221;1\/2&#8243; css=&#8221;.vc_custom_1635771327965{background-position: center !important;background-repeat: no-repeat !important;background-size: cover !important;}&#8221;][vc_empty_space height=&#8221;50px&#8221;]<div class=\"text-block \" ><div class=\"simple-text \"><h5 class=\"inn-title__name\"><span style=\"color: #ff9900;\">Pension Riviera-\u0160ilo UNTERKUNFT<\/span><\/h5>\n<\/div><\/div><div class=\"text-block \" ><div class=\"simple-text \"><h2 class=\"font-intro\"><strong>Elite<\/strong>&#8211;<strong>Appartements<\/strong><\/h2>\n<p>Die Pension Riviera-\u0160ilo bietet Unterk\u00fcnfte mit einem Restaurant, kostenfreie Privatparkpl\u00e4tze, einen Au\u00dfenpool und eine Bar. Jede Unterkunft im 4-Sterne-Hotel bietet Gartenblick und Sie haben Zugang zu einem Garten und einer Terrasse.<\/p>\n<\/div><\/div>[vc_empty_space][vc_row_inner content_placement=&#8221;middle&#8221;][vc_column_inner width=&#8221;1\/6&#8243;][vc_single_image image=&#8221;3632&#8243; img_size=&#8221;25 x 33&#8243; alignment=&#8221;center&#8221;][\/vc_column_inner][vc_column_inner width=&#8221;5\/6&#8243;]<div class=\"text-block \" ><div class=\"simple-text \"><p><span style=\"color: #ff9900;\"><a style=\"color: #ff9900;\" href=\"https:\/\/goo.gl\/maps\/LjjCRaqHXXWGYCSh9\">Pe\u0107ine 2, \u0160ilo, Kroatien<\/a><\/span><\/p>\n<\/div><\/div>[\/vc_column_inner][\/vc_row_inner][vc_row_inner content_placement=&#8221;top&#8221;][vc_column_inner width=&#8221;1\/6&#8243;][vc_single_image image=&#8221;3635&#8243; img_size=&#8221;25 x 25&#8243; alignment=&#8221;center&#8221;][\/vc_column_inner][vc_column_inner width=&#8221;5\/6&#8243;]<div class=\"text-block \" ><div class=\"simple-text \"><p><span style=\"color: #ff9900;\"><a style=\"color: #ff9900;\" href=\"tel:+385%2099%20430%201621\">+385 99 430 1621<\/a><\/span><\/p>\n<\/div><\/div>[\/vc_column_inner][\/vc_row_inner][\/vc_column][vc_column width=&#8221;1\/2&#8243;][vc_single_image image=&#8221;4290&#8243; img_size=&#8221;full&#8221;][\/vc_column][\/vc_row][vc_row full_width=&#8221;stretch_row_content&#8221; gap=&#8221;10&#8243; content_placement=&#8221;middle&#8221; css=&#8221;.vc_custom_1635776020859{padding-top: 20px !important;padding-right: 20px !important;padding-bottom: 20px !important;padding-left: 20px !important;background-color: #f1f4f7 !important;}&#8221;][vc_column width=&#8221;3\/6&#8243;][vc_custom_heading text=&#8221;\u0160ilo Wohnungen&#8221;]<div class=\"text-block \" ><div class=\"simple-text \"><p><strong>Wohnungsgr\u00f6\u00dfe <\/strong><strong>75 m\u00b2 | <\/strong> <img loading=\"lazy\" decoding=\"async\" class=\"alignnone wp-image-3108 size-full\" src=\"https:\/\/pansion-riviera-silo.com\/wp-content\/uploads\/2020\/03\/wifi-line-e1585509962518.png\" alt=\"\" width=\"30\" height=\"30\" \/> <strong>Kostenloses Wifi! | <img loading=\"lazy\" decoding=\"async\" class=\"alignnone wp-image-3110 size-full\" src=\"https:\/\/pansion-riviera-silo.com\/wp-content\/uploads\/2020\/03\/parking-signs-e1585509991770.png\" alt=\"\" width=\"30\" height=\"30\" \/>| Gratis Parkpl\u00e4tze<\/strong><\/p>\n<p>Diese Wohnungen verf\u00fcgen \u00fcber Parkplatz, Balkon, in der N\u00e4he des Sandstrandes, Klimaanlage, zwei Schlafzimmer, Wohnzimmer, K\u00fcche, Esszimmer, WC, Duschbad mit Waschmaschine, B\u00fcgeleisen, B\u00fcgelbrett, Herd, Toaster, Grill, ausgestattete K\u00fcche, TV, Internet, Handt\u00fccher, Bettw\u00e4sche.<\/p>\n<div><\/div>\n<div>Wohnungen 4 oder 4 + 1 oder 4 + 2.<\/div>\n<\/div><\/div><div  class=\"block mb-0 block--image-gallery\"><div class=\"block__content\"><div class=\"image-gallery\"><div class=\"image-gallery__main\"><div class=\"image-gallery__item\"><img decoding=\"async\" src=\"https:\/\/pansion-riviera-silo.com\/wp-content\/uploads\/2022\/01\/Silo-KRK-001-748x400.jpg\" alt=\"\"><\/div><div class=\"image-gallery__item\"><img decoding=\"async\" src=\"https:\/\/pansion-riviera-silo.com\/wp-content\/uploads\/2022\/01\/Silo-KRK-012-748x400.jpg\" alt=\"\"><\/div><div class=\"image-gallery__item\"><img decoding=\"async\" src=\"https:\/\/pansion-riviera-silo.com\/wp-content\/uploads\/2022\/01\/Silo-KRK-015-748x400.jpg\" alt=\"\"><\/div><div class=\"image-gallery__item\"><img decoding=\"async\" src=\"https:\/\/pansion-riviera-silo.com\/wp-content\/uploads\/2022\/04\/20220306_152101-748x400.jpg\" alt=\"\"><\/div><div class=\"image-gallery__item\"><img decoding=\"async\" src=\"https:\/\/pansion-riviera-silo.com\/wp-content\/uploads\/2022\/04\/20220306_152153-748x400.jpg\" alt=\"\"><\/div><div class=\"image-gallery__item\"><img decoding=\"async\" src=\"https:\/\/pansion-riviera-silo.com\/wp-content\/uploads\/2022\/04\/20220306_152506-748x400.jpg\" alt=\"\"><\/div><div class=\"image-gallery__item\"><img decoding=\"async\" src=\"https:\/\/pansion-riviera-silo.com\/wp-content\/uploads\/2022\/04\/20220306_152257-748x400.jpg\" alt=\"\"><\/div><div class=\"image-gallery__item\"><img decoding=\"async\" src=\"https:\/\/pansion-riviera-silo.com\/wp-content\/uploads\/2022\/04\/20220306_152410-748x400.jpg\" alt=\"\"><\/div><div class=\"image-gallery__item\"><img decoding=\"async\" src=\"https:\/\/pansion-riviera-silo.com\/wp-content\/uploads\/2022\/04\/20220306_152326-748x400.jpg\" alt=\"\"><\/div><div class=\"image-gallery__item\"><img decoding=\"async\" src=\"https:\/\/pansion-riviera-silo.com\/wp-content\/uploads\/2022\/04\/20220306_152212-748x400.jpg\" alt=\"\"><\/div><div class=\"image-gallery__item\"><img decoding=\"async\" src=\"https:\/\/pansion-riviera-silo.com\/wp-content\/uploads\/2022\/02\/DJI_0030-748x400.jpg\" alt=\"\"><\/div><div class=\"image-gallery__item\"><img decoding=\"async\" src=\"https:\/\/pansion-riviera-silo.com\/wp-content\/uploads\/2022\/02\/DJI_0028-748x400.jpg\" alt=\"\"><\/div><\/div><ul class=\"image-gallery__thumbs\"><li class=\"image-gallery__thumb\"><button class=\"image-gallery__button\"><img decoding=\"async\" src=\"https:\/\/pansion-riviera-silo.com\/wp-content\/uploads\/2022\/01\/Silo-KRK-001-178x95.jpg\" alt=\"\"><\/button><\/li><li class=\"image-gallery__thumb\"><button class=\"image-gallery__button\"><img decoding=\"async\" src=\"https:\/\/pansion-riviera-silo.com\/wp-content\/uploads\/2022\/01\/Silo-KRK-012-178x95.jpg\" alt=\"\"><\/button><\/li><li class=\"image-gallery__thumb\"><button class=\"image-gallery__button\"><img decoding=\"async\" src=\"https:\/\/pansion-riviera-silo.com\/wp-content\/uploads\/2022\/01\/Silo-KRK-015-178x95.jpg\" alt=\"\"><\/button><\/li><li class=\"image-gallery__thumb\"><button class=\"image-gallery__button\"><img decoding=\"async\" src=\"https:\/\/pansion-riviera-silo.com\/wp-content\/uploads\/2022\/04\/20220306_152101-178x95.jpg\" alt=\"\"><\/button><\/li><li class=\"image-gallery__thumb\"><button class=\"image-gallery__button\"><img decoding=\"async\" src=\"https:\/\/pansion-riviera-silo.com\/wp-content\/uploads\/2022\/04\/20220306_152153-178x95.jpg\" alt=\"\"><\/button><\/li><li class=\"image-gallery__thumb\"><button class=\"image-gallery__button\"><img decoding=\"async\" src=\"https:\/\/pansion-riviera-silo.com\/wp-content\/uploads\/2022\/04\/20220306_152506-178x95.jpg\" alt=\"\"><\/button><\/li><li class=\"image-gallery__thumb\"><button class=\"image-gallery__button\"><img decoding=\"async\" src=\"https:\/\/pansion-riviera-silo.com\/wp-content\/uploads\/2022\/04\/20220306_152257-178x95.jpg\" alt=\"\"><\/button><\/li><li class=\"image-gallery__thumb\"><button class=\"image-gallery__button\"><img decoding=\"async\" src=\"https:\/\/pansion-riviera-silo.com\/wp-content\/uploads\/2022\/04\/20220306_152410-178x95.jpg\" alt=\"\"><\/button><\/li><li class=\"image-gallery__thumb\"><button class=\"image-gallery__button\"><img decoding=\"async\" src=\"https:\/\/pansion-riviera-silo.com\/wp-content\/uploads\/2022\/04\/20220306_152326-178x95.jpg\" alt=\"\"><\/button><\/li><li class=\"image-gallery__thumb\"><button class=\"image-gallery__button\"><img decoding=\"async\" src=\"https:\/\/pansion-riviera-silo.com\/wp-content\/uploads\/2022\/04\/20220306_152212-178x95.jpg\" alt=\"\"><\/button><\/li><li class=\"image-gallery__thumb\"><button class=\"image-gallery__button\"><img decoding=\"async\" src=\"https:\/\/pansion-riviera-silo.com\/wp-content\/uploads\/2022\/02\/DJI_0030-178x95.jpg\" alt=\"\"><\/button><\/li><li class=\"image-gallery__thumb\"><button class=\"image-gallery__button\"><img decoding=\"async\" src=\"https:\/\/pansion-riviera-silo.com\/wp-content\/uploads\/2022\/02\/DJI_0028-178x95.jpg\" alt=\"\"><\/button><\/li><\/ul><\/div><\/div><\/div>[vc_empty_space]<div class=\"text-left\"><a  class=\"btn btn--md btn--normal\" href=\"https:\/\/live.ipms247.com\/booking\/book-rooms-pensionzebairiviera-de-Deutsch\" title=\"button\" target=\"_self\">Buchen Sie jetzt<\/a><\/div>[\/vc_column][vc_column width=&#8221;1\/6&#8243;]<div class=\"text-block \" ><div class=\"simple-text \"><p><strong>In Ihrem privaten Badezimmer:<\/strong><\/p>\n<\/div><\/div><ul  class=\"list mb-0 list--check\"><li class=\"list__item\">Kostenlose Toilettenartikel<\/li><li class=\"list__item\">Toilette<\/li><li class=\"list__item\">Bad oder Dusche<\/li><li class=\"list__item\">Handt\u00fccher<\/li><li class=\"list__item\">Whirlpool<\/li><li class=\"list__item\">F\u00f6n<\/li><li class=\"list__item\">Handt\u00fccher\/Bettw\u00e4sche (gegen Geb\u00fchr)<\/li><li class=\"list__item\">Toilettenpapier<\/li><\/ul><div class=\"text-block \" ><div class=\"simple-text \"><p><strong>Aussicht:<\/strong><\/p>\n<\/div><\/div><ul  class=\"list mb-0 list--check\"><li class=\"list__item\">Meerblick<\/li><li class=\"list__item\">Gartenaussicht<\/li><li class=\"list__item\">Blick auf den Pool<\/li><li class=\"list__item\">Stadtblick<\/li><li class=\"list__item\">Blick auf den Innenhof<\/li><\/ul>[\/vc_column][vc_column width=&#8221;1\/6&#8243;]<div class=\"text-block \" ><div class=\"simple-text \"><p><strong>Zimmerausstattung:<\/strong><\/p>\n<\/div><\/div><ul  class=\"list mb-0 list--check\"><li class=\"list__item\">Obere Stockwerke nur \u00fcber eine Treppe erreichbar<\/li><li class=\"list__item\">Extralange Betten (&gt; 2 Meter)<\/li><li class=\"list__item\">Begehbarer Kleiderschrank<\/li><li class=\"list__item\">Kleiderschrank oder Schrank<\/li><li class=\"list__item\">Klimaanlage<\/li><li class=\"list__item\">Sicher<\/li><li class=\"list__item\">Fliesen-\/Marmorboden<\/li><li class=\"list__item\">Moskitonetz<\/li><li class=\"list__item\">Eisen<\/li><li class=\"list__item\">Heizung<\/li><li class=\"list__item\">Fan<\/li><li class=\"list__item\">Teppichboden<\/li><li class=\"list__item\">Kohlenmonoxiddetektor<\/li><li class=\"list__item\">Pult<\/li><\/ul>[\/vc_column][vc_column width=&#8221;1\/6&#8243;]<ul  class=\"list mb-0 list--check\"><li class=\"list__item\">Sitzbereich<\/li><li class=\"list__item\"> TV<\/li><li class=\"list__item\">Satellitenkan\u00e4le<\/li><li class=\"list__item\">Flachbildfernseher<\/li><li class=\"list__item\">Kabelkan\u00e4le<\/li><li class=\"list__item\">Terrasse<\/li><li class=\"list__item\">Privater Pool<\/li><li class=\"list__item\">Luftreiniger<\/li><li class=\"list__item\">Steckdose neben dem Bett<\/li><li class=\"list__item\">Kleiderst\u00e4nder<\/li><\/ul>[\/vc_column][\/vc_row]<\/p>\n<\/div>","protected":false},"excerpt":{"rendered":"<p>[vc_row css=&#8221;.vc_custom_1635774623031{padding-top: 70px !important;background-position: center !important;background-repeat: no-repeat !important;background-size: cover !important;}&#8221;][vc_column width=&#8221;1\/2&#8243; css=&#8221;.vc_custom_1635771327965{background-position: center !important;background-repeat: no-repeat !important;background-size: cover !important;}&#8221;][vc_empty_space height=&#8221;50px&#8221;][vc_empty_space][vc_row_inner content_placement=&#8221;middle&#8221;][vc_column_inner width=&#8221;1\/6&#8243;][vc_single_image image=&#8221;3632&#8243; img_size=&#8221;25 x 33&#8243; alignment=&#8221;center&#8221;][\/vc_column_inner][vc_column_inner width=&#8221;5\/6&#8243;][\/vc_column_inner][\/vc_row_inner][vc_row_inner content_placement=&#8221;top&#8221;][vc_column_inner width=&#8221;1\/6&#8243;][vc_single_image image=&#8221;3635&#8243; img_size=&#8221;25 x 25&#8243; alignment=&#8221;center&#8221;][\/vc_column_inner][vc_column_inner width=&#8221;5\/6&#8243;][\/vc_column_inner][\/vc_row_inner][\/vc_column][vc_column width=&#8221;1\/2&#8243;][vc_single_image image=&#8221;4290&#8243; img_size=&#8221;full&#8221;][\/vc_column][\/vc_row][vc_row full_width=&#8221;stretch_row_content&#8221; gap=&#8221;10&#8243; content_placement=&#8221;middle&#8221; css=&#8221;.vc_custom_1635776020859{padding-top: 20px !important;padding-right: 20px !important;padding-bottom: 20px !important;padding-left: 20px !important;background-color: #f1f4f7 !important;}&#8221;][vc_column width=&#8221;3\/6&#8243;][vc_custom_heading text=&#8221;\u0160ilo Wohnungen&#8221;][vc_empty_space][\/vc_column][vc_column [&hellip;]<\/p>\n","protected":false},"author":1,"featured_media":0,"parent":0,"menu_order":0,"comment_status":"closed","ping_status":"closed","template":"","meta":{"footnotes":""},"class_list":["post-4221","page","type-page","status-publish","hentry"],"yoast_head":"<!-- This site is optimized with the Yoast SEO plugin v27.5 - https:\/\/yoast.com\/product\/yoast-seo-wordpress\/ -->\n<title>Silo Wohnungen - Pension Riviera \u0160ilo<\/title>\n<meta name=\"description\" content=\"In the island place \u0160ilo, having a picturesque position in the Kvarner bay, you can enjoy you holiday only 50 meters apart from the romantic harbour.\" \/>\n<meta name=\"robots\" content=\"index, follow, max-snippet:-1, max-image-preview:large, max-video-preview:-1\" \/>\n<link rel=\"canonical\" href=\"https:\/\/pansion-riviera-silo.com\/de\/silo-wohnungen\/\" \/>\n<meta property=\"og:locale\" content=\"de_DE\" \/>\n<meta property=\"og:type\" content=\"article\" \/>\n<meta property=\"og:title\" content=\"Silo Wohnungen - Pension Riviera \u0160ilo\" \/>\n<meta property=\"og:description\" content=\"In the island place \u0160ilo, having a picturesque position in the Kvarner bay, you can enjoy you holiday only 50 meters apart from the romantic harbour.\" \/>\n<meta property=\"og:url\" content=\"https:\/\/pansion-riviera-silo.com\/de\/silo-wohnungen\/\" \/>\n<meta property=\"og:site_name\" content=\"Pension Riviera \u0160ilo\" \/>\n<meta property=\"article:modified_time\" content=\"2023-01-12T10:24:00+00:00\" \/>\n<meta property=\"og:image\" content=\"https:\/\/pansion-riviera-silo.com\/wp-content\/uploads\/2020\/03\/wifi-line-e1585509962518.png\" \/>\n<meta name=\"twitter:card\" content=\"summary_large_image\" \/>\n<meta name=\"twitter:label1\" content=\"Gesch\u00e4tzte Lesezeit\" \/>\n\t<meta name=\"twitter:data1\" content=\"2\u00a0Minuten\" \/>\n<script type=\"application\/ld+json\" class=\"yoast-schema-graph\">{\"@context\":\"https:\\\/\\\/schema.org\",\"@graph\":[{\"@type\":\"WebPage\",\"@id\":\"https:\\\/\\\/pansion-riviera-silo.com\\\/de\\\/silo-wohnungen\\\/\",\"url\":\"https:\\\/\\\/pansion-riviera-silo.com\\\/de\\\/silo-wohnungen\\\/\",\"name\":\"Silo Wohnungen - Pension Riviera \u0160ilo\",\"isPartOf\":{\"@id\":\"https:\\\/\\\/pansion-riviera-silo.com\\\/de\\\/#website\"},\"primaryImageOfPage\":{\"@id\":\"https:\\\/\\\/pansion-riviera-silo.com\\\/de\\\/silo-wohnungen\\\/#primaryimage\"},\"image\":{\"@id\":\"https:\\\/\\\/pansion-riviera-silo.com\\\/de\\\/silo-wohnungen\\\/#primaryimage\"},\"thumbnailUrl\":\"https:\\\/\\\/pansion-riviera-silo.com\\\/wp-content\\\/uploads\\\/2020\\\/03\\\/wifi-line-e1585509962518.png\",\"datePublished\":\"2022-01-03T10:32:59+00:00\",\"dateModified\":\"2023-01-12T10:24:00+00:00\",\"description\":\"In the island place \u0160ilo, having a picturesque position in the Kvarner bay, you can enjoy you holiday only 50 meters apart from the romantic harbour.\",\"breadcrumb\":{\"@id\":\"https:\\\/\\\/pansion-riviera-silo.com\\\/de\\\/silo-wohnungen\\\/#breadcrumb\"},\"inLanguage\":\"de\",\"potentialAction\":[{\"@type\":\"ReadAction\",\"target\":[\"https:\\\/\\\/pansion-riviera-silo.com\\\/de\\\/silo-wohnungen\\\/\"]}]},{\"@type\":\"ImageObject\",\"inLanguage\":\"de\",\"@id\":\"https:\\\/\\\/pansion-riviera-silo.com\\\/de\\\/silo-wohnungen\\\/#primaryimage\",\"url\":\"https:\\\/\\\/pansion-riviera-silo.com\\\/wp-content\\\/uploads\\\/2020\\\/03\\\/wifi-line-e1585509962518.png\",\"contentUrl\":\"https:\\\/\\\/pansion-riviera-silo.com\\\/wp-content\\\/uploads\\\/2020\\\/03\\\/wifi-line-e1585509962518.png\"},{\"@type\":\"BreadcrumbList\",\"@id\":\"https:\\\/\\\/pansion-riviera-silo.com\\\/de\\\/silo-wohnungen\\\/#breadcrumb\",\"itemListElement\":[{\"@type\":\"ListItem\",\"position\":1,\"name\":\"Home\",\"item\":\"https:\\\/\\\/pansion-riviera-silo.com\\\/de\\\/\"},{\"@type\":\"ListItem\",\"position\":2,\"name\":\"Silo Wohnungen\"}]},{\"@type\":\"WebSite\",\"@id\":\"https:\\\/\\\/pansion-riviera-silo.com\\\/de\\\/#website\",\"url\":\"https:\\\/\\\/pansion-riviera-silo.com\\\/de\\\/\",\"name\":\"Pension Riviera \u0160ilo\",\"description\":\"Pension Riviera \u0160ilo\",\"publisher\":{\"@id\":\"https:\\\/\\\/pansion-riviera-silo.com\\\/de\\\/#organization\"},\"potentialAction\":[{\"@type\":\"SearchAction\",\"target\":{\"@type\":\"EntryPoint\",\"urlTemplate\":\"https:\\\/\\\/pansion-riviera-silo.com\\\/de\\\/?s={search_term_string}\"},\"query-input\":{\"@type\":\"PropertyValueSpecification\",\"valueRequired\":true,\"valueName\":\"search_term_string\"}}],\"inLanguage\":\"de\"},{\"@type\":\"Organization\",\"@id\":\"https:\\\/\\\/pansion-riviera-silo.com\\\/de\\\/#organization\",\"name\":\"Pension Riviera \u0160ilo\",\"url\":\"https:\\\/\\\/pansion-riviera-silo.com\\\/de\\\/\",\"logo\":{\"@type\":\"ImageObject\",\"inLanguage\":\"de\",\"@id\":\"https:\\\/\\\/pansion-riviera-silo.com\\\/de\\\/#\\\/schema\\\/logo\\\/image\\\/\",\"url\":\"https:\\\/\\\/pansion-riviera-silo.com\\\/wp-content\\\/uploads\\\/2020\\\/03\\\/a468c7_babd01d2a3984a3d911e0ace03187d68_mv2.png\",\"contentUrl\":\"https:\\\/\\\/pansion-riviera-silo.com\\\/wp-content\\\/uploads\\\/2020\\\/03\\\/a468c7_babd01d2a3984a3d911e0ace03187d68_mv2.png\",\"width\":86,\"height\":74,\"caption\":\"Pension Riviera \u0160ilo\"},\"image\":{\"@id\":\"https:\\\/\\\/pansion-riviera-silo.com\\\/de\\\/#\\\/schema\\\/logo\\\/image\\\/\"}}]}<\/script>\n<!-- \/ Yoast SEO plugin. -->","yoast_head_json":{"title":"Silo Wohnungen - Pension Riviera \u0160ilo","description":"In the island place \u0160ilo, having a picturesque position in the Kvarner bay, you can enjoy you holiday only 50 meters apart from the romantic harbour.","robots":{"index":"index","follow":"follow","max-snippet":"max-snippet:-1","max-image-preview":"max-image-preview:large","max-video-preview":"max-video-preview:-1"},"canonical":"https:\/\/pansion-riviera-silo.com\/de\/silo-wohnungen\/","og_locale":"de_DE","og_type":"article","og_title":"Silo Wohnungen - Pension Riviera \u0160ilo","og_description":"In the island place \u0160ilo, having a picturesque position in the Kvarner bay, you can enjoy you holiday only 50 meters apart from the romantic harbour.","og_url":"https:\/\/pansion-riviera-silo.com\/de\/silo-wohnungen\/","og_site_name":"Pension Riviera \u0160ilo","article_modified_time":"2023-01-12T10:24:00+00:00","og_image":[{"url":"https:\/\/pansion-riviera-silo.com\/wp-content\/uploads\/2020\/03\/wifi-line-e1585509962518.png","type":"","width":"","height":""}],"twitter_card":"summary_large_image","twitter_misc":{"Gesch\u00e4tzte Lesezeit":"2\u00a0Minuten"},"schema":{"@context":"https:\/\/schema.org","@graph":[{"@type":"WebPage","@id":"https:\/\/pansion-riviera-silo.com\/de\/silo-wohnungen\/","url":"https:\/\/pansion-riviera-silo.com\/de\/silo-wohnungen\/","name":"Silo Wohnungen - Pension Riviera \u0160ilo","isPartOf":{"@id":"https:\/\/pansion-riviera-silo.com\/de\/#website"},"primaryImageOfPage":{"@id":"https:\/\/pansion-riviera-silo.com\/de\/silo-wohnungen\/#primaryimage"},"image":{"@id":"https:\/\/pansion-riviera-silo.com\/de\/silo-wohnungen\/#primaryimage"},"thumbnailUrl":"https:\/\/pansion-riviera-silo.com\/wp-content\/uploads\/2020\/03\/wifi-line-e1585509962518.png","datePublished":"2022-01-03T10:32:59+00:00","dateModified":"2023-01-12T10:24:00+00:00","description":"In the island place \u0160ilo, having a picturesque position in the Kvarner bay, you can enjoy you holiday only 50 meters apart from the romantic harbour.","breadcrumb":{"@id":"https:\/\/pansion-riviera-silo.com\/de\/silo-wohnungen\/#breadcrumb"},"inLanguage":"de","potentialAction":[{"@type":"ReadAction","target":["https:\/\/pansion-riviera-silo.com\/de\/silo-wohnungen\/"]}]},{"@type":"ImageObject","inLanguage":"de","@id":"https:\/\/pansion-riviera-silo.com\/de\/silo-wohnungen\/#primaryimage","url":"https:\/\/pansion-riviera-silo.com\/wp-content\/uploads\/2020\/03\/wifi-line-e1585509962518.png","contentUrl":"https:\/\/pansion-riviera-silo.com\/wp-content\/uploads\/2020\/03\/wifi-line-e1585509962518.png"},{"@type":"BreadcrumbList","@id":"https:\/\/pansion-riviera-silo.com\/de\/silo-wohnungen\/#breadcrumb","itemListElement":[{"@type":"ListItem","position":1,"name":"Home","item":"https:\/\/pansion-riviera-silo.com\/de\/"},{"@type":"ListItem","position":2,"name":"Silo Wohnungen"}]},{"@type":"WebSite","@id":"https:\/\/pansion-riviera-silo.com\/de\/#website","url":"https:\/\/pansion-riviera-silo.com\/de\/","name":"Pension Riviera \u0160ilo","description":"Pension Riviera \u0160ilo","publisher":{"@id":"https:\/\/pansion-riviera-silo.com\/de\/#organization"},"potentialAction":[{"@type":"SearchAction","target":{"@type":"EntryPoint","urlTemplate":"https:\/\/pansion-riviera-silo.com\/de\/?s={search_term_string}"},"query-input":{"@type":"PropertyValueSpecification","valueRequired":true,"valueName":"search_term_string"}}],"inLanguage":"de"},{"@type":"Organization","@id":"https:\/\/pansion-riviera-silo.com\/de\/#organization","name":"Pension Riviera \u0160ilo","url":"https:\/\/pansion-riviera-silo.com\/de\/","logo":{"@type":"ImageObject","inLanguage":"de","@id":"https:\/\/pansion-riviera-silo.com\/de\/#\/schema\/logo\/image\/","url":"https:\/\/pansion-riviera-silo.com\/wp-content\/uploads\/2020\/03\/a468c7_babd01d2a3984a3d911e0ace03187d68_mv2.png","contentUrl":"https:\/\/pansion-riviera-silo.com\/wp-content\/uploads\/2020\/03\/a468c7_babd01d2a3984a3d911e0ace03187d68_mv2.png","width":86,"height":74,"caption":"Pension Riviera \u0160ilo"},"image":{"@id":"https:\/\/pansion-riviera-silo.com\/de\/#\/schema\/logo\/image\/"}}]}},"_links":{"self":[{"href":"https:\/\/pansion-riviera-silo.com\/de\/wp-json\/wp\/v2\/pages\/4221","targetHints":{"allow":["GET"]}}],"collection":[{"href":"https:\/\/pansion-riviera-silo.com\/de\/wp-json\/wp\/v2\/pages"}],"about":[{"href":"https:\/\/pansion-riviera-silo.com\/de\/wp-json\/wp\/v2\/types\/page"}],"author":[{"embeddable":true,"href":"https:\/\/pansion-riviera-silo.com\/de\/wp-json\/wp\/v2\/users\/1"}],"replies":[{"embeddable":true,"href":"https:\/\/pansion-riviera-silo.com\/de\/wp-json\/wp\/v2\/comments?post=4221"}],"version-history":[{"count":0,"href":"https:\/\/pansion-riviera-silo.com\/de\/wp-json\/wp\/v2\/pages\/4221\/revisions"}],"wp:attachment":[{"href":"https:\/\/pansion-riviera-silo.com\/de\/wp-json\/wp\/v2\/media?parent=4221"}],"curies":[{"name":"wp","href":"https:\/\/api.w.org\/{rel}","templated":true}]}}