{"id":3221,"date":"2020-03-30T13:23:26","date_gmt":"2020-03-30T13:23:26","guid":{"rendered":"https:\/\/pension-zeba.com\/ein-fahrrad-ausleihen\/"},"modified":"2021-11-27T20:14:22","modified_gmt":"2021-11-27T20:14:22","slug":"ein-fahrrad-ausleihen","status":"publish","type":"page","link":"https:\/\/pansion-riviera-silo.com\/de\/ein-fahrrad-ausleihen\/","title":{"rendered":"Ein Fahrrad ausleihen"},"content":{"rendered":"<div class=\"wpb-content-wrapper\"><p>[vc_row][vc_column][vc_custom_heading text=&#8221;Unsere Leistungen&#8221;][\/vc_column][\/vc_row][vc_row css=&#8221;.vc_custom_1635800924783{padding-top: 30px !important;background-color: #f1f4f7 !important;}&#8221;][vc_column width=&#8221;1\/2&#8243;][vc_single_image image=&#8221;3093&#8243; img_size=&#8221;full&#8221;][\/vc_column][vc_column width=&#8221;1\/2&#8243;]<div class=\"text-block \" ><div class=\"simple-text \"><h2 class=\"_1aqyk\" data-hook=\"name\">Ein Fahrrad ausleihen 1 h<\/h2>\n<p><strong>1hr \/ \u20ac4<\/strong><\/p>\n<p>Krk Island liebt Radfahrer!<br \/>\nKrk hat sch\u00f6ne Rad- und Wanderwege, die sehr gut markiert sind. Von der Br\u00fccke nach Baska ist ein gutes Netz von Wegen und Pfaden sowohl f\u00fcr Anf\u00e4nger als auch f\u00fcr professionelle Radfahrer gedacht, die Herausforderungen suchen.<\/p>\n<\/div><\/div>[vc_empty_space]<a  class=\"btn btn--md btn--normal\" href=\"https:\/\/pansion-riviera-silo.com\/contact\/\" title=\"Contact\" target=\"_self\">Buchen Sie jetzt<\/a>[vc_empty_space][\/vc_column][\/vc_row][vc_row][vc_column width=&#8221;1\/2&#8243;][vc_single_image image=&#8221;3095&#8243; img_size=&#8221;full&#8221;][\/vc_column][vc_column width=&#8221;1\/2&#8243;]<div class=\"text-block \" ><div class=\"simple-text \"><h2 class=\"_1aqyk\" data-hook=\"name\">Ein Fahrrad ausleihen 2 h<\/h2>\n<p><strong>2hr \/ \u20ac7<\/strong><\/p>\n<p>Krk Island liebt Radfahrer!<br \/>\nKrk hat sch\u00f6ne Rad- und Wanderwege, die sehr gut markiert sind. Von der Br\u00fccke nach Baska ist ein gutes Netz von Wegen und Pfaden sowohl f\u00fcr Anf\u00e4nger als auch f\u00fcr professionelle Radfahrer gedacht, die Herausforderungen suchen.<\/p>\n<\/div><\/div>[vc_empty_space]<a  class=\"btn btn--md btn--normal\" href=\"https:\/\/pansion-riviera-silo.com\/contact\/\" title=\"Contact\" target=\"_self\">Buchen Sie jetzt<\/a>[vc_empty_space][\/vc_column][\/vc_row][vc_row css=&#8221;.vc_custom_1635800880617{padding-top: 30px !important;background-color: #f1f4f7 !important;}&#8221;][vc_column width=&#8221;1\/2&#8243;][vc_single_image image=&#8221;3054&#8243; img_size=&#8221;full&#8221;][\/vc_column][vc_column width=&#8221;1\/2&#8243;]<div class=\"text-block \" ><div class=\"simple-text \"><h2 class=\"_1aqyk\" data-hook=\"name\">Ein Fahrrad ausleihen 1 tag<\/h2>\n<p><strong>1tag \/ \u20ac15<\/strong><\/p>\n<p>Krk Island liebt Radfahrer!<br \/>\nKrk hat sch\u00f6ne Rad- und Wanderwege, die sehr gut markiert sind. Von der Br\u00fccke nach Baska ist ein gutes Netz von Wegen und Pfaden sowohl f\u00fcr Anf\u00e4nger als auch f\u00fcr professionelle Radfahrer gedacht, die Herausforderungen suchen.<\/p>\n<\/div><\/div>[vc_empty_space]<a  class=\"btn btn--md btn--normal\" href=\"https:\/\/pansion-riviera-silo.com\/contact\/\" title=\"Contact\" target=\"_self\">Buchen Sie jetzt<\/a>[vc_empty_space][\/vc_column][\/vc_row][vc_row css=&#8221;.vc_custom_1635800984568{margin-top: 30px !important;margin-bottom: 30px !important;}&#8221;][vc_column width=&#8221;1\/2&#8243;][vc_single_image image=&#8221;3097&#8243; img_size=&#8221;full&#8221;][\/vc_column][vc_column width=&#8221;1\/2&#8243;]<div class=\"text-block \" ><div class=\"simple-text \"><h2 class=\"_1aqyk\" data-hook=\"name\">Ein Fahrrad ausleihen 2 tage<\/h2>\n<p><strong>2 tage\/ \u20ac24<\/strong><\/p>\n<p>Krk Island liebt Radfahrer!<br \/>\nKrk hat sch\u00f6ne Rad- und Wanderwege, die sehr gut markiert sind. Von der Br\u00fccke nach Baska ist ein gutes Netz von Wegen und Pfaden sowohl f\u00fcr Anf\u00e4nger als auch f\u00fcr professionelle Radfahrer gedacht, die Herausforderungen suchen.<\/p>\n<\/div><\/div>[vc_empty_space]<a  class=\"btn btn--md btn--normal\" href=\"https:\/\/pansion-riviera-silo.com\/contact\/\" title=\"Contact\" target=\"_self\">Buchen Sie jetzt<\/a>[vc_empty_space][\/vc_column][\/vc_row][vc_row css=&#8221;.vc_custom_1635800997159{padding-top: 30px !important;background-color: #f1f4f7 !important;}&#8221;][vc_column width=&#8221;1\/2&#8243;][vc_single_image image=&#8221;3099&#8243; img_size=&#8221;full&#8221;][\/vc_column][vc_column width=&#8221;1\/2&#8243;]<div class=\"text-block \" ><div class=\"simple-text \"><h2 class=\"_1aqyk\" data-hook=\"name\">Fahrradverleih 3 Tage<\/h2>\n<p><strong>3 tage \/ \u20ac37<\/strong><\/p>\n<p>Krk Island liebt Radfahrer!<br \/>\nKrk hat sch\u00f6ne Rad- und Wanderwege, die sehr gut markiert sind. Von der Br\u00fccke nach Baska ist ein gutes Netz von Wegen und Pfaden sowohl f\u00fcr Anf\u00e4nger als auch f\u00fcr professionelle Radfahrer gedacht, die Herausforderungen suchen.<\/p>\n<\/div><\/div><a  class=\"btn btn--md btn--normal\" href=\"https:\/\/pansion-riviera-silo.com\/contact\/\" title=\"Contact\" target=\"_self\">Buchen Sie jetzt<\/a>[\/vc_column][vc_column][\/vc_column][\/vc_row]<\/p>\n<\/div>","protected":false},"excerpt":{"rendered":"<p>[vc_row][vc_column][vc_custom_heading text=&#8221;Unsere Leistungen&#8221;][\/vc_column][\/vc_row][vc_row css=&#8221;.vc_custom_1635800924783{padding-top: 30px !important;background-color: #f1f4f7 !important;}&#8221;][vc_column width=&#8221;1\/2&#8243;][vc_single_image image=&#8221;3093&#8243; img_size=&#8221;full&#8221;][\/vc_column][vc_column width=&#8221;1\/2&#8243;][vc_empty_space][vc_empty_space][\/vc_column][\/vc_row][vc_row][vc_column width=&#8221;1\/2&#8243;][vc_single_image image=&#8221;3095&#8243; img_size=&#8221;full&#8221;][\/vc_column][vc_column width=&#8221;1\/2&#8243;][vc_empty_space][vc_empty_space][\/vc_column][\/vc_row][vc_row css=&#8221;.vc_custom_1635800880617{padding-top: 30px !important;background-color: #f1f4f7 !important;}&#8221;][vc_column width=&#8221;1\/2&#8243;][vc_single_image image=&#8221;3054&#8243; img_size=&#8221;full&#8221;][\/vc_column][vc_column width=&#8221;1\/2&#8243;][vc_empty_space][vc_empty_space][\/vc_column][\/vc_row][vc_row css=&#8221;.vc_custom_1635800984568{margin-top: 30px !important;margin-bottom: 30px !important;}&#8221;][vc_column width=&#8221;1\/2&#8243;][vc_single_image image=&#8221;3097&#8243; img_size=&#8221;full&#8221;][\/vc_column][vc_column width=&#8221;1\/2&#8243;][vc_empty_space][vc_empty_space][\/vc_column][\/vc_row][vc_row css=&#8221;.vc_custom_1635800997159{padding-top: 30px !important;background-color: #f1f4f7 !important;}&#8221;][vc_column width=&#8221;1\/2&#8243;][vc_single_image image=&#8221;3099&#8243; img_size=&#8221;full&#8221;][\/vc_column][vc_column width=&#8221;1\/2&#8243;][\/vc_column][vc_column][\/vc_column][\/vc_row]<\/p>\n","protected":false},"author":1,"featured_media":0,"parent":0,"menu_order":0,"comment_status":"closed","ping_status":"closed","template":"","meta":{"footnotes":""},"class_list":["post-3221","page","type-page","status-publish","hentry"],"yoast_head":"<!-- This site is optimized with the Yoast SEO plugin v27.5 - https:\/\/yoast.com\/product\/yoast-seo-wordpress\/ -->\n<title>Ein Fahrrad ausleihen - Pension Riviera \u0160ilo<\/title>\n<meta name=\"description\" content=\"In the island place \u0160ilo, having a picturesque position in the Kvarner bay, you can enjoy you holiday only 50 meters apart from the romantic harbour.\" \/>\n<meta name=\"robots\" content=\"index, follow, max-snippet:-1, max-image-preview:large, max-video-preview:-1\" \/>\n<link rel=\"canonical\" href=\"https:\/\/pansion-riviera-silo.com\/de\/ein-fahrrad-ausleihen\/\" \/>\n<meta property=\"og:locale\" content=\"de_DE\" \/>\n<meta property=\"og:type\" content=\"article\" \/>\n<meta property=\"og:title\" content=\"Ein Fahrrad ausleihen - Pension Riviera \u0160ilo\" \/>\n<meta property=\"og:description\" content=\"In the island place \u0160ilo, having a picturesque position in the Kvarner bay, you can enjoy you holiday only 50 meters apart from the romantic harbour.\" \/>\n<meta property=\"og:url\" content=\"https:\/\/pansion-riviera-silo.com\/de\/ein-fahrrad-ausleihen\/\" \/>\n<meta property=\"og:site_name\" content=\"Pension Riviera \u0160ilo\" \/>\n<meta property=\"article:modified_time\" content=\"2021-11-27T20:14:22+00:00\" \/>\n<meta property=\"og:image\" content=\"https:\/\/pansion-riviera-silo.com\/wp-content\/uploads\/2021\/11\/280370702-9.jpg\" \/>\n\t<meta property=\"og:image:width\" content=\"1024\" \/>\n\t<meta property=\"og:image:height\" content=\"683\" \/>\n\t<meta property=\"og:image:type\" content=\"image\/jpeg\" \/>\n<meta name=\"twitter:card\" content=\"summary_large_image\" \/>\n<meta name=\"twitter:label1\" content=\"Gesch\u00e4tzte Lesezeit\" \/>\n\t<meta name=\"twitter:data1\" content=\"2\u00a0Minuten\" \/>\n<script type=\"application\/ld+json\" class=\"yoast-schema-graph\">{\"@context\":\"https:\\\/\\\/schema.org\",\"@graph\":[{\"@type\":\"WebPage\",\"@id\":\"https:\\\/\\\/pansion-riviera-silo.com\\\/de\\\/ein-fahrrad-ausleihen\\\/\",\"url\":\"https:\\\/\\\/pansion-riviera-silo.com\\\/de\\\/ein-fahrrad-ausleihen\\\/\",\"name\":\"Ein Fahrrad ausleihen - Pension Riviera \u0160ilo\",\"isPartOf\":{\"@id\":\"https:\\\/\\\/pansion-riviera-silo.com\\\/de\\\/#website\"},\"datePublished\":\"2020-03-30T13:23:26+00:00\",\"dateModified\":\"2021-11-27T20:14:22+00:00\",\"description\":\"In the island place \u0160ilo, having a picturesque position in the Kvarner bay, you can enjoy you holiday only 50 meters apart from the romantic harbour.\",\"breadcrumb\":{\"@id\":\"https:\\\/\\\/pansion-riviera-silo.com\\\/de\\\/ein-fahrrad-ausleihen\\\/#breadcrumb\"},\"inLanguage\":\"de\",\"potentialAction\":[{\"@type\":\"ReadAction\",\"target\":[\"https:\\\/\\\/pansion-riviera-silo.com\\\/de\\\/ein-fahrrad-ausleihen\\\/\"]}]},{\"@type\":\"BreadcrumbList\",\"@id\":\"https:\\\/\\\/pansion-riviera-silo.com\\\/de\\\/ein-fahrrad-ausleihen\\\/#breadcrumb\",\"itemListElement\":[{\"@type\":\"ListItem\",\"position\":1,\"name\":\"Home\",\"item\":\"https:\\\/\\\/pansion-riviera-silo.com\\\/de\\\/\"},{\"@type\":\"ListItem\",\"position\":2,\"name\":\"Ein Fahrrad ausleihen\"}]},{\"@type\":\"WebSite\",\"@id\":\"https:\\\/\\\/pansion-riviera-silo.com\\\/de\\\/#website\",\"url\":\"https:\\\/\\\/pansion-riviera-silo.com\\\/de\\\/\",\"name\":\"Pension Riviera \u0160ilo\",\"description\":\"Pension Riviera \u0160ilo\",\"publisher\":{\"@id\":\"https:\\\/\\\/pansion-riviera-silo.com\\\/de\\\/#organization\"},\"potentialAction\":[{\"@type\":\"SearchAction\",\"target\":{\"@type\":\"EntryPoint\",\"urlTemplate\":\"https:\\\/\\\/pansion-riviera-silo.com\\\/de\\\/?s={search_term_string}\"},\"query-input\":{\"@type\":\"PropertyValueSpecification\",\"valueRequired\":true,\"valueName\":\"search_term_string\"}}],\"inLanguage\":\"de\"},{\"@type\":\"Organization\",\"@id\":\"https:\\\/\\\/pansion-riviera-silo.com\\\/de\\\/#organization\",\"name\":\"Pension Riviera \u0160ilo\",\"url\":\"https:\\\/\\\/pansion-riviera-silo.com\\\/de\\\/\",\"logo\":{\"@type\":\"ImageObject\",\"inLanguage\":\"de\",\"@id\":\"https:\\\/\\\/pansion-riviera-silo.com\\\/de\\\/#\\\/schema\\\/logo\\\/image\\\/\",\"url\":\"https:\\\/\\\/pansion-riviera-silo.com\\\/wp-content\\\/uploads\\\/2020\\\/03\\\/a468c7_babd01d2a3984a3d911e0ace03187d68_mv2.png\",\"contentUrl\":\"https:\\\/\\\/pansion-riviera-silo.com\\\/wp-content\\\/uploads\\\/2020\\\/03\\\/a468c7_babd01d2a3984a3d911e0ace03187d68_mv2.png\",\"width\":86,\"height\":74,\"caption\":\"Pension Riviera \u0160ilo\"},\"image\":{\"@id\":\"https:\\\/\\\/pansion-riviera-silo.com\\\/de\\\/#\\\/schema\\\/logo\\\/image\\\/\"}}]}<\/script>\n<!-- \/ Yoast SEO plugin. -->","yoast_head_json":{"title":"Ein Fahrrad ausleihen - Pension Riviera \u0160ilo","description":"In the island place \u0160ilo, having a picturesque position in the Kvarner bay, you can enjoy you holiday only 50 meters apart from the romantic harbour.","robots":{"index":"index","follow":"follow","max-snippet":"max-snippet:-1","max-image-preview":"max-image-preview:large","max-video-preview":"max-video-preview:-1"},"canonical":"https:\/\/pansion-riviera-silo.com\/de\/ein-fahrrad-ausleihen\/","og_locale":"de_DE","og_type":"article","og_title":"Ein Fahrrad ausleihen - Pension Riviera \u0160ilo","og_description":"In the island place \u0160ilo, having a picturesque position in the Kvarner bay, you can enjoy you holiday only 50 meters apart from the romantic harbour.","og_url":"https:\/\/pansion-riviera-silo.com\/de\/ein-fahrrad-ausleihen\/","og_site_name":"Pension Riviera \u0160ilo","article_modified_time":"2021-11-27T20:14:22+00:00","og_image":[{"width":1024,"height":683,"url":"https:\/\/pansion-riviera-silo.com\/wp-content\/uploads\/2021\/11\/280370702-9.jpg","type":"image\/jpeg"}],"twitter_card":"summary_large_image","twitter_misc":{"Gesch\u00e4tzte Lesezeit":"2\u00a0Minuten"},"schema":{"@context":"https:\/\/schema.org","@graph":[{"@type":"WebPage","@id":"https:\/\/pansion-riviera-silo.com\/de\/ein-fahrrad-ausleihen\/","url":"https:\/\/pansion-riviera-silo.com\/de\/ein-fahrrad-ausleihen\/","name":"Ein Fahrrad ausleihen - Pension Riviera \u0160ilo","isPartOf":{"@id":"https:\/\/pansion-riviera-silo.com\/de\/#website"},"datePublished":"2020-03-30T13:23:26+00:00","dateModified":"2021-11-27T20:14:22+00:00","description":"In the island place \u0160ilo, having a picturesque position in the Kvarner bay, you can enjoy you holiday only 50 meters apart from the romantic harbour.","breadcrumb":{"@id":"https:\/\/pansion-riviera-silo.com\/de\/ein-fahrrad-ausleihen\/#breadcrumb"},"inLanguage":"de","potentialAction":[{"@type":"ReadAction","target":["https:\/\/pansion-riviera-silo.com\/de\/ein-fahrrad-ausleihen\/"]}]},{"@type":"BreadcrumbList","@id":"https:\/\/pansion-riviera-silo.com\/de\/ein-fahrrad-ausleihen\/#breadcrumb","itemListElement":[{"@type":"ListItem","position":1,"name":"Home","item":"https:\/\/pansion-riviera-silo.com\/de\/"},{"@type":"ListItem","position":2,"name":"Ein Fahrrad ausleihen"}]},{"@type":"WebSite","@id":"https:\/\/pansion-riviera-silo.com\/de\/#website","url":"https:\/\/pansion-riviera-silo.com\/de\/","name":"Pension Riviera \u0160ilo","description":"Pension Riviera \u0160ilo","publisher":{"@id":"https:\/\/pansion-riviera-silo.com\/de\/#organization"},"potentialAction":[{"@type":"SearchAction","target":{"@type":"EntryPoint","urlTemplate":"https:\/\/pansion-riviera-silo.com\/de\/?s={search_term_string}"},"query-input":{"@type":"PropertyValueSpecification","valueRequired":true,"valueName":"search_term_string"}}],"inLanguage":"de"},{"@type":"Organization","@id":"https:\/\/pansion-riviera-silo.com\/de\/#organization","name":"Pension Riviera \u0160ilo","url":"https:\/\/pansion-riviera-silo.com\/de\/","logo":{"@type":"ImageObject","inLanguage":"de","@id":"https:\/\/pansion-riviera-silo.com\/de\/#\/schema\/logo\/image\/","url":"https:\/\/pansion-riviera-silo.com\/wp-content\/uploads\/2020\/03\/a468c7_babd01d2a3984a3d911e0ace03187d68_mv2.png","contentUrl":"https:\/\/pansion-riviera-silo.com\/wp-content\/uploads\/2020\/03\/a468c7_babd01d2a3984a3d911e0ace03187d68_mv2.png","width":86,"height":74,"caption":"Pension Riviera \u0160ilo"},"image":{"@id":"https:\/\/pansion-riviera-silo.com\/de\/#\/schema\/logo\/image\/"}}]}},"_links":{"self":[{"href":"https:\/\/pansion-riviera-silo.com\/de\/wp-json\/wp\/v2\/pages\/3221","targetHints":{"allow":["GET"]}}],"collection":[{"href":"https:\/\/pansion-riviera-silo.com\/de\/wp-json\/wp\/v2\/pages"}],"about":[{"href":"https:\/\/pansion-riviera-silo.com\/de\/wp-json\/wp\/v2\/types\/page"}],"author":[{"embeddable":true,"href":"https:\/\/pansion-riviera-silo.com\/de\/wp-json\/wp\/v2\/users\/1"}],"replies":[{"embeddable":true,"href":"https:\/\/pansion-riviera-silo.com\/de\/wp-json\/wp\/v2\/comments?post=3221"}],"version-history":[{"count":0,"href":"https:\/\/pansion-riviera-silo.com\/de\/wp-json\/wp\/v2\/pages\/3221\/revisions"}],"wp:attachment":[{"href":"https:\/\/pansion-riviera-silo.com\/de\/wp-json\/wp\/v2\/media?parent=3221"}],"curies":[{"name":"wp","href":"https:\/\/api.w.org\/{rel}","templated":true}]}}