{"id":2691,"date":"2020-02-29T09:09:13","date_gmt":"2020-02-29T09:09:13","guid":{"rendered":"https:\/\/pension-zeba.com\/restaurant-dalmacija\/"},"modified":"2021-11-27T20:10:03","modified_gmt":"2021-11-27T20:10:03","slug":"restaurant","status":"publish","type":"page","link":"https:\/\/pansion-riviera-silo.com\/de\/restaurant\/","title":{"rendered":"Restaurant"},"content":{"rendered":"<div class=\"wpb-content-wrapper\"><p>[vc_row][vc_column width=&#8221;1\/2&#8243;][vc_single_image image=&#8221;3640&#8243; img_size=&#8221;full&#8221;]<div class=\"text-block \" ><div class=\"simple-text \"><p><strong>Fr\u00fchst\u00fccksb\u00fcffet<\/strong><\/p>\n<p>T\u00e4glich von 7:30 bis 11:00 Uhr<\/p>\n<p><strong>Mittag- und Abendessen im \u00c0-la-carte-Restaurant<\/strong><\/p>\n<p>T\u00e4glich von 11:00 bis 01:00 Uhr<\/p>\n<p><strong>Snacks und Cocktailbar<\/strong><\/p>\n<p>T\u00e4glich von 11:00 bis 01:00 Uhr<\/p>\n<p>Unser Restaurant bietet Ihnen t\u00e4glich frisch zubereitete mediterrane Gerichte sowie Fisch- und Fleischspezialit\u00e4ten vom Grill<\/p>\n<p><strong>Die K\u00fcche ist t\u00e4glich von 07:30 bis 01:00 Uhr ge\u00f6ffnet<\/strong><\/p>\n<\/div><\/div>[\/vc_column][vc_column width=&#8221;1\/2&#8243;][vc_single_image image=&#8221;3026&#8243; img_size=&#8221;full&#8221;]<div class=\"text-block \" ><div class=\"simple-text \"><p style=\"text-align: center;\"><strong>Planen Sie Ihre Veranstaltung!<\/strong><\/p>\n<h4>HOCHZEITEN<\/h4>\n<p>Wenn Sie eine romantische Hochzeit inmitten Ihrer Familie und Freunde w\u00fcnschen, ist die Pension Zeba der richtige Ort f\u00fcr Sie. Wir bieten Ihnen und Ihren G\u00e4sten eine komfortable Unterkunft, exzellentes Essen und Trinken in einer wundersch\u00f6nen Umgebung. F\u00fcr alle organisatorischen Fragen stehen wir Ihnen zur Verf\u00fcgung.<\/p>\n<h4>KONFERENZEN<\/h4>\n<p>Gerne organisieren wir f\u00fcr Sie die Konferenzen in unseren R\u00e4umlichkeiten. Alle Teilnehmer haben Unterkunft, Essen und Getr\u00e4nke. Au\u00dferdem k\u00f6nnen wir in der Freizeit der Teilnehmer die Ausfl\u00fcge zur Besichtigung der Insel Krk organisieren.<\/p>\n<\/div><\/div>[vc_empty_space]<a  class=\"btn btn--md btn--normal\" href=\"#\" title=\"button\" target=\"_self\">Buchen Sie jetzt<\/a>[\/vc_column][\/vc_row][vc_row][vc_column][vc_gallery interval=&#8221;3&#8243; images=&#8221;3644,3680,3677,3674,3671,3668,3665,3662,3659,3656,3653,3650,3647&#8243; img_size=&#8221;full&#8221;][\/vc_column][\/vc_row]<\/p>\n<\/div>","protected":false},"excerpt":{"rendered":"<p>[vc_row][vc_column width=&#8221;1\/2&#8243;][vc_single_image image=&#8221;3640&#8243; img_size=&#8221;full&#8221;][\/vc_column][vc_column width=&#8221;1\/2&#8243;][vc_single_image image=&#8221;3026&#8243; img_size=&#8221;full&#8221;][vc_empty_space][\/vc_column][\/vc_row][vc_row][vc_column][vc_gallery interval=&#8221;3&#8243; images=&#8221;3644,3680,3677,3674,3671,3668,3665,3662,3659,3656,3653,3650,3647&#8243; img_size=&#8221;full&#8221;][\/vc_column][\/vc_row]<\/p>\n","protected":false},"author":1,"featured_media":2756,"parent":0,"menu_order":0,"comment_status":"closed","ping_status":"closed","template":"","meta":{"footnotes":""},"class_list":["post-2691","page","type-page","status-publish","has-post-thumbnail","hentry"],"yoast_head":"<!-- This site is optimized with the Yoast SEO plugin v27.5 - https:\/\/yoast.com\/product\/yoast-seo-wordpress\/ -->\n<title>Restaurant - Pension Riviera \u0160ilo<\/title>\n<meta name=\"description\" content=\"In the island place \u0160ilo, having a picturesque position in the Kvarner bay, you can enjoy you holiday only 50 meters apart from the romantic harbour.\" \/>\n<meta name=\"robots\" content=\"index, follow, max-snippet:-1, max-image-preview:large, max-video-preview:-1\" \/>\n<link rel=\"canonical\" href=\"https:\/\/pansion-riviera-silo.com\/de\/restaurant\/\" \/>\n<meta property=\"og:locale\" content=\"de_DE\" \/>\n<meta property=\"og:type\" content=\"article\" \/>\n<meta property=\"og:title\" content=\"Restaurant - Pension Riviera \u0160ilo\" \/>\n<meta property=\"og:description\" content=\"In the island place \u0160ilo, having a picturesque position in the Kvarner bay, you can enjoy you holiday only 50 meters apart from the romantic harbour.\" \/>\n<meta property=\"og:url\" content=\"https:\/\/pansion-riviera-silo.com\/de\/restaurant\/\" \/>\n<meta property=\"og:site_name\" content=\"Pension Riviera \u0160ilo\" \/>\n<meta property=\"article:modified_time\" content=\"2021-11-27T20:10:03+00:00\" \/>\n<meta property=\"og:image\" content=\"https:\/\/pansion-riviera-silo.com\/wp-content\/uploads\/2020\/03\/Pension_Zeba_Restaurant_Riviera_Silo_Insel_Krk_Kroatien_Strassenansicht.jpg\" \/>\n\t<meta property=\"og:image:width\" content=\"1500\" \/>\n\t<meta property=\"og:image:height\" content=\"1000\" \/>\n\t<meta property=\"og:image:type\" content=\"image\/jpeg\" \/>\n<meta name=\"twitter:card\" content=\"summary_large_image\" \/>\n<meta name=\"twitter:label1\" content=\"Gesch\u00e4tzte Lesezeit\" \/>\n\t<meta name=\"twitter:data1\" content=\"1\u00a0Minute\" \/>\n<script type=\"application\/ld+json\" class=\"yoast-schema-graph\">{\"@context\":\"https:\\\/\\\/schema.org\",\"@graph\":[{\"@type\":\"WebPage\",\"@id\":\"https:\\\/\\\/pansion-riviera-silo.com\\\/de\\\/restaurant\\\/\",\"url\":\"https:\\\/\\\/pansion-riviera-silo.com\\\/de\\\/restaurant\\\/\",\"name\":\"Restaurant - Pension Riviera \u0160ilo\",\"isPartOf\":{\"@id\":\"https:\\\/\\\/pansion-riviera-silo.com\\\/de\\\/#website\"},\"primaryImageOfPage\":{\"@id\":\"https:\\\/\\\/pansion-riviera-silo.com\\\/de\\\/restaurant\\\/#primaryimage\"},\"image\":{\"@id\":\"https:\\\/\\\/pansion-riviera-silo.com\\\/de\\\/restaurant\\\/#primaryimage\"},\"thumbnailUrl\":\"https:\\\/\\\/pansion-riviera-silo.com\\\/wp-content\\\/uploads\\\/2020\\\/03\\\/Pension_Zeba_Restaurant_Riviera_Silo_Insel_Krk_Kroatien_Strassenansicht.jpg\",\"datePublished\":\"2020-02-29T09:09:13+00:00\",\"dateModified\":\"2021-11-27T20:10:03+00:00\",\"description\":\"In the island place \u0160ilo, having a picturesque position in the Kvarner bay, you can enjoy you holiday only 50 meters apart from the romantic harbour.\",\"breadcrumb\":{\"@id\":\"https:\\\/\\\/pansion-riviera-silo.com\\\/de\\\/restaurant\\\/#breadcrumb\"},\"inLanguage\":\"de\",\"potentialAction\":[{\"@type\":\"ReadAction\",\"target\":[\"https:\\\/\\\/pansion-riviera-silo.com\\\/de\\\/restaurant\\\/\"]}]},{\"@type\":\"ImageObject\",\"inLanguage\":\"de\",\"@id\":\"https:\\\/\\\/pansion-riviera-silo.com\\\/de\\\/restaurant\\\/#primaryimage\",\"url\":\"https:\\\/\\\/pansion-riviera-silo.com\\\/wp-content\\\/uploads\\\/2020\\\/03\\\/Pension_Zeba_Restaurant_Riviera_Silo_Insel_Krk_Kroatien_Strassenansicht.jpg\",\"contentUrl\":\"https:\\\/\\\/pansion-riviera-silo.com\\\/wp-content\\\/uploads\\\/2020\\\/03\\\/Pension_Zeba_Restaurant_Riviera_Silo_Insel_Krk_Kroatien_Strassenansicht.jpg\",\"width\":1500,\"height\":1000},{\"@type\":\"BreadcrumbList\",\"@id\":\"https:\\\/\\\/pansion-riviera-silo.com\\\/de\\\/restaurant\\\/#breadcrumb\",\"itemListElement\":[{\"@type\":\"ListItem\",\"position\":1,\"name\":\"Home\",\"item\":\"https:\\\/\\\/pansion-riviera-silo.com\\\/de\\\/\"},{\"@type\":\"ListItem\",\"position\":2,\"name\":\"Restaurant\"}]},{\"@type\":\"WebSite\",\"@id\":\"https:\\\/\\\/pansion-riviera-silo.com\\\/de\\\/#website\",\"url\":\"https:\\\/\\\/pansion-riviera-silo.com\\\/de\\\/\",\"name\":\"Pension Riviera \u0160ilo\",\"description\":\"Pension Riviera \u0160ilo\",\"publisher\":{\"@id\":\"https:\\\/\\\/pansion-riviera-silo.com\\\/de\\\/#organization\"},\"potentialAction\":[{\"@type\":\"SearchAction\",\"target\":{\"@type\":\"EntryPoint\",\"urlTemplate\":\"https:\\\/\\\/pansion-riviera-silo.com\\\/de\\\/?s={search_term_string}\"},\"query-input\":{\"@type\":\"PropertyValueSpecification\",\"valueRequired\":true,\"valueName\":\"search_term_string\"}}],\"inLanguage\":\"de\"},{\"@type\":\"Organization\",\"@id\":\"https:\\\/\\\/pansion-riviera-silo.com\\\/de\\\/#organization\",\"name\":\"Pension Riviera \u0160ilo\",\"url\":\"https:\\\/\\\/pansion-riviera-silo.com\\\/de\\\/\",\"logo\":{\"@type\":\"ImageObject\",\"inLanguage\":\"de\",\"@id\":\"https:\\\/\\\/pansion-riviera-silo.com\\\/de\\\/#\\\/schema\\\/logo\\\/image\\\/\",\"url\":\"https:\\\/\\\/pansion-riviera-silo.com\\\/wp-content\\\/uploads\\\/2020\\\/03\\\/a468c7_babd01d2a3984a3d911e0ace03187d68_mv2.png\",\"contentUrl\":\"https:\\\/\\\/pansion-riviera-silo.com\\\/wp-content\\\/uploads\\\/2020\\\/03\\\/a468c7_babd01d2a3984a3d911e0ace03187d68_mv2.png\",\"width\":86,\"height\":74,\"caption\":\"Pension Riviera \u0160ilo\"},\"image\":{\"@id\":\"https:\\\/\\\/pansion-riviera-silo.com\\\/de\\\/#\\\/schema\\\/logo\\\/image\\\/\"}}]}<\/script>\n<!-- \/ Yoast SEO plugin. -->","yoast_head_json":{"title":"Restaurant - Pension Riviera \u0160ilo","description":"In the island place \u0160ilo, having a picturesque position in the Kvarner bay, you can enjoy you holiday only 50 meters apart from the romantic harbour.","robots":{"index":"index","follow":"follow","max-snippet":"max-snippet:-1","max-image-preview":"max-image-preview:large","max-video-preview":"max-video-preview:-1"},"canonical":"https:\/\/pansion-riviera-silo.com\/de\/restaurant\/","og_locale":"de_DE","og_type":"article","og_title":"Restaurant - Pension Riviera \u0160ilo","og_description":"In the island place \u0160ilo, having a picturesque position in the Kvarner bay, you can enjoy you holiday only 50 meters apart from the romantic harbour.","og_url":"https:\/\/pansion-riviera-silo.com\/de\/restaurant\/","og_site_name":"Pension Riviera \u0160ilo","article_modified_time":"2021-11-27T20:10:03+00:00","og_image":[{"width":1500,"height":1000,"url":"https:\/\/pansion-riviera-silo.com\/wp-content\/uploads\/2020\/03\/Pension_Zeba_Restaurant_Riviera_Silo_Insel_Krk_Kroatien_Strassenansicht.jpg","type":"image\/jpeg"}],"twitter_card":"summary_large_image","twitter_misc":{"Gesch\u00e4tzte Lesezeit":"1\u00a0Minute"},"schema":{"@context":"https:\/\/schema.org","@graph":[{"@type":"WebPage","@id":"https:\/\/pansion-riviera-silo.com\/de\/restaurant\/","url":"https:\/\/pansion-riviera-silo.com\/de\/restaurant\/","name":"Restaurant - Pension Riviera \u0160ilo","isPartOf":{"@id":"https:\/\/pansion-riviera-silo.com\/de\/#website"},"primaryImageOfPage":{"@id":"https:\/\/pansion-riviera-silo.com\/de\/restaurant\/#primaryimage"},"image":{"@id":"https:\/\/pansion-riviera-silo.com\/de\/restaurant\/#primaryimage"},"thumbnailUrl":"https:\/\/pansion-riviera-silo.com\/wp-content\/uploads\/2020\/03\/Pension_Zeba_Restaurant_Riviera_Silo_Insel_Krk_Kroatien_Strassenansicht.jpg","datePublished":"2020-02-29T09:09:13+00:00","dateModified":"2021-11-27T20:10:03+00:00","description":"In the island place \u0160ilo, having a picturesque position in the Kvarner bay, you can enjoy you holiday only 50 meters apart from the romantic harbour.","breadcrumb":{"@id":"https:\/\/pansion-riviera-silo.com\/de\/restaurant\/#breadcrumb"},"inLanguage":"de","potentialAction":[{"@type":"ReadAction","target":["https:\/\/pansion-riviera-silo.com\/de\/restaurant\/"]}]},{"@type":"ImageObject","inLanguage":"de","@id":"https:\/\/pansion-riviera-silo.com\/de\/restaurant\/#primaryimage","url":"https:\/\/pansion-riviera-silo.com\/wp-content\/uploads\/2020\/03\/Pension_Zeba_Restaurant_Riviera_Silo_Insel_Krk_Kroatien_Strassenansicht.jpg","contentUrl":"https:\/\/pansion-riviera-silo.com\/wp-content\/uploads\/2020\/03\/Pension_Zeba_Restaurant_Riviera_Silo_Insel_Krk_Kroatien_Strassenansicht.jpg","width":1500,"height":1000},{"@type":"BreadcrumbList","@id":"https:\/\/pansion-riviera-silo.com\/de\/restaurant\/#breadcrumb","itemListElement":[{"@type":"ListItem","position":1,"name":"Home","item":"https:\/\/pansion-riviera-silo.com\/de\/"},{"@type":"ListItem","position":2,"name":"Restaurant"}]},{"@type":"WebSite","@id":"https:\/\/pansion-riviera-silo.com\/de\/#website","url":"https:\/\/pansion-riviera-silo.com\/de\/","name":"Pension Riviera \u0160ilo","description":"Pension Riviera \u0160ilo","publisher":{"@id":"https:\/\/pansion-riviera-silo.com\/de\/#organization"},"potentialAction":[{"@type":"SearchAction","target":{"@type":"EntryPoint","urlTemplate":"https:\/\/pansion-riviera-silo.com\/de\/?s={search_term_string}"},"query-input":{"@type":"PropertyValueSpecification","valueRequired":true,"valueName":"search_term_string"}}],"inLanguage":"de"},{"@type":"Organization","@id":"https:\/\/pansion-riviera-silo.com\/de\/#organization","name":"Pension Riviera \u0160ilo","url":"https:\/\/pansion-riviera-silo.com\/de\/","logo":{"@type":"ImageObject","inLanguage":"de","@id":"https:\/\/pansion-riviera-silo.com\/de\/#\/schema\/logo\/image\/","url":"https:\/\/pansion-riviera-silo.com\/wp-content\/uploads\/2020\/03\/a468c7_babd01d2a3984a3d911e0ace03187d68_mv2.png","contentUrl":"https:\/\/pansion-riviera-silo.com\/wp-content\/uploads\/2020\/03\/a468c7_babd01d2a3984a3d911e0ace03187d68_mv2.png","width":86,"height":74,"caption":"Pension Riviera \u0160ilo"},"image":{"@id":"https:\/\/pansion-riviera-silo.com\/de\/#\/schema\/logo\/image\/"}}]}},"_links":{"self":[{"href":"https:\/\/pansion-riviera-silo.com\/de\/wp-json\/wp\/v2\/pages\/2691","targetHints":{"allow":["GET"]}}],"collection":[{"href":"https:\/\/pansion-riviera-silo.com\/de\/wp-json\/wp\/v2\/pages"}],"about":[{"href":"https:\/\/pansion-riviera-silo.com\/de\/wp-json\/wp\/v2\/types\/page"}],"author":[{"embeddable":true,"href":"https:\/\/pansion-riviera-silo.com\/de\/wp-json\/wp\/v2\/users\/1"}],"replies":[{"embeddable":true,"href":"https:\/\/pansion-riviera-silo.com\/de\/wp-json\/wp\/v2\/comments?post=2691"}],"version-history":[{"count":0,"href":"https:\/\/pansion-riviera-silo.com\/de\/wp-json\/wp\/v2\/pages\/2691\/revisions"}],"wp:featuredmedia":[{"embeddable":true,"href":"https:\/\/pansion-riviera-silo.com\/de\/wp-json\/wp\/v2\/media\/2756"}],"wp:attachment":[{"href":"https:\/\/pansion-riviera-silo.com\/de\/wp-json\/wp\/v2\/media?parent=2691"}],"curies":[{"name":"wp","href":"https:\/\/api.w.org\/{rel}","templated":true}]}}