{"id":2669,"date":"2020-02-28T22:19:30","date_gmt":"2020-02-28T22:19:30","guid":{"rendered":"https:\/\/pension-zeba.com\/abenteuer"},"modified":"2021-11-27T20:12:44","modified_gmt":"2021-11-27T20:12:44","slug":"dienstleistungen","status":"publish","type":"page","link":"https:\/\/pansion-riviera-silo.com\/de\/dienstleistungen\/","title":{"rendered":"Dienstleistungen"},"content":{"rendered":"<div class=\"wpb-content-wrapper\"><p>[vc_row][vc_column]<div class=\"text-block \" ><div class=\"simple-text \"><h2 class=\"font_0\" style=\"text-align: center;\"><strong>Unser Serviceangebot f\u00fcr Sie<\/strong><\/h2>\n<\/div><\/div>[vc_empty_space][\/vc_column][\/vc_row][vc_row][vc_column width=&#8221;1\/2&#8243;][vc_single_image image=&#8221;3050&#8243; img_size=&#8221;full&#8221; alignment=&#8221;center&#8221; onclick=&#8221;custom_link&#8221; link=&#8221;https:%2F%2Fpansion-riviera-silo.com%2Fitinerary|&#8221;]<div class=\"text-block \" ><div class=\"simple-text \"><h2>Transfer vom Flughafen \/ Shuttleservice<\/h2>\n<p>10,00 \u20ac<\/p>\n<p><strong>Ankunft ohne Stress &#8211; genie\u00dfen Sie den Urlaub von Anfang an.<\/strong><\/p>\n<p>Reisen Sie mit dem Flugzeug? Auf Ihren Wunsch bieten wir unseren G\u00e4sten einen Transfer vom Flughafen an. Am Tag der Ankunft bringen wir Sie und Ihr Gep\u00e4ck vom Flughafen und am Tag Ihrer Abreise bringen wir Sie wieder zum Flughafen. Bitte reservieren Sie diesen Service rechtzeitig vor Ihrer Reise, damit wir Ihren Transport planen k\u00f6nnen.<\/p>\n<\/div><\/div><a  class=\"btn btn--md btn--normal\" href=\"https:\/\/pansion-riviera-silo.com\/contact\/\" title=\"ITINERARY\" target=\"_self\">Buchen Sie jetzt<\/a>[vc_empty_space][vc_zigzag][\/vc_column][vc_column width=&#8221;1\/2&#8243;][vc_single_image image=&#8221;3054&#8243; img_size=&#8221;full&#8221; alignment=&#8221;center&#8221; onclick=&#8221;custom_link&#8221; link=&#8221;https:%2F%2Fpansion-riviera-silo.com%2Fitinerary|&#8221;]<div class=\"text-block \" ><div class=\"simple-text \"><h2 class=\"font_2\"><em><strong>Rad- und Wanderwege auf der Insel Krk<\/strong><\/em><\/h2>\n<p>Ein Fahrrad ausleihen<\/p>\n<p>von 4,00 \u20ac<\/p>\n<p class=\"font_2\"><strong>Rad- und Wanderwege auf der Insel Krk<\/strong><\/p>\n<h3 class=\"font_3\">Entdecken Sie die Insel Krk mit dem Fahrrad!<\/h3>\n<p class=\"font_3\">Die Insel Krk ist ein Paradies f\u00fcr Biker und Wanderer. Die Insel ist mit \u00fcbersichtlichen und markierten Rad- und Wanderwegen innerhalb der Insel Krk oder entlang der K\u00fcste unterbrochen. Rad- und Wanderwege f\u00fchren fast entlang der gesamten Hauptstra\u00dfe durch die Insel, die von der Br\u00fccke von Krk bis zur Stadt Krk f\u00fchrt. Die Wege haben unterschiedliche Schwierigkeitsgrade, so dass sie sowohl f\u00fcr Profis als auch f\u00fcr Hobbybiker geeignet sind. Entscheiden Sie selbst, ob Sie die Sch\u00f6nheit der Natur angenehm genie\u00dfen oder aktiv werden und bis an die Grenzen Ihrer Ausdauer gehen. Mountainbikes eignen sich auch f\u00fcr die Erkundung des Landes.<br \/>\nDie Insel ist aus dem Grund Gastgeber zahlreicher Fahrradveranstaltungen wie &#8220;Ich mag Herbst &#8211; Bodul Bike&#8221; und &#8220;Fr\u00fchling auf R\u00e4dern&#8221;.<\/p>\n<p>Die Wanderwege der Insel Krk erstrecken sich entlang der Insel und sind 300 km lang. Sie sind alle ordentlich auf der Karte der Rad- und Wanderwege markiert, die wir f\u00fcr Sie vorbereitet haben, und stehen Ihnen an der Rezeption der Pension kostenlos zur Verf\u00fcgung. Sie k\u00f6nnen in derselben Karte auch die genauere \u00dcbersicht \u00fcber das Gebiet Dobrinj sehen. Die Wege f\u00fchren durch Olivenhaine, hundertj\u00e4hrige W\u00e4lder, am Meer entlang und beeindruckende Felslandschaften, die manchmal wie eine Mondoberfl\u00e4che aussehen.<br \/>\nAuf der Insel Krk k\u00f6nnen Sie viele Touristenattraktionen wie die H\u00f6hle Baserujka, die Ruinen der Festung der Frankopaner in der Festung Gradec, die \u00dcberreste der antiken Stadt Fulfinum sowie die Kirche des Heiligen Donat aus dem 9. Jahrhundert sehen. Wir empfehlen auch den Ausflug in die Bucht Soline, die f\u00fcr die therapeutische Wirkung des Schlamms bekannt ist, und die Erkundung der glagolitischen Schrift in Ba\u0161ka.<\/p>\n<p class=\"font_2\"><strong>Pension Zeba &amp; Riviera bietet Ihnen gerne verschiedene Arten von Fahrr\u00e4dern an<\/strong><br \/>\n<strong>Fahrradverleih I Fahrrad mieten<\/strong><\/p>\n<h3 class=\"font_2\">Preisinformationen:<\/h3>\n<ul>\n<li>1 Stunde 4,00 \u20ac<\/li>\n<li>2 Stunden 7,00 \u20ac<\/li>\n<li>1 Tag 15,00 \u20ac<\/li>\n<li>jeden folgenden Tag 10,00 \u20ac<\/li>\n<li>2 Tage 24,00 \u20ac 3 Tage 37,00 \u20ac 4 Tage 45,00 \u20ac 5 Tage 56,00 \u20ac 6 Tage 67,00 \u20ac 7 Tage 77,00 \u20ac<\/li>\n<\/ul>\n<\/div><\/div>[vc_empty_space]<a  class=\"btn btn--md btn--normal\" href=\"https:\/\/pansion-riviera-silo.com\/contact\/\" title=\"ITINERARY\" target=\"_self\">Buchen Sie jetzt<\/a>[vc_empty_space][vc_zigzag][\/vc_column][\/vc_row][vc_row][vc_column width=&#8221;1\/2&#8243;][vc_single_image image=&#8221;3057&#8243; img_size=&#8221;full&#8221; alignment=&#8221;center&#8221; onclick=&#8221;custom_link&#8221; link=&#8221;https:%2F%2Fpansion-riviera-silo.com%2Fitinerary|&#8221;]<div class=\"text-block \" ><div class=\"simple-text \"><p><strong>Bootsausflug<\/strong><\/p>\n<p>Auf Anfrage<\/p>\n<p><strong>Ausfl\u00fcge mit dem Boot, Kleinboot, Taxiboot oder Glasbodenboot<\/strong><\/p>\n<div id=\"comp-j1vxndfg_ProductListView_i6f9ythx559_dup_i6ly2b6518_dup_i6qm3p6y330_dup_i6uhpph11_dup_i70h8xw2193_dup_i7g43ba3147_j1vxndg4_ProductList_i6f9ythw558_1__0_0_2_0_Center\" class=\"flex_display flex_vbox\">\n<div id=\"comp-j1vxndfg_ProductListView_i6f9ythx559_dup_i6ly2b6518_dup_i6qm3p6y330_dup_i6uhpph11_dup_i70h8xw2193_dup_i7g43ba3147_j1vxndg4_ProductList_i6f9ythw558_1__0_0_2_0_fld_hfxsv1z6\" class=\"\">\n<div id=\"comp-j1vxndfg_ProductListView_i6f9ythx559_dup_i6ly2b6518_dup_i6qm3p6y330_dup_i6uhpph11_dup_i70h8xw2193_dup_i7g43ba3147_j1vxndg4_ProductList_i6f9ythw558_1__0_0_2_0_fld_hfxsv1z6\" class=\" flex_vbox\">\n<div id=\"comp-j1vxndfg_ProductListView_i6f9ythx559_dup_i6ly2b6518_dup_i6qm3p6y330_dup_i6uhpph11_dup_i70h8xw2193_dup_i7g43ba3147_j1vxndg4_ProductList_i6f9ythw558_1__0_0_2_0_fld_hfxsv1z6_proxy\" class=\"s_usaAWRichTextClickableSkin\" data-packed=\"false\" data-min-height=\"auto\">\n<div id=\"comp-j1vxndfg_ProductListView_i6f9ythx559_dup_i6ly2b6518_dup_i6qm3p6y330_dup_i6uhpph11_dup_i70h8xw2193_dup_i7g43ba3147_j1vxndg4_ProductList_i6f9ythw558_1__0_0_2_0_fld_hfxsv1z6_proxyrichTextContainer\" class=\"s_usaAWRichTextClickableSkin_richTextContainer s_usaAWRichTextClickableSkinrichTextContainer\">\n<p class=\"font_8\">In Zusammenarbeit mit der Firma Marinero Tours bieten wir unseren G\u00e4sten verschiedene Seeausfl\u00fcge an. W\u00e4hrend des Bootsausflugs k\u00f6nnen Sie die wundersch\u00f6ne kroatische K\u00fcste aus verschiedenen Perspektiven betrachten. Sie k\u00f6nnen aus unseren verschiedenen Angeboten den Ausflug ausw\u00e4hlen, den Sie am meisten m\u00f6gen. Es spielt keine Rolle, ob Sie nur eine Seefahrt oder eine Bootsfahrt zum anderen Ort der Insel genie\u00dfen m\u00f6chten. Ihnen stehen mehrere Boote und kleine Boote sowie spezielle Taxiboote zur Verf\u00fcgung.<\/p>\n<p class=\"font_8\">Unser spezieller Ausflugvorschlag:<br \/>\nEntdecken Sie den wundersch\u00f6nen kroatischen Meeresboden bei einer Bootsfahrt mit Glasboden. In der Bucht von Kvarner werden nicht nur Kinder von verschiedenen Fischarten begeistert sein.<\/p>\n<\/div>\n<\/div>\n<\/div>\n<\/div>\n<\/div>\n<div id=\"comp-j1vxndfg_ProductListView_i6f9ythx559_dup_i6ly2b6518_dup_i6qm3p6y330_dup_i6uhpph11_dup_i70h8xw2193_dup_i7g43ba3147_j1vxndg4_ProductList_i6f9ythw558_1__0_0_2_0_centerToRightSpacer_child\"><\/div>\n<\/div><\/div>[vc_empty_space]<a  class=\"btn btn--md btn--normal\" href=\"https:\/\/pansion-riviera-silo.com\/contact\/\" title=\"ITINERARY\" target=\"_self\">Buchen Sie jetzt<\/a>[vc_empty_space][vc_zigzag][\/vc_column][vc_column width=&#8221;1\/2&#8243;][\/vc_column][\/vc_row]<\/p>\n<\/div>","protected":false},"excerpt":{"rendered":"<p>[vc_row][vc_column][vc_empty_space][\/vc_column][\/vc_row][vc_row][vc_column width=&#8221;1\/2&#8243;][vc_single_image image=&#8221;3050&#8243; img_size=&#8221;full&#8221; alignment=&#8221;center&#8221; onclick=&#8221;custom_link&#8221; link=&#8221;https:%2F%2Fpansion-riviera-silo.com%2Fitinerary|&#8221;][vc_empty_space][vc_zigzag][\/vc_column][vc_column width=&#8221;1\/2&#8243;][vc_single_image image=&#8221;3054&#8243; img_size=&#8221;full&#8221; alignment=&#8221;center&#8221; onclick=&#8221;custom_link&#8221; link=&#8221;https:%2F%2Fpansion-riviera-silo.com%2Fitinerary|&#8221;][vc_empty_space][vc_empty_space][vc_zigzag][\/vc_column][\/vc_row][vc_row][vc_column width=&#8221;1\/2&#8243;][vc_single_image image=&#8221;3057&#8243; img_size=&#8221;full&#8221; alignment=&#8221;center&#8221; onclick=&#8221;custom_link&#8221; link=&#8221;https:%2F%2Fpansion-riviera-silo.com%2Fitinerary|&#8221;][vc_empty_space][vc_empty_space][vc_zigzag][\/vc_column][vc_column width=&#8221;1\/2&#8243;][\/vc_column][\/vc_row]<\/p>\n","protected":false},"author":1,"featured_media":2511,"parent":0,"menu_order":0,"comment_status":"closed","ping_status":"closed","template":"","meta":{"footnotes":""},"class_list":["post-2669","page","type-page","status-publish","has-post-thumbnail","hentry"],"yoast_head":"<!-- This site is optimized with the Yoast SEO plugin v27.4 - https:\/\/yoast.com\/product\/yoast-seo-wordpress\/ -->\n<title>Dienstleistungen - Pension Riviera \u0160ilo<\/title>\n<meta name=\"description\" content=\"In the island place \u0160ilo, having a picturesque position in the Kvarner bay, you can enjoy you holiday only 50 meters apart from the romantic harbour.\" \/>\n<meta name=\"robots\" content=\"index, follow, max-snippet:-1, max-image-preview:large, max-video-preview:-1\" \/>\n<link rel=\"canonical\" href=\"https:\/\/pansion-riviera-silo.com\/de\/dienstleistungen\/\" \/>\n<meta property=\"og:locale\" content=\"de_DE\" \/>\n<meta property=\"og:type\" content=\"article\" \/>\n<meta property=\"og:title\" content=\"Dienstleistungen - Pension Riviera \u0160ilo\" \/>\n<meta property=\"og:description\" content=\"In the island place \u0160ilo, having a picturesque position in the Kvarner bay, you can enjoy you holiday only 50 meters apart from the romantic harbour.\" \/>\n<meta property=\"og:url\" content=\"https:\/\/pansion-riviera-silo.com\/de\/dienstleistungen\/\" \/>\n<meta property=\"og:site_name\" content=\"Pension Riviera \u0160ilo\" \/>\n<meta property=\"article:modified_time\" content=\"2021-11-27T20:12:44+00:00\" \/>\n<meta property=\"og:image\" content=\"https:\/\/pansion-riviera-silo.com\/wp-content\/uploads\/2020\/02\/pjimage-1.jpg\" \/>\n\t<meta property=\"og:image:width\" content=\"1000\" \/>\n\t<meta property=\"og:image:height\" content=\"1000\" \/>\n\t<meta property=\"og:image:type\" content=\"image\/jpeg\" \/>\n<meta name=\"twitter:card\" content=\"summary_large_image\" \/>\n<meta name=\"twitter:label1\" content=\"Gesch\u00e4tzte Lesezeit\" \/>\n\t<meta name=\"twitter:data1\" content=\"3\u00a0Minuten\" \/>\n<script type=\"application\/ld+json\" class=\"yoast-schema-graph\">{\"@context\":\"https:\\\/\\\/schema.org\",\"@graph\":[{\"@type\":\"WebPage\",\"@id\":\"https:\\\/\\\/pansion-riviera-silo.com\\\/de\\\/dienstleistungen\\\/\",\"url\":\"https:\\\/\\\/pansion-riviera-silo.com\\\/de\\\/dienstleistungen\\\/\",\"name\":\"Dienstleistungen - Pension Riviera \u0160ilo\",\"isPartOf\":{\"@id\":\"https:\\\/\\\/pansion-riviera-silo.com\\\/de\\\/#website\"},\"primaryImageOfPage\":{\"@id\":\"https:\\\/\\\/pansion-riviera-silo.com\\\/de\\\/dienstleistungen\\\/#primaryimage\"},\"image\":{\"@id\":\"https:\\\/\\\/pansion-riviera-silo.com\\\/de\\\/dienstleistungen\\\/#primaryimage\"},\"thumbnailUrl\":\"https:\\\/\\\/pansion-riviera-silo.com\\\/wp-content\\\/uploads\\\/2020\\\/02\\\/pjimage-1.jpg\",\"datePublished\":\"2020-02-28T22:19:30+00:00\",\"dateModified\":\"2021-11-27T20:12:44+00:00\",\"description\":\"In the island place \u0160ilo, having a picturesque position in the Kvarner bay, you can enjoy you holiday only 50 meters apart from the romantic harbour.\",\"breadcrumb\":{\"@id\":\"https:\\\/\\\/pansion-riviera-silo.com\\\/de\\\/dienstleistungen\\\/#breadcrumb\"},\"inLanguage\":\"de\",\"potentialAction\":[{\"@type\":\"ReadAction\",\"target\":[\"https:\\\/\\\/pansion-riviera-silo.com\\\/de\\\/dienstleistungen\\\/\"]}]},{\"@type\":\"ImageObject\",\"inLanguage\":\"de\",\"@id\":\"https:\\\/\\\/pansion-riviera-silo.com\\\/de\\\/dienstleistungen\\\/#primaryimage\",\"url\":\"https:\\\/\\\/pansion-riviera-silo.com\\\/wp-content\\\/uploads\\\/2020\\\/02\\\/pjimage-1.jpg\",\"contentUrl\":\"https:\\\/\\\/pansion-riviera-silo.com\\\/wp-content\\\/uploads\\\/2020\\\/02\\\/pjimage-1.jpg\",\"width\":1000,\"height\":1000},{\"@type\":\"BreadcrumbList\",\"@id\":\"https:\\\/\\\/pansion-riviera-silo.com\\\/de\\\/dienstleistungen\\\/#breadcrumb\",\"itemListElement\":[{\"@type\":\"ListItem\",\"position\":1,\"name\":\"Home\",\"item\":\"https:\\\/\\\/pansion-riviera-silo.com\\\/de\\\/\"},{\"@type\":\"ListItem\",\"position\":2,\"name\":\"Dienstleistungen\"}]},{\"@type\":\"WebSite\",\"@id\":\"https:\\\/\\\/pansion-riviera-silo.com\\\/de\\\/#website\",\"url\":\"https:\\\/\\\/pansion-riviera-silo.com\\\/de\\\/\",\"name\":\"Pension Riviera \u0160ilo\",\"description\":\"Pension Riviera \u0160ilo\",\"publisher\":{\"@id\":\"https:\\\/\\\/pansion-riviera-silo.com\\\/de\\\/#organization\"},\"potentialAction\":[{\"@type\":\"SearchAction\",\"target\":{\"@type\":\"EntryPoint\",\"urlTemplate\":\"https:\\\/\\\/pansion-riviera-silo.com\\\/de\\\/?s={search_term_string}\"},\"query-input\":{\"@type\":\"PropertyValueSpecification\",\"valueRequired\":true,\"valueName\":\"search_term_string\"}}],\"inLanguage\":\"de\"},{\"@type\":\"Organization\",\"@id\":\"https:\\\/\\\/pansion-riviera-silo.com\\\/de\\\/#organization\",\"name\":\"Pension Riviera \u0160ilo\",\"url\":\"https:\\\/\\\/pansion-riviera-silo.com\\\/de\\\/\",\"logo\":{\"@type\":\"ImageObject\",\"inLanguage\":\"de\",\"@id\":\"https:\\\/\\\/pansion-riviera-silo.com\\\/de\\\/#\\\/schema\\\/logo\\\/image\\\/\",\"url\":\"https:\\\/\\\/pansion-riviera-silo.com\\\/wp-content\\\/uploads\\\/2020\\\/03\\\/a468c7_babd01d2a3984a3d911e0ace03187d68_mv2.png\",\"contentUrl\":\"https:\\\/\\\/pansion-riviera-silo.com\\\/wp-content\\\/uploads\\\/2020\\\/03\\\/a468c7_babd01d2a3984a3d911e0ace03187d68_mv2.png\",\"width\":86,\"height\":74,\"caption\":\"Pension Riviera \u0160ilo\"},\"image\":{\"@id\":\"https:\\\/\\\/pansion-riviera-silo.com\\\/de\\\/#\\\/schema\\\/logo\\\/image\\\/\"}}]}<\/script>\n<!-- \/ Yoast SEO plugin. -->","yoast_head_json":{"title":"Dienstleistungen - Pension Riviera \u0160ilo","description":"In the island place \u0160ilo, having a picturesque position in the Kvarner bay, you can enjoy you holiday only 50 meters apart from the romantic harbour.","robots":{"index":"index","follow":"follow","max-snippet":"max-snippet:-1","max-image-preview":"max-image-preview:large","max-video-preview":"max-video-preview:-1"},"canonical":"https:\/\/pansion-riviera-silo.com\/de\/dienstleistungen\/","og_locale":"de_DE","og_type":"article","og_title":"Dienstleistungen - Pension Riviera \u0160ilo","og_description":"In the island place \u0160ilo, having a picturesque position in the Kvarner bay, you can enjoy you holiday only 50 meters apart from the romantic harbour.","og_url":"https:\/\/pansion-riviera-silo.com\/de\/dienstleistungen\/","og_site_name":"Pension Riviera \u0160ilo","article_modified_time":"2021-11-27T20:12:44+00:00","og_image":[{"width":1000,"height":1000,"url":"https:\/\/pansion-riviera-silo.com\/wp-content\/uploads\/2020\/02\/pjimage-1.jpg","type":"image\/jpeg"}],"twitter_card":"summary_large_image","twitter_misc":{"Gesch\u00e4tzte Lesezeit":"3\u00a0Minuten"},"schema":{"@context":"https:\/\/schema.org","@graph":[{"@type":"WebPage","@id":"https:\/\/pansion-riviera-silo.com\/de\/dienstleistungen\/","url":"https:\/\/pansion-riviera-silo.com\/de\/dienstleistungen\/","name":"Dienstleistungen - Pension Riviera \u0160ilo","isPartOf":{"@id":"https:\/\/pansion-riviera-silo.com\/de\/#website"},"primaryImageOfPage":{"@id":"https:\/\/pansion-riviera-silo.com\/de\/dienstleistungen\/#primaryimage"},"image":{"@id":"https:\/\/pansion-riviera-silo.com\/de\/dienstleistungen\/#primaryimage"},"thumbnailUrl":"https:\/\/pansion-riviera-silo.com\/wp-content\/uploads\/2020\/02\/pjimage-1.jpg","datePublished":"2020-02-28T22:19:30+00:00","dateModified":"2021-11-27T20:12:44+00:00","description":"In the island place \u0160ilo, having a picturesque position in the Kvarner bay, you can enjoy you holiday only 50 meters apart from the romantic harbour.","breadcrumb":{"@id":"https:\/\/pansion-riviera-silo.com\/de\/dienstleistungen\/#breadcrumb"},"inLanguage":"de","potentialAction":[{"@type":"ReadAction","target":["https:\/\/pansion-riviera-silo.com\/de\/dienstleistungen\/"]}]},{"@type":"ImageObject","inLanguage":"de","@id":"https:\/\/pansion-riviera-silo.com\/de\/dienstleistungen\/#primaryimage","url":"https:\/\/pansion-riviera-silo.com\/wp-content\/uploads\/2020\/02\/pjimage-1.jpg","contentUrl":"https:\/\/pansion-riviera-silo.com\/wp-content\/uploads\/2020\/02\/pjimage-1.jpg","width":1000,"height":1000},{"@type":"BreadcrumbList","@id":"https:\/\/pansion-riviera-silo.com\/de\/dienstleistungen\/#breadcrumb","itemListElement":[{"@type":"ListItem","position":1,"name":"Home","item":"https:\/\/pansion-riviera-silo.com\/de\/"},{"@type":"ListItem","position":2,"name":"Dienstleistungen"}]},{"@type":"WebSite","@id":"https:\/\/pansion-riviera-silo.com\/de\/#website","url":"https:\/\/pansion-riviera-silo.com\/de\/","name":"Pension Riviera \u0160ilo","description":"Pension Riviera \u0160ilo","publisher":{"@id":"https:\/\/pansion-riviera-silo.com\/de\/#organization"},"potentialAction":[{"@type":"SearchAction","target":{"@type":"EntryPoint","urlTemplate":"https:\/\/pansion-riviera-silo.com\/de\/?s={search_term_string}"},"query-input":{"@type":"PropertyValueSpecification","valueRequired":true,"valueName":"search_term_string"}}],"inLanguage":"de"},{"@type":"Organization","@id":"https:\/\/pansion-riviera-silo.com\/de\/#organization","name":"Pension Riviera \u0160ilo","url":"https:\/\/pansion-riviera-silo.com\/de\/","logo":{"@type":"ImageObject","inLanguage":"de","@id":"https:\/\/pansion-riviera-silo.com\/de\/#\/schema\/logo\/image\/","url":"https:\/\/pansion-riviera-silo.com\/wp-content\/uploads\/2020\/03\/a468c7_babd01d2a3984a3d911e0ace03187d68_mv2.png","contentUrl":"https:\/\/pansion-riviera-silo.com\/wp-content\/uploads\/2020\/03\/a468c7_babd01d2a3984a3d911e0ace03187d68_mv2.png","width":86,"height":74,"caption":"Pension Riviera \u0160ilo"},"image":{"@id":"https:\/\/pansion-riviera-silo.com\/de\/#\/schema\/logo\/image\/"}}]}},"_links":{"self":[{"href":"https:\/\/pansion-riviera-silo.com\/de\/wp-json\/wp\/v2\/pages\/2669","targetHints":{"allow":["GET"]}}],"collection":[{"href":"https:\/\/pansion-riviera-silo.com\/de\/wp-json\/wp\/v2\/pages"}],"about":[{"href":"https:\/\/pansion-riviera-silo.com\/de\/wp-json\/wp\/v2\/types\/page"}],"author":[{"embeddable":true,"href":"https:\/\/pansion-riviera-silo.com\/de\/wp-json\/wp\/v2\/users\/1"}],"replies":[{"embeddable":true,"href":"https:\/\/pansion-riviera-silo.com\/de\/wp-json\/wp\/v2\/comments?post=2669"}],"version-history":[{"count":0,"href":"https:\/\/pansion-riviera-silo.com\/de\/wp-json\/wp\/v2\/pages\/2669\/revisions"}],"wp:featuredmedia":[{"embeddable":true,"href":"https:\/\/pansion-riviera-silo.com\/de\/wp-json\/wp\/v2\/media\/2511"}],"wp:attachment":[{"href":"https:\/\/pansion-riviera-silo.com\/de\/wp-json\/wp\/v2\/media?parent=2669"}],"curies":[{"name":"wp","href":"https:\/\/api.w.org\/{rel}","templated":true}]}}