{"id":2579,"date":"2020-02-28T21:20:57","date_gmt":"2020-02-28T21:20:57","guid":{"rendered":"https:\/\/pension-zeba.com\/ueber-uns"},"modified":"2025-01-03T10:21:55","modified_gmt":"2025-01-03T10:21:55","slug":"ueber-uns","status":"publish","type":"page","link":"https:\/\/pansion-riviera-silo.com\/de\/ueber-uns\/","title":{"rendered":"\u00dcber uns"},"content":{"rendered":"<div class=\"wpb-content-wrapper\"><p>[vc_row full_width=&#8221;stretch_row_content&#8221; css=&#8221;.vc_custom_1635802036967{background-position: center !important;background-repeat: no-repeat !important;background-size: cover !important;}&#8221;][vc_column][vc_single_image image=&#8221;3689&#8243; img_size=&#8221;full&#8221; alignment=&#8221;center&#8221; css=&#8221;.vc_custom_1635802085563{padding-right: 200px !important;padding-left: 200px !important;}&#8221;][\/vc_column][\/vc_row][vc_row css=&#8221;.vc_custom_1637791429437{margin-top: -200px !important;}&#8221;][vc_column width=&#8221;1\/6&#8243;][\/vc_column][vc_column width=&#8221;2\/3&#8243; css=&#8221;.vc_custom_1635802254936{padding-top: 50px !important;padding-right: 30px !important;padding-left: 30px !important;background-color: #ffffff !important;}&#8221;][vc_empty_space height=&#8221;10&#8243;]<div  class=\"subtitle subtitle--left subtitle--sm\"><\/div><div class=\"title title--left title-color-black title--sm\">Who we are<\/div><div class=\"spacing\" style=\"height: 25px\"><\/div><div class=\"text\"><p><\/p>\n<p class=\"font_8\">Dear guests,<\/p>\n<p class=\"font_8\">We wish you to feel in our house pleasantly and to enjoy your holiday. Therefore we will do everything we can in order to make your stay as comfortable as we can. Starting from the transport from the airport, bicycle rent and interesting excursions \u2013 we offer you special services. Even your pets are welcome in our house.<\/p>\n<p class=\"font_8\">Our reception works 24 hours a day. Our personnel with knowledge of German, English and Croatian language will be at your disposal for any kind of requests.<\/p>\n<p class=\"font_8\">Our pension is situated in the place \u0160ilo in the island of Krk. \u0160ilo is a small fishing place well-known for clean pebble and sand beaches. In spite of its peaceful position it is easily approachable by boat, airplane or car.<\/p>\n<p class=\"font_8\">The nearest harbor with boat berths is 80 m away. If you come to the island by car you have to cross the Bridge of Krk which connects the coast and the island. Our pension is 28 km away from the Bridge of Krk. You can also come to the island from the town Crikvenica by boat. The ride lasts approximately 5 minutes. The airport Rijeka (RJK) is 18 km away. We will gladly offer you, as a house guest, the ride to the airport. (fee 10\u20ac)<\/p>\n<p class=\"font_8\">The Pension Rivieara has been guided open hearted for over 20 years. In the season 2017, the house got the new guidance, who improved the house with gourmet kitchen, grill and a cocktail bar.<\/p>\n<p class=\"font_8\">The house is approximately 50 meters away from the sand beach and possesses its own parking lots as well as a beautiful sea view.<\/p>\n<p class=\"font_8\">You can choose out of 13 rooms with air-conditioner, Wi-Fi, satellite television, toilets, showers and balconies. 12 rooms refer to rooms for two persons and one room refers to a family room which takes up to 5 persons. Our house can take altogether 32 persons. All rooms have been renovated in 2015. The gourmet kitchen of the a la carte restaurant offers you different meat and fish specialties.<\/p>\n<p class=\"font_8\">You have also on disposal different bicycles for rent. Updated maps with marked bicycle and hiking paths are at disposal to you in the house. We are looking forward to your visit. Welcome to our traditionally guided house!<\/p>\n<p><\/p><\/div><div class=\"spacing\" style=\"height: 15px\"><\/div>[vc_custom_heading text=&#8221;Unser Angebot:&#8221;][vc_empty_space][vc_row_inner][vc_column_inner width=&#8221;1\/2&#8243;]<ul  class=\"list mb-0 list--check\"><li class=\"list__item\">Sandy beach 90 m<\/li><li class=\"list__item\">Use of mountain bike for free with announcement<\/li><li class=\"list__item\">Restaurant with outdoor charcoal grill<\/li><li class=\"list__item\">Possibility of boat mooring<\/li><li class=\"list__item\">Pizzeria bread oven<\/li><li class=\"list__item\">Organizing boat trips<\/li><li class=\"list__item\">Speedboat rental<\/li><li class=\"list__item\">Mediterranean cuisine<\/li><li class=\"list__item\">Apartments for families<\/li><li class=\"list__item\">Home cooking<\/li><li class=\"list__item\">24h reception service<\/li><li class=\"list__item\">Personnel with foreign languages knowledge<\/li><\/ul>[\/vc_column_inner][vc_column_inner width=&#8221;1\/2&#8243;]<ul  class=\"list mb-0 list--check\"><li class=\"list__item\">Next to the sea<\/li><li class=\"list__item\">Own parking lots for the guests<\/li><li class=\"list__item\">Balcony<\/li><li class=\"list__item\">Air-condition<\/li><li class=\"list__item\">Free  Wi-Fi<\/li><li class=\"list__item\">Business services<\/li><li class=\"list__item\">Transfer to\/from the airport<\/li><li class=\"list__item\">Rent a bike<\/li><li class=\"list__item\">SAT-TV<\/li><li class=\"list__item\">Buffet breakfast<\/li><li class=\"list__item\">\u00e0 la carte restaurant<\/li><li class=\"list__item\">Barbecue<\/li><li class=\"list__item\">Pets allowed<\/li><li class=\"list__item\">Boat excursions| glass-bottom boats<\/li><\/ul>[\/vc_column_inner][\/vc_row_inner][\/vc_column][vc_column width=&#8221;1\/6&#8243;][\/vc_column][\/vc_row][vc_row full_width=&#8221;stretch_row_content_no_spaces&#8221;][vc_column][vc_gmaps link=&#8221;#E-8_JTNDaWZyYW1lJTIwc3JjJTNEJTIyaHR0cHMlM0ElMkYlMkZ3d3cuZ29vZ2xlLmNvbSUyRm1hcHMlMkZlbWJlZCUzRnBiJTNEJTIxMW0xOCUyMTFtMTIlMjExbTMlMjExZDI4MTMuOTI2ODUwMjYyOTE0NyUyMTJkMTQuNjY3MDgxODE1MzcyNDc3JTIxM2Q0NS4xNDgwNzgxNjI1MDIzMiUyMTJtMyUyMTFmMCUyMTJmMCUyMTNmMCUyMTNtMiUyMTFpMTAyNCUyMTJpNzY4JTIxNGYxMy4xJTIxM20zJTIxMW0yJTIxMXMweDQ3NjM3YjAzZDZhOTAzNzclMjUzQTB4ZTkyYTAzMmI3M2I1ZjhkOSUyMTJ6VUdYRWgybHVaU0IxYkM0Z01Ua3NJRFV4TlRFMUxDREZvR2xzYnl3Z1EzSnZZWFJwWVElMjE1ZTAlMjEzbTIlMjExc2VuJTIxMnNiYSUyMTR2MTYzOTA3ODQ3NDE4MCUyMTVtMiUyMTFzZW4lMjEyc2JhJTIyJTIwd2lkdGglM0QlMjI2MDAlMjIlMjBoZWlnaHQlM0QlMjI0NTAlMjIlMjBzdHlsZSUzRCUyMmJvcmRlciUzQTAlM0IlMjIlMjBhbGxvd2Z1bGxzY3JlZW4lM0QlMjIlMjIlMjBsb2FkaW5nJTNEJTIybGF6eSUyMiUzRSUzQyUyRmlmcmFtZSUzRQ==&#8221; size=&#8221;&#8221; title=&#8221;Wo befinden wir uns?&#8221;][\/vc_column][\/vc_row]<\/p>\n<\/div>","protected":false},"excerpt":{"rendered":"<p>[vc_row full_width=&#8221;stretch_row_content&#8221; css=&#8221;.vc_custom_1635802036967{background-position: center !important;background-repeat: no-repeat !important;background-size: cover !important;}&#8221;][vc_column][vc_single_image image=&#8221;3689&#8243; img_size=&#8221;full&#8221; alignment=&#8221;center&#8221; css=&#8221;.vc_custom_1635802085563{padding-right: 200px !important;padding-left: 200px !important;}&#8221;][\/vc_column][\/vc_row][vc_row css=&#8221;.vc_custom_1637791429437{margin-top: -200px !important;}&#8221;][vc_column width=&#8221;1\/6&#8243;][\/vc_column][vc_column width=&#8221;2\/3&#8243; css=&#8221;.vc_custom_1635802254936{padding-top: 50px !important;padding-right: 30px !important;padding-left: 30px !important;background-color: #ffffff !important;}&#8221;][vc_empty_space height=&#8221;10&#8243;][vc_custom_heading text=&#8221;Unser Angebot:&#8221;][vc_empty_space][vc_row_inner][vc_column_inner width=&#8221;1\/2&#8243;][\/vc_column_inner][vc_column_inner width=&#8221;1\/2&#8243;][\/vc_column_inner][\/vc_row_inner][\/vc_column][vc_column width=&#8221;1\/6&#8243;][\/vc_column][\/vc_row][vc_row full_width=&#8221;stretch_row_content_no_spaces&#8221;][vc_column][vc_gmaps link=&#8221;#E-8_JTNDaWZyYW1lJTIwc3JjJTNEJTIyaHR0cHMlM0ElMkYlMkZ3d3cuZ29vZ2xlLmNvbSUyRm1hcHMlMkZlbWJlZCUzRnBiJTNEJTIxMW0xOCUyMTFtMTIlMjExbTMlMjExZDI4MTMuOTI2ODUwMjYyOTE0NyUyMTJkMTQuNjY3MDgxODE1MzcyNDc3JTIxM2Q0NS4xNDgwNzgxNjI1MDIzMiUyMTJtMyUyMTFmMCUyMTJmMCUyMTNmMCUyMTNtMiUyMTFpMTAyNCUyMTJpNzY4JTIxNGYxMy4xJTIxM20zJTIxMW0yJTIxMXMweDQ3NjM3YjAzZDZhOTAzNzclMjUzQTB4ZTkyYTAzMmI3M2I1ZjhkOSUyMTJ6VUdYRWgybHVaU0IxYkM0Z01Ua3NJRFV4TlRFMUxDREZvR2xzYnl3Z1EzSnZZWFJwWVElMjE1ZTAlMjEzbTIlMjExc2VuJTIxMnNiYSUyMTR2MTYzOTA3ODQ3NDE4MCUyMTVtMiUyMTFzZW4lMjEyc2JhJTIyJTIwd2lkdGglM0QlMjI2MDAlMjIlMjBoZWlnaHQlM0QlMjI0NTAlMjIlMjBzdHlsZSUzRCUyMmJvcmRlciUzQTAlM0IlMjIlMjBhbGxvd2Z1bGxzY3JlZW4lM0QlMjIlMjIlMjBsb2FkaW5nJTNEJTIybGF6eSUyMiUzRSUzQyUyRmlmcmFtZSUzRQ==&#8221; size=&#8221;&#8221; title=&#8221;Wo befinden wir uns?&#8221;][\/vc_column][\/vc_row]<\/p>\n","protected":false},"author":1,"featured_media":2760,"parent":0,"menu_order":0,"comment_status":"closed","ping_status":"closed","template":"","meta":{"footnotes":""},"class_list":["post-2579","page","type-page","status-publish","has-post-thumbnail","hentry"],"yoast_head":"<!-- This site is optimized with the Yoast SEO plugin v27.5 - https:\/\/yoast.com\/product\/yoast-seo-wordpress\/ -->\n<title>\u00dcber uns - Pension Riviera \u0160ilo<\/title>\n<meta name=\"description\" content=\"In the island place \u0160ilo, having a picturesque position in the Kvarner bay, you can enjoy you holiday only 50 meters apart from the romantic harbour.\" \/>\n<meta name=\"robots\" content=\"index, follow, max-snippet:-1, max-image-preview:large, max-video-preview:-1\" \/>\n<link rel=\"canonical\" href=\"https:\/\/pansion-riviera-silo.com\/de\/ueber-uns\/\" \/>\n<meta property=\"og:locale\" content=\"de_DE\" \/>\n<meta property=\"og:type\" content=\"article\" \/>\n<meta property=\"og:title\" content=\"\u00dcber uns - Pension Riviera \u0160ilo\" \/>\n<meta property=\"og:description\" content=\"In the island place \u0160ilo, having a picturesque position in the Kvarner bay, you can enjoy you holiday only 50 meters apart from the romantic harbour.\" \/>\n<meta property=\"og:url\" content=\"https:\/\/pansion-riviera-silo.com\/de\/ueber-uns\/\" \/>\n<meta property=\"og:site_name\" content=\"Pension Riviera \u0160ilo\" \/>\n<meta property=\"article:modified_time\" content=\"2025-01-03T10:21:55+00:00\" \/>\n<meta property=\"og:image\" content=\"https:\/\/pansion-riviera-silo.com\/wp-content\/uploads\/2020\/03\/Fu\u00dfweg_zum_Sandstrand_Pension_Silo_Zeba_und_Riviera_Insel_Krk_Kroatien.jpg\" \/>\n\t<meta property=\"og:image:width\" content=\"1500\" \/>\n\t<meta property=\"og:image:height\" content=\"1000\" \/>\n\t<meta property=\"og:image:type\" content=\"image\/jpeg\" \/>\n<meta name=\"twitter:card\" content=\"summary_large_image\" \/>\n<meta name=\"twitter:label1\" content=\"Gesch\u00e4tzte Lesezeit\" \/>\n\t<meta name=\"twitter:data1\" content=\"2\u00a0Minuten\" \/>\n<script type=\"application\/ld+json\" class=\"yoast-schema-graph\">{\"@context\":\"https:\\\/\\\/schema.org\",\"@graph\":[{\"@type\":\"WebPage\",\"@id\":\"https:\\\/\\\/pansion-riviera-silo.com\\\/de\\\/ueber-uns\\\/\",\"url\":\"https:\\\/\\\/pansion-riviera-silo.com\\\/de\\\/ueber-uns\\\/\",\"name\":\"\u00dcber uns - Pension Riviera \u0160ilo\",\"isPartOf\":{\"@id\":\"https:\\\/\\\/pansion-riviera-silo.com\\\/de\\\/#website\"},\"primaryImageOfPage\":{\"@id\":\"https:\\\/\\\/pansion-riviera-silo.com\\\/de\\\/ueber-uns\\\/#primaryimage\"},\"image\":{\"@id\":\"https:\\\/\\\/pansion-riviera-silo.com\\\/de\\\/ueber-uns\\\/#primaryimage\"},\"thumbnailUrl\":\"https:\\\/\\\/pansion-riviera-silo.com\\\/wp-content\\\/uploads\\\/2020\\\/03\\\/Fu\u00dfweg_zum_Sandstrand_Pension_Silo_Zeba_und_Riviera_Insel_Krk_Kroatien.jpg\",\"datePublished\":\"2020-02-28T21:20:57+00:00\",\"dateModified\":\"2025-01-03T10:21:55+00:00\",\"description\":\"In the island place \u0160ilo, having a picturesque position in the Kvarner bay, you can enjoy you holiday only 50 meters apart from the romantic harbour.\",\"breadcrumb\":{\"@id\":\"https:\\\/\\\/pansion-riviera-silo.com\\\/de\\\/ueber-uns\\\/#breadcrumb\"},\"inLanguage\":\"de\",\"potentialAction\":[{\"@type\":\"ReadAction\",\"target\":[\"https:\\\/\\\/pansion-riviera-silo.com\\\/de\\\/ueber-uns\\\/\"]}]},{\"@type\":\"ImageObject\",\"inLanguage\":\"de\",\"@id\":\"https:\\\/\\\/pansion-riviera-silo.com\\\/de\\\/ueber-uns\\\/#primaryimage\",\"url\":\"https:\\\/\\\/pansion-riviera-silo.com\\\/wp-content\\\/uploads\\\/2020\\\/03\\\/Fu\u00dfweg_zum_Sandstrand_Pension_Silo_Zeba_und_Riviera_Insel_Krk_Kroatien.jpg\",\"contentUrl\":\"https:\\\/\\\/pansion-riviera-silo.com\\\/wp-content\\\/uploads\\\/2020\\\/03\\\/Fu\u00dfweg_zum_Sandstrand_Pension_Silo_Zeba_und_Riviera_Insel_Krk_Kroatien.jpg\",\"width\":1500,\"height\":1000},{\"@type\":\"BreadcrumbList\",\"@id\":\"https:\\\/\\\/pansion-riviera-silo.com\\\/de\\\/ueber-uns\\\/#breadcrumb\",\"itemListElement\":[{\"@type\":\"ListItem\",\"position\":1,\"name\":\"Home\",\"item\":\"https:\\\/\\\/pansion-riviera-silo.com\\\/de\\\/\"},{\"@type\":\"ListItem\",\"position\":2,\"name\":\"\u00dcber uns\"}]},{\"@type\":\"WebSite\",\"@id\":\"https:\\\/\\\/pansion-riviera-silo.com\\\/de\\\/#website\",\"url\":\"https:\\\/\\\/pansion-riviera-silo.com\\\/de\\\/\",\"name\":\"Pension Riviera \u0160ilo\",\"description\":\"Pension Riviera \u0160ilo\",\"publisher\":{\"@id\":\"https:\\\/\\\/pansion-riviera-silo.com\\\/de\\\/#organization\"},\"potentialAction\":[{\"@type\":\"SearchAction\",\"target\":{\"@type\":\"EntryPoint\",\"urlTemplate\":\"https:\\\/\\\/pansion-riviera-silo.com\\\/de\\\/?s={search_term_string}\"},\"query-input\":{\"@type\":\"PropertyValueSpecification\",\"valueRequired\":true,\"valueName\":\"search_term_string\"}}],\"inLanguage\":\"de\"},{\"@type\":\"Organization\",\"@id\":\"https:\\\/\\\/pansion-riviera-silo.com\\\/de\\\/#organization\",\"name\":\"Pension Riviera \u0160ilo\",\"url\":\"https:\\\/\\\/pansion-riviera-silo.com\\\/de\\\/\",\"logo\":{\"@type\":\"ImageObject\",\"inLanguage\":\"de\",\"@id\":\"https:\\\/\\\/pansion-riviera-silo.com\\\/de\\\/#\\\/schema\\\/logo\\\/image\\\/\",\"url\":\"https:\\\/\\\/pansion-riviera-silo.com\\\/wp-content\\\/uploads\\\/2020\\\/03\\\/a468c7_babd01d2a3984a3d911e0ace03187d68_mv2.png\",\"contentUrl\":\"https:\\\/\\\/pansion-riviera-silo.com\\\/wp-content\\\/uploads\\\/2020\\\/03\\\/a468c7_babd01d2a3984a3d911e0ace03187d68_mv2.png\",\"width\":86,\"height\":74,\"caption\":\"Pension Riviera \u0160ilo\"},\"image\":{\"@id\":\"https:\\\/\\\/pansion-riviera-silo.com\\\/de\\\/#\\\/schema\\\/logo\\\/image\\\/\"}}]}<\/script>\n<!-- \/ Yoast SEO plugin. -->","yoast_head_json":{"title":"\u00dcber uns - Pension Riviera \u0160ilo","description":"In the island place \u0160ilo, having a picturesque position in the Kvarner bay, you can enjoy you holiday only 50 meters apart from the romantic harbour.","robots":{"index":"index","follow":"follow","max-snippet":"max-snippet:-1","max-image-preview":"max-image-preview:large","max-video-preview":"max-video-preview:-1"},"canonical":"https:\/\/pansion-riviera-silo.com\/de\/ueber-uns\/","og_locale":"de_DE","og_type":"article","og_title":"\u00dcber uns - Pension Riviera \u0160ilo","og_description":"In the island place \u0160ilo, having a picturesque position in the Kvarner bay, you can enjoy you holiday only 50 meters apart from the romantic harbour.","og_url":"https:\/\/pansion-riviera-silo.com\/de\/ueber-uns\/","og_site_name":"Pension Riviera \u0160ilo","article_modified_time":"2025-01-03T10:21:55+00:00","og_image":[{"width":1500,"height":1000,"url":"https:\/\/pansion-riviera-silo.com\/wp-content\/uploads\/2020\/03\/Fu\u00dfweg_zum_Sandstrand_Pension_Silo_Zeba_und_Riviera_Insel_Krk_Kroatien.jpg","type":"image\/jpeg"}],"twitter_card":"summary_large_image","twitter_misc":{"Gesch\u00e4tzte Lesezeit":"2\u00a0Minuten"},"schema":{"@context":"https:\/\/schema.org","@graph":[{"@type":"WebPage","@id":"https:\/\/pansion-riviera-silo.com\/de\/ueber-uns\/","url":"https:\/\/pansion-riviera-silo.com\/de\/ueber-uns\/","name":"\u00dcber uns - Pension Riviera \u0160ilo","isPartOf":{"@id":"https:\/\/pansion-riviera-silo.com\/de\/#website"},"primaryImageOfPage":{"@id":"https:\/\/pansion-riviera-silo.com\/de\/ueber-uns\/#primaryimage"},"image":{"@id":"https:\/\/pansion-riviera-silo.com\/de\/ueber-uns\/#primaryimage"},"thumbnailUrl":"https:\/\/pansion-riviera-silo.com\/wp-content\/uploads\/2020\/03\/Fu\u00dfweg_zum_Sandstrand_Pension_Silo_Zeba_und_Riviera_Insel_Krk_Kroatien.jpg","datePublished":"2020-02-28T21:20:57+00:00","dateModified":"2025-01-03T10:21:55+00:00","description":"In the island place \u0160ilo, having a picturesque position in the Kvarner bay, you can enjoy you holiday only 50 meters apart from the romantic harbour.","breadcrumb":{"@id":"https:\/\/pansion-riviera-silo.com\/de\/ueber-uns\/#breadcrumb"},"inLanguage":"de","potentialAction":[{"@type":"ReadAction","target":["https:\/\/pansion-riviera-silo.com\/de\/ueber-uns\/"]}]},{"@type":"ImageObject","inLanguage":"de","@id":"https:\/\/pansion-riviera-silo.com\/de\/ueber-uns\/#primaryimage","url":"https:\/\/pansion-riviera-silo.com\/wp-content\/uploads\/2020\/03\/Fu\u00dfweg_zum_Sandstrand_Pension_Silo_Zeba_und_Riviera_Insel_Krk_Kroatien.jpg","contentUrl":"https:\/\/pansion-riviera-silo.com\/wp-content\/uploads\/2020\/03\/Fu\u00dfweg_zum_Sandstrand_Pension_Silo_Zeba_und_Riviera_Insel_Krk_Kroatien.jpg","width":1500,"height":1000},{"@type":"BreadcrumbList","@id":"https:\/\/pansion-riviera-silo.com\/de\/ueber-uns\/#breadcrumb","itemListElement":[{"@type":"ListItem","position":1,"name":"Home","item":"https:\/\/pansion-riviera-silo.com\/de\/"},{"@type":"ListItem","position":2,"name":"\u00dcber uns"}]},{"@type":"WebSite","@id":"https:\/\/pansion-riviera-silo.com\/de\/#website","url":"https:\/\/pansion-riviera-silo.com\/de\/","name":"Pension Riviera \u0160ilo","description":"Pension Riviera \u0160ilo","publisher":{"@id":"https:\/\/pansion-riviera-silo.com\/de\/#organization"},"potentialAction":[{"@type":"SearchAction","target":{"@type":"EntryPoint","urlTemplate":"https:\/\/pansion-riviera-silo.com\/de\/?s={search_term_string}"},"query-input":{"@type":"PropertyValueSpecification","valueRequired":true,"valueName":"search_term_string"}}],"inLanguage":"de"},{"@type":"Organization","@id":"https:\/\/pansion-riviera-silo.com\/de\/#organization","name":"Pension Riviera \u0160ilo","url":"https:\/\/pansion-riviera-silo.com\/de\/","logo":{"@type":"ImageObject","inLanguage":"de","@id":"https:\/\/pansion-riviera-silo.com\/de\/#\/schema\/logo\/image\/","url":"https:\/\/pansion-riviera-silo.com\/wp-content\/uploads\/2020\/03\/a468c7_babd01d2a3984a3d911e0ace03187d68_mv2.png","contentUrl":"https:\/\/pansion-riviera-silo.com\/wp-content\/uploads\/2020\/03\/a468c7_babd01d2a3984a3d911e0ace03187d68_mv2.png","width":86,"height":74,"caption":"Pension Riviera \u0160ilo"},"image":{"@id":"https:\/\/pansion-riviera-silo.com\/de\/#\/schema\/logo\/image\/"}}]}},"_links":{"self":[{"href":"https:\/\/pansion-riviera-silo.com\/de\/wp-json\/wp\/v2\/pages\/2579","targetHints":{"allow":["GET"]}}],"collection":[{"href":"https:\/\/pansion-riviera-silo.com\/de\/wp-json\/wp\/v2\/pages"}],"about":[{"href":"https:\/\/pansion-riviera-silo.com\/de\/wp-json\/wp\/v2\/types\/page"}],"author":[{"embeddable":true,"href":"https:\/\/pansion-riviera-silo.com\/de\/wp-json\/wp\/v2\/users\/1"}],"replies":[{"embeddable":true,"href":"https:\/\/pansion-riviera-silo.com\/de\/wp-json\/wp\/v2\/comments?post=2579"}],"version-history":[{"count":0,"href":"https:\/\/pansion-riviera-silo.com\/de\/wp-json\/wp\/v2\/pages\/2579\/revisions"}],"wp:featuredmedia":[{"embeddable":true,"href":"https:\/\/pansion-riviera-silo.com\/de\/wp-json\/wp\/v2\/media\/2760"}],"wp:attachment":[{"href":"https:\/\/pansion-riviera-silo.com\/de\/wp-json\/wp\/v2\/media?parent=2579"}],"curies":[{"name":"wp","href":"https:\/\/api.w.org\/{rel}","templated":true}]}}