{"id":2463,"date":"2020-02-28T12:18:21","date_gmt":"2020-02-28T12:18:21","guid":{"rendered":"https:\/\/pension-zeba.com\/?page_id=2463"},"modified":"2020-03-30T10:46:07","modified_gmt":"2020-03-30T10:46:07","slug":"stornierungsbedingungen","status":"publish","type":"page","link":"https:\/\/pansion-riviera-silo.com\/de\/stornierungsbedingungen\/","title":{"rendered":"Stornierungsbedingungen"},"content":{"rendered":"<p><strong>Stornierungsbedingungen<\/strong><\/p>\n<p>Kostenlose Stornierung bis 30 Tage vor dem Check-in (Uhrzeit in der Best\u00e4tigungs-E-Mail angegeben). Danach k\u00f6nnen G\u00e4ste bis zu 24 Stunden vor dem Check-in stornieren, es werden jedoch 100 \u20ac berechnet.<\/p>\n","protected":false},"excerpt":{"rendered":"<p>Stornierungsbedingungen Kostenlose Stornierung bis 30 Tage vor dem Check-in (Uhrzeit in der Best\u00e4tigungs-E-Mail angegeben). Danach k\u00f6nnen G\u00e4ste bis zu 24 Stunden vor dem Check-in stornieren, es werden jedoch 100 \u20ac berechnet.<\/p>\n","protected":false},"author":1,"featured_media":0,"parent":0,"menu_order":0,"comment_status":"closed","ping_status":"closed","template":"","meta":{"footnotes":""},"class_list":["post-2463","page","type-page","status-publish","hentry"],"yoast_head":"<!-- This site is optimized with the Yoast SEO plugin v27.5 - https:\/\/yoast.com\/product\/yoast-seo-wordpress\/ -->\n<title>Stornierungsbedingungen - Pension Riviera \u0160ilo<\/title>\n<meta name=\"description\" content=\"In the island place \u0160ilo, having a picturesque position in the Kvarner bay, you can enjoy you holiday only 50 meters apart from the romantic harbour.\" \/>\n<meta name=\"robots\" content=\"index, follow, max-snippet:-1, max-image-preview:large, max-video-preview:-1\" \/>\n<link rel=\"canonical\" href=\"https:\/\/pansion-riviera-silo.com\/de\/stornierungsbedingungen\/\" \/>\n<meta property=\"og:locale\" content=\"de_DE\" \/>\n<meta property=\"og:type\" content=\"article\" \/>\n<meta property=\"og:title\" content=\"Stornierungsbedingungen - Pension Riviera \u0160ilo\" \/>\n<meta property=\"og:description\" content=\"In the island place \u0160ilo, having a picturesque position in the Kvarner bay, you can enjoy you holiday only 50 meters apart from the romantic harbour.\" \/>\n<meta property=\"og:url\" content=\"https:\/\/pansion-riviera-silo.com\/de\/stornierungsbedingungen\/\" \/>\n<meta property=\"og:site_name\" content=\"Pension Riviera \u0160ilo\" \/>\n<meta property=\"article:modified_time\" content=\"2020-03-30T10:46:07+00:00\" \/>\n<meta property=\"og:image\" content=\"https:\/\/pansion-riviera-silo.com\/wp-content\/uploads\/2021\/11\/280370702-9.jpg\" \/>\n\t<meta property=\"og:image:width\" content=\"1024\" \/>\n\t<meta property=\"og:image:height\" content=\"683\" \/>\n\t<meta property=\"og:image:type\" content=\"image\/jpeg\" \/>\n<meta name=\"twitter:card\" content=\"summary_large_image\" \/>\n<script type=\"application\/ld+json\" class=\"yoast-schema-graph\">{\"@context\":\"https:\\\/\\\/schema.org\",\"@graph\":[{\"@type\":\"WebPage\",\"@id\":\"https:\\\/\\\/pansion-riviera-silo.com\\\/de\\\/stornierungsbedingungen\\\/\",\"url\":\"https:\\\/\\\/pansion-riviera-silo.com\\\/de\\\/stornierungsbedingungen\\\/\",\"name\":\"Stornierungsbedingungen - Pension Riviera \u0160ilo\",\"isPartOf\":{\"@id\":\"https:\\\/\\\/pansion-riviera-silo.com\\\/de\\\/#website\"},\"datePublished\":\"2020-02-28T12:18:21+00:00\",\"dateModified\":\"2020-03-30T10:46:07+00:00\",\"description\":\"In the island place \u0160ilo, having a picturesque position in the Kvarner bay, you can enjoy you holiday only 50 meters apart from the romantic harbour.\",\"breadcrumb\":{\"@id\":\"https:\\\/\\\/pansion-riviera-silo.com\\\/de\\\/stornierungsbedingungen\\\/#breadcrumb\"},\"inLanguage\":\"de\",\"potentialAction\":[{\"@type\":\"ReadAction\",\"target\":[\"https:\\\/\\\/pansion-riviera-silo.com\\\/de\\\/stornierungsbedingungen\\\/\"]}]},{\"@type\":\"BreadcrumbList\",\"@id\":\"https:\\\/\\\/pansion-riviera-silo.com\\\/de\\\/stornierungsbedingungen\\\/#breadcrumb\",\"itemListElement\":[{\"@type\":\"ListItem\",\"position\":1,\"name\":\"Home\",\"item\":\"https:\\\/\\\/pansion-riviera-silo.com\\\/de\\\/\"},{\"@type\":\"ListItem\",\"position\":2,\"name\":\"Stornierungsbedingungen\"}]},{\"@type\":\"WebSite\",\"@id\":\"https:\\\/\\\/pansion-riviera-silo.com\\\/de\\\/#website\",\"url\":\"https:\\\/\\\/pansion-riviera-silo.com\\\/de\\\/\",\"name\":\"Pension Riviera \u0160ilo\",\"description\":\"Pension Riviera \u0160ilo\",\"publisher\":{\"@id\":\"https:\\\/\\\/pansion-riviera-silo.com\\\/de\\\/#organization\"},\"potentialAction\":[{\"@type\":\"SearchAction\",\"target\":{\"@type\":\"EntryPoint\",\"urlTemplate\":\"https:\\\/\\\/pansion-riviera-silo.com\\\/de\\\/?s={search_term_string}\"},\"query-input\":{\"@type\":\"PropertyValueSpecification\",\"valueRequired\":true,\"valueName\":\"search_term_string\"}}],\"inLanguage\":\"de\"},{\"@type\":\"Organization\",\"@id\":\"https:\\\/\\\/pansion-riviera-silo.com\\\/de\\\/#organization\",\"name\":\"Pension Riviera \u0160ilo\",\"url\":\"https:\\\/\\\/pansion-riviera-silo.com\\\/de\\\/\",\"logo\":{\"@type\":\"ImageObject\",\"inLanguage\":\"de\",\"@id\":\"https:\\\/\\\/pansion-riviera-silo.com\\\/de\\\/#\\\/schema\\\/logo\\\/image\\\/\",\"url\":\"https:\\\/\\\/pansion-riviera-silo.com\\\/wp-content\\\/uploads\\\/2020\\\/03\\\/a468c7_babd01d2a3984a3d911e0ace03187d68_mv2.png\",\"contentUrl\":\"https:\\\/\\\/pansion-riviera-silo.com\\\/wp-content\\\/uploads\\\/2020\\\/03\\\/a468c7_babd01d2a3984a3d911e0ace03187d68_mv2.png\",\"width\":86,\"height\":74,\"caption\":\"Pension Riviera \u0160ilo\"},\"image\":{\"@id\":\"https:\\\/\\\/pansion-riviera-silo.com\\\/de\\\/#\\\/schema\\\/logo\\\/image\\\/\"}}]}<\/script>\n<!-- \/ Yoast SEO plugin. -->","yoast_head_json":{"title":"Stornierungsbedingungen - Pension Riviera \u0160ilo","description":"In the island place \u0160ilo, having a picturesque position in the Kvarner bay, you can enjoy you holiday only 50 meters apart from the romantic harbour.","robots":{"index":"index","follow":"follow","max-snippet":"max-snippet:-1","max-image-preview":"max-image-preview:large","max-video-preview":"max-video-preview:-1"},"canonical":"https:\/\/pansion-riviera-silo.com\/de\/stornierungsbedingungen\/","og_locale":"de_DE","og_type":"article","og_title":"Stornierungsbedingungen - Pension Riviera \u0160ilo","og_description":"In the island place \u0160ilo, having a picturesque position in the Kvarner bay, you can enjoy you holiday only 50 meters apart from the romantic harbour.","og_url":"https:\/\/pansion-riviera-silo.com\/de\/stornierungsbedingungen\/","og_site_name":"Pension Riviera \u0160ilo","article_modified_time":"2020-03-30T10:46:07+00:00","og_image":[{"width":1024,"height":683,"url":"https:\/\/pansion-riviera-silo.com\/wp-content\/uploads\/2021\/11\/280370702-9.jpg","type":"image\/jpeg"}],"twitter_card":"summary_large_image","schema":{"@context":"https:\/\/schema.org","@graph":[{"@type":"WebPage","@id":"https:\/\/pansion-riviera-silo.com\/de\/stornierungsbedingungen\/","url":"https:\/\/pansion-riviera-silo.com\/de\/stornierungsbedingungen\/","name":"Stornierungsbedingungen - Pension Riviera \u0160ilo","isPartOf":{"@id":"https:\/\/pansion-riviera-silo.com\/de\/#website"},"datePublished":"2020-02-28T12:18:21+00:00","dateModified":"2020-03-30T10:46:07+00:00","description":"In the island place \u0160ilo, having a picturesque position in the Kvarner bay, you can enjoy you holiday only 50 meters apart from the romantic harbour.","breadcrumb":{"@id":"https:\/\/pansion-riviera-silo.com\/de\/stornierungsbedingungen\/#breadcrumb"},"inLanguage":"de","potentialAction":[{"@type":"ReadAction","target":["https:\/\/pansion-riviera-silo.com\/de\/stornierungsbedingungen\/"]}]},{"@type":"BreadcrumbList","@id":"https:\/\/pansion-riviera-silo.com\/de\/stornierungsbedingungen\/#breadcrumb","itemListElement":[{"@type":"ListItem","position":1,"name":"Home","item":"https:\/\/pansion-riviera-silo.com\/de\/"},{"@type":"ListItem","position":2,"name":"Stornierungsbedingungen"}]},{"@type":"WebSite","@id":"https:\/\/pansion-riviera-silo.com\/de\/#website","url":"https:\/\/pansion-riviera-silo.com\/de\/","name":"Pension Riviera \u0160ilo","description":"Pension Riviera \u0160ilo","publisher":{"@id":"https:\/\/pansion-riviera-silo.com\/de\/#organization"},"potentialAction":[{"@type":"SearchAction","target":{"@type":"EntryPoint","urlTemplate":"https:\/\/pansion-riviera-silo.com\/de\/?s={search_term_string}"},"query-input":{"@type":"PropertyValueSpecification","valueRequired":true,"valueName":"search_term_string"}}],"inLanguage":"de"},{"@type":"Organization","@id":"https:\/\/pansion-riviera-silo.com\/de\/#organization","name":"Pension Riviera \u0160ilo","url":"https:\/\/pansion-riviera-silo.com\/de\/","logo":{"@type":"ImageObject","inLanguage":"de","@id":"https:\/\/pansion-riviera-silo.com\/de\/#\/schema\/logo\/image\/","url":"https:\/\/pansion-riviera-silo.com\/wp-content\/uploads\/2020\/03\/a468c7_babd01d2a3984a3d911e0ace03187d68_mv2.png","contentUrl":"https:\/\/pansion-riviera-silo.com\/wp-content\/uploads\/2020\/03\/a468c7_babd01d2a3984a3d911e0ace03187d68_mv2.png","width":86,"height":74,"caption":"Pension Riviera \u0160ilo"},"image":{"@id":"https:\/\/pansion-riviera-silo.com\/de\/#\/schema\/logo\/image\/"}}]}},"_links":{"self":[{"href":"https:\/\/pansion-riviera-silo.com\/de\/wp-json\/wp\/v2\/pages\/2463","targetHints":{"allow":["GET"]}}],"collection":[{"href":"https:\/\/pansion-riviera-silo.com\/de\/wp-json\/wp\/v2\/pages"}],"about":[{"href":"https:\/\/pansion-riviera-silo.com\/de\/wp-json\/wp\/v2\/types\/page"}],"author":[{"embeddable":true,"href":"https:\/\/pansion-riviera-silo.com\/de\/wp-json\/wp\/v2\/users\/1"}],"replies":[{"embeddable":true,"href":"https:\/\/pansion-riviera-silo.com\/de\/wp-json\/wp\/v2\/comments?post=2463"}],"version-history":[{"count":0,"href":"https:\/\/pansion-riviera-silo.com\/de\/wp-json\/wp\/v2\/pages\/2463\/revisions"}],"wp:attachment":[{"href":"https:\/\/pansion-riviera-silo.com\/de\/wp-json\/wp\/v2\/media?parent=2463"}],"curies":[{"name":"wp","href":"https:\/\/api.w.org\/{rel}","templated":true}]}}